{"id":6915,"date":"2020-01-24T09:49:20","date_gmt":"2020-01-24T08:49:20","guid":{"rendered":"https:\/\/bokadesign.hr\/dostava-i-nacini-placanja\/"},"modified":"2022-07-07T12:59:35","modified_gmt":"2022-07-07T10:59:35","slug":"liefer-und-zahlungsmethoden","status":"publish","type":"page","link":"https:\/\/bokadesign.hr\/de\/liefer-und-zahlungsmethoden\/","title":{"rendered":"Liefer und Zahlungsmethoden"},"content":{"rendered":"<div style=\"margin-bottom: 35px;\">\n<p>Wir liefern Produkte, die \u00fcber unseren Internet-Shop bestellt wurden, in Zusammenarbeit mit bew\u00e4hrten und professionellen Lieferservices <strong>GLS, DPD, Overseas und DHL<\/strong> weltweit \u201evon T\u00fcr zu T\u00fcr\u201c.<\/p>\n<ol>\n<li><strong> STANDARD PROGRAMM<\/strong><\/li>\n<\/ol>\n<p>F\u00fcr jedes Produkt, das wir auf Lager haben und das keine zus\u00e4tzlichen \u00c4nderungen im Zusammenhang mit der Personalisierung erfordert, wie z. B. das Hinzuf\u00fcgen (Gravieren) des Namens, spezielle Anforderungen f\u00fcr das F\u00e4rben usw., betr\u00e4gt die Lieferzeit des Pakets an den Kurier <strong>1-2 Werktage.<\/strong><\/p>\n<ol start=\"2\">\n<li><strong> PERSONALISIERTES PROGRAMM<\/strong><\/li>\n<\/ol>\n<p>F\u00fcr jedes Produkt, das wir nicht auf Lager haben und \/ oder das zus\u00e4tzliche \u00c4nderungen im Zusammenhang mit der Personalisierung erfordert, wie z. B. das Hinzuf\u00fcgen (Gravieren) des Namens, besondere Anforderungen an das F\u00e4rben usw., betr\u00e4gt die Lieferzeit des Pakets an den Lieferanten <strong>3-10 Werktage.<\/strong><\/p>\n<p><strong>Lieferung an Ihre Adresse:<br \/>\n<\/strong>Kroatien: <strong>1-2 Werktage<\/strong> ab Versand des Pakets<br \/>\nEuropa: <strong>1-7 Werktage<\/strong> ab Versand des Pakets (genauere Informationen finden Sie im Warenkorb)<br \/>\nAndere Kontinente: <strong>14-21 Werktage<\/strong> ab Versand des Pakets<\/p>\n<p>Hinweis: Die Lieferzeit kann je nach Bestimmungsort (einschlie\u00dflich Lieferung an Inseln) variieren.<\/p>\n<p>Die Bestellung der Waren erfolgt durch Ausf\u00fcllen eines elektronischen Formulars. Sie k\u00f6nnen die Dienste des Boka design Internet Store nutzen, ohne sich auf unserer Website zu registrieren. Wir empfehlen jedoch, f\u00fcr eine schnellere und einfachere Nutzung sich doch zu registrieren. W\u00e4hrend der Abrechnung m\u00fcssen die als erforderlich gekennzeichneten Felder ausgef\u00fcllt werden, um eine Bestellung machen zu k\u00f6nnen. Sie k\u00f6nnen die pers\u00f6nlichen Informationen, die Sie beim Erstellen Ihres Kontos und des Kaufvorgangs eingeben, jederzeit \u00fcberpr\u00fcfen oder aktualisieren.<\/p>\n<p>Alle Produktpreise sind in Kuna (HRK), Euro (EUR) und Dollar (USD) angegeben <strong>und gelten nur f\u00fcr Eink\u00e4ufe im Webshop<\/strong>. Boka Design d.o.o. ist nicht im Mehrwertsteuersystem.<\/p>\n<p>Derzeit stehen Ihnen <strong>f\u00fcnf (5) Zahlungsarten<\/strong> zur Verf\u00fcgung:<\/p>\n<ul>\n<li>Zahlung direkt and die Bank &#8211; Zahlung auf das Konto (\u00fcber Mobile Banking, Internet Banking oder Einzahlungsschein)<\/li>\n<li>Sichere Kartenzahlung \u00fcber das Stripe-System (Stripe)\n<ul>\n<li>EINMAL \u2013 mit Visa, Maestro, MasterCard und Diners<\/li>\n<li>IN RATEN (bis zu 6 Raten ohne Zinsen) \u2013 mit Visa, Maestro, MasterCard von Privredna banka d.d. Zagreb<\/li>\n<\/ul>\n<\/li>\n<li>PayPal<\/li>\n<li>KEKS Pay &#8211; \u00fcber das KEKS Pay Zahlungssystem (Android und iOS)<\/li>\n<li>Zahlung nach Annahme der Lieferung (Barzahlung bei Ankunft des Pakets an Ihrer Adresse &#8211; ohne zus\u00e4tzliche Geb\u00fchren direkt beim Kurier) &#8211; nur g\u00fcltig f\u00fcr das Gebiet der Republik Kroatien<\/li>\n<\/ul>\n<p>&nbsp;<\/p>\n<p>SONDERANGEBOT &#8211; Gutschein in H\u00f6he von mehr als 3.000 HRK, 400 EUR oder 500 USD.<br \/>\nWenn der Betrag Ihres Warenkorbs h\u00f6her als der angegebene Betrag ist, senden wir an Ihre E-Mail innerhalb eines Werktages einen GUTSCHEIN mit einem genehmigten Rabatt!<\/p>\n<div class=\"div-footer-payment-card-icons\"><\/div>\n<\/div>\n","protected":false},"excerpt":{"rendered":"<p>Wir liefern Produkte, die \u00fcber unseren Internet-Shop bestellt wurden, in Zusammenarbeit mit bew\u00e4hrten und professionellen Lieferservices GLS, DPD, Overseas und<\/p>\n","protected":false},"author":2,"featured_media":0,"parent":0,"menu_order":0,"comment_status":"closed","ping_status":"closed","template":"","meta":{"footnotes":""},"class_list":["post-6915","page","type-page","status-publish","hentry"],"acf":[],"yoast_head":"<!-- This site is optimized with the Yoast SEO plugin v21.5 - https:\/\/yoast.com\/wordpress\/plugins\/seo\/ -->\n<title>Liefer und Zahlungsmethoden - BOKA design<\/title>\n<meta name=\"robots\" content=\"index, follow, max-snippet:-1, max-image-preview:large, max-video-preview:-1\" \/>\n<link rel=\"canonical\" href=\"https:\/\/bokadesign.hr\/de\/liefer-und-zahlungsmethoden\/\" \/>\n<meta property=\"og:locale\" content=\"de_DE\" \/>\n<meta property=\"og:type\" content=\"article\" \/>\n<meta property=\"og:title\" content=\"Liefer und Zahlungsmethoden - BOKA design\" \/>\n<meta property=\"og:description\" content=\"Wir liefern Produkte, die \u00fcber unseren Internet-Shop bestellt wurden, in Zusammenarbeit mit bew\u00e4hrten und professionellen Lieferservices GLS, DPD, Overseas und\" \/>\n<meta property=\"og:url\" content=\"https:\/\/bokadesign.hr\/de\/liefer-und-zahlungsmethoden\/\" \/>\n<meta property=\"og:site_name\" content=\"BOKA design\" \/>\n<meta property=\"article:publisher\" content=\"https:\/\/www.facebook.com\/BOKA-design-1542571742626063\" \/>\n<meta property=\"article:modified_time\" content=\"2022-07-07T10:59:35+00:00\" \/>\n<meta property=\"og:image\" content=\"https:\/\/bokadesign.hr\/wp-content\/uploads\/2020\/08\/Boka2.png\" \/>\n\t<meta property=\"og:image:width\" content=\"843\" \/>\n\t<meta property=\"og:image:height\" content=\"400\" \/>\n\t<meta property=\"og:image:type\" content=\"image\/png\" \/>\n<meta name=\"twitter:card\" content=\"summary_large_image\" \/>\n<meta name=\"twitter:label1\" content=\"Gesch\u00e4tzte Lesezeit\" \/>\n\t<meta name=\"twitter:data1\" content=\"3\u00a0Minuten\" \/>\n<script type=\"application\/ld+json\" class=\"yoast-schema-graph\">{\"@context\":\"https:\/\/schema.org\",\"@graph\":[{\"@type\":\"WebPage\",\"@id\":\"https:\/\/bokadesign.hr\/de\/liefer-und-zahlungsmethoden\/\",\"url\":\"https:\/\/bokadesign.hr\/de\/liefer-und-zahlungsmethoden\/\",\"name\":\"Liefer und Zahlungsmethoden - BOKA design\",\"isPartOf\":{\"@id\":\"https:\/\/bokadesign.hr\/#website\"},\"datePublished\":\"2020-01-24T08:49:20+00:00\",\"dateModified\":\"2022-07-07T10:59:35+00:00\",\"breadcrumb\":{\"@id\":\"https:\/\/bokadesign.hr\/de\/liefer-und-zahlungsmethoden\/#breadcrumb\"},\"inLanguage\":\"de\",\"potentialAction\":[{\"@type\":\"ReadAction\",\"target\":[\"https:\/\/bokadesign.hr\/de\/liefer-und-zahlungsmethoden\/\"]}]},{\"@type\":\"BreadcrumbList\",\"@id\":\"https:\/\/bokadesign.hr\/de\/liefer-und-zahlungsmethoden\/#breadcrumb\",\"itemListElement\":[{\"@type\":\"ListItem\",\"position\":1,\"name\":\"Po\u010detna stranica\",\"item\":\"https:\/\/bokadesign.hr\/de\/\"},{\"@type\":\"ListItem\",\"position\":2,\"name\":\"Liefer und Zahlungsmethoden\"}]},{\"@type\":\"WebSite\",\"@id\":\"https:\/\/bokadesign.hr\/#website\",\"url\":\"https:\/\/bokadesign.hr\/\",\"name\":\"BOKA design\",\"description\":\"Hand made wood products\",\"publisher\":{\"@id\":\"https:\/\/bokadesign.hr\/#organization\"},\"potentialAction\":[{\"@type\":\"SearchAction\",\"target\":{\"@type\":\"EntryPoint\",\"urlTemplate\":\"https:\/\/bokadesign.hr\/?s={search_term_string}\"},\"query-input\":\"required name=search_term_string\"}],\"inLanguage\":\"de\"},{\"@type\":\"Organization\",\"@id\":\"https:\/\/bokadesign.hr\/#organization\",\"name\":\"BoKa design\",\"url\":\"https:\/\/bokadesign.hr\/\",\"logo\":{\"@type\":\"ImageObject\",\"inLanguage\":\"de\",\"@id\":\"https:\/\/bokadesign.hr\/#\/schema\/logo\/image\/\",\"url\":\"https:\/\/bokadesign.hr\/wp-content\/uploads\/2020\/05\/boka_logo_final2-01.svg\",\"contentUrl\":\"https:\/\/bokadesign.hr\/wp-content\/uploads\/2020\/05\/boka_logo_final2-01.svg\",\"width\":1,\"height\":1,\"caption\":\"BoKa design\"},\"image\":{\"@id\":\"https:\/\/bokadesign.hr\/#\/schema\/logo\/image\/\"},\"sameAs\":[\"https:\/\/www.facebook.com\/BOKA-design-1542571742626063\",\"https:\/\/www.instagram.com\/boka.design_\/\",\"https:\/\/www.linkedin.com\/company\/bokadesign\/\"]}]}<\/script>\n<!-- \/ Yoast SEO plugin. -->","yoast_head_json":{"title":"Liefer und Zahlungsmethoden - BOKA design","robots":{"index":"index","follow":"follow","max-snippet":"max-snippet:-1","max-image-preview":"max-image-preview:large","max-video-preview":"max-video-preview:-1"},"canonical":"https:\/\/bokadesign.hr\/de\/liefer-und-zahlungsmethoden\/","og_locale":"de_DE","og_type":"article","og_title":"Liefer und Zahlungsmethoden - BOKA design","og_description":"Wir liefern Produkte, die \u00fcber unseren Internet-Shop bestellt wurden, in Zusammenarbeit mit bew\u00e4hrten und professionellen Lieferservices GLS, DPD, Overseas und","og_url":"https:\/\/bokadesign.hr\/de\/liefer-und-zahlungsmethoden\/","og_site_name":"BOKA design","article_publisher":"https:\/\/www.facebook.com\/BOKA-design-1542571742626063","article_modified_time":"2022-07-07T10:59:35+00:00","og_image":[{"width":843,"height":400,"url":"https:\/\/bokadesign.hr\/wp-content\/uploads\/2020\/08\/Boka2.png","type":"image\/png"}],"twitter_card":"summary_large_image","twitter_misc":{"Gesch\u00e4tzte Lesezeit":"3\u00a0Minuten"},"schema":{"@context":"https:\/\/schema.org","@graph":[{"@type":"WebPage","@id":"https:\/\/bokadesign.hr\/de\/liefer-und-zahlungsmethoden\/","url":"https:\/\/bokadesign.hr\/de\/liefer-und-zahlungsmethoden\/","name":"Liefer und Zahlungsmethoden - BOKA design","isPartOf":{"@id":"https:\/\/bokadesign.hr\/#website"},"datePublished":"2020-01-24T08:49:20+00:00","dateModified":"2022-07-07T10:59:35+00:00","breadcrumb":{"@id":"https:\/\/bokadesign.hr\/de\/liefer-und-zahlungsmethoden\/#breadcrumb"},"inLanguage":"de","potentialAction":[{"@type":"ReadAction","target":["https:\/\/bokadesign.hr\/de\/liefer-und-zahlungsmethoden\/"]}]},{"@type":"BreadcrumbList","@id":"https:\/\/bokadesign.hr\/de\/liefer-und-zahlungsmethoden\/#breadcrumb","itemListElement":[{"@type":"ListItem","position":1,"name":"Po\u010detna stranica","item":"https:\/\/bokadesign.hr\/de\/"},{"@type":"ListItem","position":2,"name":"Liefer und Zahlungsmethoden"}]},{"@type":"WebSite","@id":"https:\/\/bokadesign.hr\/#website","url":"https:\/\/bokadesign.hr\/","name":"BOKA design","description":"Hand made wood products","publisher":{"@id":"https:\/\/bokadesign.hr\/#organization"},"potentialAction":[{"@type":"SearchAction","target":{"@type":"EntryPoint","urlTemplate":"https:\/\/bokadesign.hr\/?s={search_term_string}"},"query-input":"required name=search_term_string"}],"inLanguage":"de"},{"@type":"Organization","@id":"https:\/\/bokadesign.hr\/#organization","name":"BoKa design","url":"https:\/\/bokadesign.hr\/","logo":{"@type":"ImageObject","inLanguage":"de","@id":"https:\/\/bokadesign.hr\/#\/schema\/logo\/image\/","url":"https:\/\/bokadesign.hr\/wp-content\/uploads\/2020\/05\/boka_logo_final2-01.svg","contentUrl":"https:\/\/bokadesign.hr\/wp-content\/uploads\/2020\/05\/boka_logo_final2-01.svg","width":1,"height":1,"caption":"BoKa design"},"image":{"@id":"https:\/\/bokadesign.hr\/#\/schema\/logo\/image\/"},"sameAs":["https:\/\/www.facebook.com\/BOKA-design-1542571742626063","https:\/\/www.instagram.com\/boka.design_\/","https:\/\/www.linkedin.com\/company\/bokadesign\/"]}]}},"_links":{"self":[{"href":"https:\/\/bokadesign.hr\/de\/wp-json\/wp\/v2\/pages\/6915","targetHints":{"allow":["GET"]}}],"collection":[{"href":"https:\/\/bokadesign.hr\/de\/wp-json\/wp\/v2\/pages"}],"about":[{"href":"https:\/\/bokadesign.hr\/de\/wp-json\/wp\/v2\/types\/page"}],"author":[{"embeddable":true,"href":"https:\/\/bokadesign.hr\/de\/wp-json\/wp\/v2\/users\/2"}],"replies":[{"embeddable":true,"href":"https:\/\/bokadesign.hr\/de\/wp-json\/wp\/v2\/comments?post=6915"}],"version-history":[{"count":0,"href":"https:\/\/bokadesign.hr\/de\/wp-json\/wp\/v2\/pages\/6915\/revisions"}],"wp:attachment":[{"href":"https:\/\/bokadesign.hr\/de\/wp-json\/wp\/v2\/media?parent=6915"}],"curies":[{"name":"wp","href":"https:\/\/api.w.org\/{rel}","templated":true}]}}