{"id":6925,"date":"2020-01-24T09:51:07","date_gmt":"2020-01-24T08:51:07","guid":{"rendered":"https:\/\/bokadesign.hr\/povrat-i-zamjena-robe\/"},"modified":"2021-02-12T16:33:36","modified_gmt":"2021-02-12T15:33:36","slug":"rueckgabe-und-umtausch-von-produkten","status":"publish","type":"page","link":"https:\/\/bokadesign.hr\/de\/rueckgabe-und-umtausch-von-produkten\/","title":{"rendered":"R\u00fcckgabe und Umtausch von Produkten"},"content":{"rendered":"<p><strong>Nach dem Verbraucherschutzgesetz, Artikel 72, kann jeder Verbraucher einen au\u00dferhalb des Betriebsraums abgeschlossenen oder aus der Ferne geschlossenen Vertrag innerhalb von 14 Tagen k\u00fcndigen.<\/strong><\/p><p>Eine R\u00fcckgabe oder ein Umtausch von Produkten ist m\u00f6glich, wenn Sie die Originaletiketten nicht von den bestellten Artikeln entfernt haben und wenn Sie die Originalverpackungen haben, in denen die Artikel geliefert wurden. Bei der R\u00fccksendung an die Produktverpackung darf nichts geklebt oder geschrieben werden, da wir solche Artikel nicht als Ersatz akzeptieren. \u00a0<\/p><p><br>Bestellte Artikel k\u00f6nnen innerhalb von 14 Tagen nach Erhalt des Pakets gegen einen anderen Artikel (oder Artikel) ausgetauscht werden. \u00a0<\/p><p>Wenn Sie m\u00f6chten, k\u00f6nnen wir das bezahlte Geld auch auf Ihr Girokonto zur\u00fcckzahlen (f\u00fcgen Sie bei der R\u00fccksendung des Pakets eine Kopie der Girokontokarte bei). \u00a0<\/p><p>Die Kosten f\u00fcr die Lieferung der R\u00fccksendung des Artikels sowie die Kosten f\u00fcr den Versand eines Ersatzartikels tr\u00e4gt der K\u00e4ufer.<\/p><p><\/p>","protected":false},"excerpt":{"rendered":"<p>Nach dem Verbraucherschutzgesetz, Artikel 72, kann jeder Verbraucher einen au\u00dferhalb des Betriebsraums abgeschlossenen oder aus der Ferne geschlossenen Vertrag innerhalb<\/p>\n","protected":false},"author":2,"featured_media":0,"parent":0,"menu_order":0,"comment_status":"closed","ping_status":"closed","template":"","meta":{"footnotes":""},"class_list":["post-6925","page","type-page","status-publish","hentry"],"acf":[],"yoast_head":"<!-- This site is optimized with the Yoast SEO plugin v21.5 - https:\/\/yoast.com\/wordpress\/plugins\/seo\/ -->\n<title>R\u00fcckgabe und Umtausch von Produkten - BOKA design<\/title>\n<meta name=\"robots\" content=\"index, follow, max-snippet:-1, max-image-preview:large, max-video-preview:-1\" \/>\n<link rel=\"canonical\" href=\"https:\/\/bokadesign.hr\/de\/rueckgabe-und-umtausch-von-produkten\/\" \/>\n<meta property=\"og:locale\" content=\"de_DE\" \/>\n<meta property=\"og:type\" content=\"article\" \/>\n<meta property=\"og:title\" content=\"R\u00fcckgabe und Umtausch von Produkten - BOKA design\" \/>\n<meta property=\"og:description\" content=\"Nach dem Verbraucherschutzgesetz, Artikel 72, kann jeder Verbraucher einen au\u00dferhalb des Betriebsraums abgeschlossenen oder aus der Ferne geschlossenen Vertrag innerhalb\" \/>\n<meta property=\"og:url\" content=\"https:\/\/bokadesign.hr\/de\/rueckgabe-und-umtausch-von-produkten\/\" \/>\n<meta property=\"og:site_name\" content=\"BOKA design\" \/>\n<meta property=\"article:publisher\" content=\"https:\/\/www.facebook.com\/BOKA-design-1542571742626063\" \/>\n<meta property=\"article:modified_time\" content=\"2021-02-12T15:33:36+00:00\" \/>\n<meta property=\"og:image\" content=\"https:\/\/bokadesign.hr\/wp-content\/uploads\/2020\/08\/Boka2.png\" \/>\n\t<meta property=\"og:image:width\" content=\"843\" \/>\n\t<meta property=\"og:image:height\" content=\"400\" \/>\n\t<meta property=\"og:image:type\" content=\"image\/png\" \/>\n<meta name=\"twitter:card\" content=\"summary_large_image\" \/>\n<meta name=\"twitter:label1\" content=\"Gesch\u00e4tzte Lesezeit\" \/>\n\t<meta name=\"twitter:data1\" content=\"1\u00a0Minute\" \/>\n<script type=\"application\/ld+json\" class=\"yoast-schema-graph\">{\"@context\":\"https:\/\/schema.org\",\"@graph\":[{\"@type\":\"WebPage\",\"@id\":\"https:\/\/bokadesign.hr\/de\/rueckgabe-und-umtausch-von-produkten\/\",\"url\":\"https:\/\/bokadesign.hr\/de\/rueckgabe-und-umtausch-von-produkten\/\",\"name\":\"R\u00fcckgabe und Umtausch von Produkten - BOKA design\",\"isPartOf\":{\"@id\":\"https:\/\/bokadesign.hr\/#website\"},\"datePublished\":\"2020-01-24T08:51:07+00:00\",\"dateModified\":\"2021-02-12T15:33:36+00:00\",\"breadcrumb\":{\"@id\":\"https:\/\/bokadesign.hr\/de\/rueckgabe-und-umtausch-von-produkten\/#breadcrumb\"},\"inLanguage\":\"de\",\"potentialAction\":[{\"@type\":\"ReadAction\",\"target\":[\"https:\/\/bokadesign.hr\/de\/rueckgabe-und-umtausch-von-produkten\/\"]}]},{\"@type\":\"BreadcrumbList\",\"@id\":\"https:\/\/bokadesign.hr\/de\/rueckgabe-und-umtausch-von-produkten\/#breadcrumb\",\"itemListElement\":[{\"@type\":\"ListItem\",\"position\":1,\"name\":\"Po\u010detna stranica\",\"item\":\"https:\/\/bokadesign.hr\/de\/\"},{\"@type\":\"ListItem\",\"position\":2,\"name\":\"R\u00fcckgabe und Umtausch von Produkten\"}]},{\"@type\":\"WebSite\",\"@id\":\"https:\/\/bokadesign.hr\/#website\",\"url\":\"https:\/\/bokadesign.hr\/\",\"name\":\"BOKA design\",\"description\":\"Hand made wood products\",\"publisher\":{\"@id\":\"https:\/\/bokadesign.hr\/#organization\"},\"potentialAction\":[{\"@type\":\"SearchAction\",\"target\":{\"@type\":\"EntryPoint\",\"urlTemplate\":\"https:\/\/bokadesign.hr\/?s={search_term_string}\"},\"query-input\":\"required name=search_term_string\"}],\"inLanguage\":\"de\"},{\"@type\":\"Organization\",\"@id\":\"https:\/\/bokadesign.hr\/#organization\",\"name\":\"BoKa design\",\"url\":\"https:\/\/bokadesign.hr\/\",\"logo\":{\"@type\":\"ImageObject\",\"inLanguage\":\"de\",\"@id\":\"https:\/\/bokadesign.hr\/#\/schema\/logo\/image\/\",\"url\":\"https:\/\/bokadesign.hr\/wp-content\/uploads\/2020\/05\/boka_logo_final2-01.svg\",\"contentUrl\":\"https:\/\/bokadesign.hr\/wp-content\/uploads\/2020\/05\/boka_logo_final2-01.svg\",\"width\":1,\"height\":1,\"caption\":\"BoKa design\"},\"image\":{\"@id\":\"https:\/\/bokadesign.hr\/#\/schema\/logo\/image\/\"},\"sameAs\":[\"https:\/\/www.facebook.com\/BOKA-design-1542571742626063\",\"https:\/\/www.instagram.com\/boka.design_\/\",\"https:\/\/www.linkedin.com\/company\/bokadesign\/\"]}]}<\/script>\n<!-- \/ Yoast SEO plugin. -->","yoast_head_json":{"title":"R\u00fcckgabe und Umtausch von Produkten - BOKA design","robots":{"index":"index","follow":"follow","max-snippet":"max-snippet:-1","max-image-preview":"max-image-preview:large","max-video-preview":"max-video-preview:-1"},"canonical":"https:\/\/bokadesign.hr\/de\/rueckgabe-und-umtausch-von-produkten\/","og_locale":"de_DE","og_type":"article","og_title":"R\u00fcckgabe und Umtausch von Produkten - BOKA design","og_description":"Nach dem Verbraucherschutzgesetz, Artikel 72, kann jeder Verbraucher einen au\u00dferhalb des Betriebsraums abgeschlossenen oder aus der Ferne geschlossenen Vertrag innerhalb","og_url":"https:\/\/bokadesign.hr\/de\/rueckgabe-und-umtausch-von-produkten\/","og_site_name":"BOKA design","article_publisher":"https:\/\/www.facebook.com\/BOKA-design-1542571742626063","article_modified_time":"2021-02-12T15:33:36+00:00","og_image":[{"width":843,"height":400,"url":"https:\/\/bokadesign.hr\/wp-content\/uploads\/2020\/08\/Boka2.png","type":"image\/png"}],"twitter_card":"summary_large_image","twitter_misc":{"Gesch\u00e4tzte Lesezeit":"1\u00a0Minute"},"schema":{"@context":"https:\/\/schema.org","@graph":[{"@type":"WebPage","@id":"https:\/\/bokadesign.hr\/de\/rueckgabe-und-umtausch-von-produkten\/","url":"https:\/\/bokadesign.hr\/de\/rueckgabe-und-umtausch-von-produkten\/","name":"R\u00fcckgabe und Umtausch von Produkten - BOKA design","isPartOf":{"@id":"https:\/\/bokadesign.hr\/#website"},"datePublished":"2020-01-24T08:51:07+00:00","dateModified":"2021-02-12T15:33:36+00:00","breadcrumb":{"@id":"https:\/\/bokadesign.hr\/de\/rueckgabe-und-umtausch-von-produkten\/#breadcrumb"},"inLanguage":"de","potentialAction":[{"@type":"ReadAction","target":["https:\/\/bokadesign.hr\/de\/rueckgabe-und-umtausch-von-produkten\/"]}]},{"@type":"BreadcrumbList","@id":"https:\/\/bokadesign.hr\/de\/rueckgabe-und-umtausch-von-produkten\/#breadcrumb","itemListElement":[{"@type":"ListItem","position":1,"name":"Po\u010detna stranica","item":"https:\/\/bokadesign.hr\/de\/"},{"@type":"ListItem","position":2,"name":"R\u00fcckgabe und Umtausch von Produkten"}]},{"@type":"WebSite","@id":"https:\/\/bokadesign.hr\/#website","url":"https:\/\/bokadesign.hr\/","name":"BOKA design","description":"Hand made wood products","publisher":{"@id":"https:\/\/bokadesign.hr\/#organization"},"potentialAction":[{"@type":"SearchAction","target":{"@type":"EntryPoint","urlTemplate":"https:\/\/bokadesign.hr\/?s={search_term_string}"},"query-input":"required name=search_term_string"}],"inLanguage":"de"},{"@type":"Organization","@id":"https:\/\/bokadesign.hr\/#organization","name":"BoKa design","url":"https:\/\/bokadesign.hr\/","logo":{"@type":"ImageObject","inLanguage":"de","@id":"https:\/\/bokadesign.hr\/#\/schema\/logo\/image\/","url":"https:\/\/bokadesign.hr\/wp-content\/uploads\/2020\/05\/boka_logo_final2-01.svg","contentUrl":"https:\/\/bokadesign.hr\/wp-content\/uploads\/2020\/05\/boka_logo_final2-01.svg","width":1,"height":1,"caption":"BoKa design"},"image":{"@id":"https:\/\/bokadesign.hr\/#\/schema\/logo\/image\/"},"sameAs":["https:\/\/www.facebook.com\/BOKA-design-1542571742626063","https:\/\/www.instagram.com\/boka.design_\/","https:\/\/www.linkedin.com\/company\/bokadesign\/"]}]}},"_links":{"self":[{"href":"https:\/\/bokadesign.hr\/de\/wp-json\/wp\/v2\/pages\/6925","targetHints":{"allow":["GET"]}}],"collection":[{"href":"https:\/\/bokadesign.hr\/de\/wp-json\/wp\/v2\/pages"}],"about":[{"href":"https:\/\/bokadesign.hr\/de\/wp-json\/wp\/v2\/types\/page"}],"author":[{"embeddable":true,"href":"https:\/\/bokadesign.hr\/de\/wp-json\/wp\/v2\/users\/2"}],"replies":[{"embeddable":true,"href":"https:\/\/bokadesign.hr\/de\/wp-json\/wp\/v2\/comments?post=6925"}],"version-history":[{"count":0,"href":"https:\/\/bokadesign.hr\/de\/wp-json\/wp\/v2\/pages\/6925\/revisions"}],"wp:attachment":[{"href":"https:\/\/bokadesign.hr\/de\/wp-json\/wp\/v2\/media?parent=6925"}],"curies":[{"name":"wp","href":"https:\/\/api.w.org\/{rel}","templated":true}]}}