{"id":6959,"date":"2020-12-01T14:01:20","date_gmt":"2020-12-01T13:01:20","guid":{"rendered":"https:\/\/bokadesign.hr\/izjava-o-sigurnosti-online-placanja\/"},"modified":"2022-07-07T12:53:40","modified_gmt":"2022-07-07T10:53:40","slug":"izjava-o-sigurnosti-online-placanja","status":"publish","type":"page","link":"https:\/\/bokadesign.hr\/de\/izjava-o-sigurnosti-online-placanja\/","title":{"rendered":"Online-Zahlungssicherheitserkl\u00e4rung"},"content":{"rendered":"<div style=\"margin-bottom: 35px;\">\n<p><strong>Verwenden Sie beim Bezahlen in unserem Webshop Stripe <\/strong>&#8211; ein fortschrittliches System zur sicheren Annahme von Zahlungskarten \u00fcber das Internet.<\/p>\n<p>Das Stripe-System gew\u00e4hrleistet die vollst\u00e4ndige Vertraulichkeit Ihrer Karte und Ihrer pers\u00f6nlichen Daten ab dem Zeitpunkt, an dem Sie sie in das Stripe-Zahlungsformular eingeben. Zahlungsinformationen werden verschl\u00fcsselt von Ihrem Webbrowser an die Bank weitergeleitet, die Ihre Karte ausgestellt hat. Unser Gesch\u00e4ft kommt nie mit vollst\u00e4ndigen Informationen \u00fcber Ihre Zahlungskarte in Kontakt. Au\u00dferdem sind die Daten selbst f\u00fcr Mitarbeiter des Stripe-Systems nicht zug\u00e4nglich. Der isolierte Kern \u00fcbertr\u00e4gt und verwaltet vertrauliche Daten unabh\u00e4ngig und h\u00e4lt sie vollst\u00e4ndig sicher.<\/p>\n<p>Das Formular zur Eingabe von Zahlungsdaten ist mit dem SSL-Transportcode von h\u00f6chster Zuverl\u00e4ssigkeit versehen. Alle gespeicherten Daten werden zus\u00e4tzlich durch Verschl\u00fcsselung mit einem nach dem FIPS 140-2 Level 3-Standard zertifizierten kryptografischen Ger\u00e4t gesch\u00fctzt. Stripe erf\u00fcllt alle Anforderungen in Bezug auf die Sicherheit von Online-Zahlungen, die von f\u00fchrenden Kartenmarken vorgeschrieben werden, d.h. arbeitet gem\u00e4\u00df dem Standard &#8211; PCI DSS Level 1 &#8211; dem h\u00f6chsten Sicherheitsstandard der Zahlungskartenbranche. Wenn Sie mit Karten bezahlen, die im 3-D Secure-Programm enthalten sind, best\u00e4tigt Ihre Bank zus\u00e4tzlich zur G\u00fcltigkeit der Karte selbst Ihre Identit\u00e4t zus\u00e4tzlich mit einem Token oder Passwort.<\/p>\n<p>Stripe betrachtet alle gesammelten Informationen als geheim und behandelt sie entsprechend. Die Informationen werden ausschlie\u00dflich f\u00fcr die Zwecke verwendet, f\u00fcr die sie bestimmt sind. Ihre sensiblen Daten sind absolut sicher und ihre Privatsph\u00e4re wird durch modernste Sicherheitsmechanismen gew\u00e4hrleistet. Es werden nur die Daten erfasst, die zur Ausf\u00fchrung der Arbeiten gem\u00e4\u00df den vorgeschriebenen anspruchsvollen Verfahren f\u00fcr die Online-Zahlung erforderlich sind.<\/p>\n<p>Die auf unsere Infrastruktur angewendeten Sicherheitskontrollen und Betriebsverfahren gew\u00e4hrleisten die aktuelle Zuverl\u00e4ssigkeit des Stripe-Systems. Durch die Aufrechterhaltung einer strengen Zugriffskontrolle, regelm\u00e4\u00dfige Sicherheits\u00fcberwachung und eingehende \u00dcberpr\u00fcfungen zur Vermeidung von Netzwerkschwachstellen sowie die geplante Umsetzung von Bestimmungen zur Informationssicherheit wird die Systemsicherheit durch den Schutz Ihrer Kartendaten dauerhaft aufrechterhalten und verbessert.<\/p>\n<p>Vielen Dank, dass Sie Stripe nutzen!<\/p>\n<p>&nbsp;<\/p>\n<div class=\"div-footer-payment-card-icons\">\n<h3 class=\"widget-title heading-title\">Online-Zahlungssicherheitserkl\u00e4rung<\/h3>\n<div class=\"div-footer-payment-card-icons-inner-page\"><a title=\"Visa - sigurna naplata\" href=\"https:\/\/www.visa.com.hr\/\" target=\"_blank\" rel=\"noopener noreferrer\"><img decoding=\"async\" src=\"\/wp-content\/uploads\/2020\/12\/visa_fc.png\" \/><\/a><a title=\"MasterCard - sigurna naplata\" href=\"https:\/\/www.mastercard.com\/index.html\" target=\"_blank\" rel=\"noopener noreferrer\"><img decoding=\"async\" src=\"\/wp-content\/uploads\/2020\/12\/mc_acc_opt_70_1x.png\" \/><\/a><a title=\"Maestro - sigurna naplata\" href=\"https:\/\/www.mastercard.hr\/hr-hr\/consumers\/find-card-products\/debit-cards\/maestro-debit.html\" target=\"_blank\" rel=\"noopener noreferrer\"><img decoding=\"async\" src=\"\/wp-content\/uploads\/2020\/12\/ms_acc_opt_70_1x.png\" \/><\/a><a title=\"PBZ Card Visa Premium\" href=\"https:\/\/www.pbzcard-premium.hr\/hr\/pogodnosti\/obrocna-otplata\/\" target=\"_blank\" rel=\"noopener noreferrer\"><img decoding=\"async\" src=\"\/wp-content\/uploads\/2020\/12\/VISA-2019-obrocna-otplata-tag-genericki.png\" \/><\/a><a href=\"https:\/\/www.pbzcard.hr\/hr\/sigurnost\/sigurnost-kupnje\/mastercard-securecode\/\" target=\"_blank\" rel=\"noopener noreferrer\"><img decoding=\"async\" src=\"\/wp-content\/uploads\/2020\/12\/mastercard_securecode.gif\" \/><\/a><a href=\"https:\/\/www.pbzcard.hr\/media\/53827\/vbv_hr.html\" target=\"_blank\" rel=\"noopener noreferrer\"><img decoding=\"async\" src=\"\/wp-content\/uploads\/2020\/12\/verified_by_visa.jpg\" \/><\/a><a title=\"Diners\" href=\"https:\/\/www.diners.hr\" target=\"_blank\" rel=\"noopener noreferrer\"><img decoding=\"async\" src=\"\/wp-content\/uploads\/2020\/12\/DCI-Logo-horz.jpg\" \/><\/a><a title=\"Diners-sigurna-kupnja\" href=\"https:\/\/www.diners.hr\/\" target=\"_blank\" rel=\"noopener noreferrer\"><img decoding=\"async\" src=\"\/wp-content\/uploads\/2020\/12\/logo_sigurna-kupnja_2.1.png\" \/><\/a><a title=\"Discover\" href=\"https:\/\/www.discover.com\/\" target=\"_blank\" rel=\"noopener noreferrer\"><img decoding=\"async\" src=\"\/wp-content\/uploads\/2020\/12\/DISCOVER.jpg\" \/><\/a><\/div>\n<\/div>\n<\/div>\n","protected":false},"excerpt":{"rendered":"<p>Verwenden Sie beim Bezahlen in unserem Webshop Stripe &#8211; ein fortschrittliches System zur sicheren Annahme von Zahlungskarten \u00fcber das Internet.<\/p>\n","protected":false},"author":2,"featured_media":0,"parent":0,"menu_order":0,"comment_status":"closed","ping_status":"closed","template":"","meta":{"footnotes":""},"class_list":["post-6959","page","type-page","status-publish","hentry"],"acf":[],"yoast_head":"<!-- This site is optimized with the Yoast SEO plugin v21.5 - https:\/\/yoast.com\/wordpress\/plugins\/seo\/ -->\n<title>Online-Zahlungssicherheitserkl\u00e4rung - BOKA design<\/title>\n<meta name=\"robots\" content=\"index, follow, max-snippet:-1, max-image-preview:large, max-video-preview:-1\" \/>\n<link rel=\"canonical\" href=\"https:\/\/bokadesign.hr\/de\/izjava-o-sigurnosti-online-placanja\/\" \/>\n<meta property=\"og:locale\" content=\"de_DE\" \/>\n<meta property=\"og:type\" content=\"article\" \/>\n<meta property=\"og:title\" content=\"Online-Zahlungssicherheitserkl\u00e4rung - BOKA design\" \/>\n<meta property=\"og:description\" content=\"Verwenden Sie beim Bezahlen in unserem Webshop Stripe &#8211; ein fortschrittliches System zur sicheren Annahme von Zahlungskarten \u00fcber das Internet.\" \/>\n<meta property=\"og:url\" content=\"https:\/\/bokadesign.hr\/de\/izjava-o-sigurnosti-online-placanja\/\" \/>\n<meta property=\"og:site_name\" content=\"BOKA design\" \/>\n<meta property=\"article:publisher\" content=\"https:\/\/www.facebook.com\/BOKA-design-1542571742626063\" \/>\n<meta property=\"article:modified_time\" content=\"2022-07-07T10:53:40+00:00\" \/>\n<meta property=\"og:image\" content=\"https:\/\/bokadesign.hr\/wp-content\/uploads\/2020\/08\/Boka2.png\" \/>\n\t<meta property=\"og:image:width\" content=\"843\" \/>\n\t<meta property=\"og:image:height\" content=\"400\" \/>\n\t<meta property=\"og:image:type\" content=\"image\/png\" \/>\n<meta name=\"twitter:card\" content=\"summary_large_image\" \/>\n<meta name=\"twitter:label1\" content=\"Gesch\u00e4tzte Lesezeit\" \/>\n\t<meta name=\"twitter:data1\" content=\"4\u00a0Minuten\" \/>\n<script type=\"application\/ld+json\" class=\"yoast-schema-graph\">{\"@context\":\"https:\/\/schema.org\",\"@graph\":[{\"@type\":\"WebPage\",\"@id\":\"https:\/\/bokadesign.hr\/de\/izjava-o-sigurnosti-online-placanja\/\",\"url\":\"https:\/\/bokadesign.hr\/de\/izjava-o-sigurnosti-online-placanja\/\",\"name\":\"Online-Zahlungssicherheitserkl\u00e4rung - BOKA design\",\"isPartOf\":{\"@id\":\"https:\/\/bokadesign.hr\/#website\"},\"datePublished\":\"2020-12-01T13:01:20+00:00\",\"dateModified\":\"2022-07-07T10:53:40+00:00\",\"breadcrumb\":{\"@id\":\"https:\/\/bokadesign.hr\/de\/izjava-o-sigurnosti-online-placanja\/#breadcrumb\"},\"inLanguage\":\"de\",\"potentialAction\":[{\"@type\":\"ReadAction\",\"target\":[\"https:\/\/bokadesign.hr\/de\/izjava-o-sigurnosti-online-placanja\/\"]}]},{\"@type\":\"BreadcrumbList\",\"@id\":\"https:\/\/bokadesign.hr\/de\/izjava-o-sigurnosti-online-placanja\/#breadcrumb\",\"itemListElement\":[{\"@type\":\"ListItem\",\"position\":1,\"name\":\"Po\u010detna stranica\",\"item\":\"https:\/\/bokadesign.hr\/de\/\"},{\"@type\":\"ListItem\",\"position\":2,\"name\":\"Online-Zahlungssicherheitserkl\u00e4rung\"}]},{\"@type\":\"WebSite\",\"@id\":\"https:\/\/bokadesign.hr\/#website\",\"url\":\"https:\/\/bokadesign.hr\/\",\"name\":\"BOKA design\",\"description\":\"Hand made wood products\",\"publisher\":{\"@id\":\"https:\/\/bokadesign.hr\/#organization\"},\"potentialAction\":[{\"@type\":\"SearchAction\",\"target\":{\"@type\":\"EntryPoint\",\"urlTemplate\":\"https:\/\/bokadesign.hr\/?s={search_term_string}\"},\"query-input\":\"required name=search_term_string\"}],\"inLanguage\":\"de\"},{\"@type\":\"Organization\",\"@id\":\"https:\/\/bokadesign.hr\/#organization\",\"name\":\"BoKa design\",\"url\":\"https:\/\/bokadesign.hr\/\",\"logo\":{\"@type\":\"ImageObject\",\"inLanguage\":\"de\",\"@id\":\"https:\/\/bokadesign.hr\/#\/schema\/logo\/image\/\",\"url\":\"https:\/\/bokadesign.hr\/wp-content\/uploads\/2020\/05\/boka_logo_final2-01.svg\",\"contentUrl\":\"https:\/\/bokadesign.hr\/wp-content\/uploads\/2020\/05\/boka_logo_final2-01.svg\",\"width\":1,\"height\":1,\"caption\":\"BoKa design\"},\"image\":{\"@id\":\"https:\/\/bokadesign.hr\/#\/schema\/logo\/image\/\"},\"sameAs\":[\"https:\/\/www.facebook.com\/BOKA-design-1542571742626063\",\"https:\/\/www.instagram.com\/boka.design_\/\",\"https:\/\/www.linkedin.com\/company\/bokadesign\/\"]}]}<\/script>\n<!-- \/ Yoast SEO plugin. -->","yoast_head_json":{"title":"Online-Zahlungssicherheitserkl\u00e4rung - BOKA design","robots":{"index":"index","follow":"follow","max-snippet":"max-snippet:-1","max-image-preview":"max-image-preview:large","max-video-preview":"max-video-preview:-1"},"canonical":"https:\/\/bokadesign.hr\/de\/izjava-o-sigurnosti-online-placanja\/","og_locale":"de_DE","og_type":"article","og_title":"Online-Zahlungssicherheitserkl\u00e4rung - BOKA design","og_description":"Verwenden Sie beim Bezahlen in unserem Webshop Stripe &#8211; ein fortschrittliches System zur sicheren Annahme von Zahlungskarten \u00fcber das Internet.","og_url":"https:\/\/bokadesign.hr\/de\/izjava-o-sigurnosti-online-placanja\/","og_site_name":"BOKA design","article_publisher":"https:\/\/www.facebook.com\/BOKA-design-1542571742626063","article_modified_time":"2022-07-07T10:53:40+00:00","og_image":[{"width":843,"height":400,"url":"https:\/\/bokadesign.hr\/wp-content\/uploads\/2020\/08\/Boka2.png","type":"image\/png"}],"twitter_card":"summary_large_image","twitter_misc":{"Gesch\u00e4tzte Lesezeit":"4\u00a0Minuten"},"schema":{"@context":"https:\/\/schema.org","@graph":[{"@type":"WebPage","@id":"https:\/\/bokadesign.hr\/de\/izjava-o-sigurnosti-online-placanja\/","url":"https:\/\/bokadesign.hr\/de\/izjava-o-sigurnosti-online-placanja\/","name":"Online-Zahlungssicherheitserkl\u00e4rung - BOKA design","isPartOf":{"@id":"https:\/\/bokadesign.hr\/#website"},"datePublished":"2020-12-01T13:01:20+00:00","dateModified":"2022-07-07T10:53:40+00:00","breadcrumb":{"@id":"https:\/\/bokadesign.hr\/de\/izjava-o-sigurnosti-online-placanja\/#breadcrumb"},"inLanguage":"de","potentialAction":[{"@type":"ReadAction","target":["https:\/\/bokadesign.hr\/de\/izjava-o-sigurnosti-online-placanja\/"]}]},{"@type":"BreadcrumbList","@id":"https:\/\/bokadesign.hr\/de\/izjava-o-sigurnosti-online-placanja\/#breadcrumb","itemListElement":[{"@type":"ListItem","position":1,"name":"Po\u010detna stranica","item":"https:\/\/bokadesign.hr\/de\/"},{"@type":"ListItem","position":2,"name":"Online-Zahlungssicherheitserkl\u00e4rung"}]},{"@type":"WebSite","@id":"https:\/\/bokadesign.hr\/#website","url":"https:\/\/bokadesign.hr\/","name":"BOKA design","description":"Hand made wood products","publisher":{"@id":"https:\/\/bokadesign.hr\/#organization"},"potentialAction":[{"@type":"SearchAction","target":{"@type":"EntryPoint","urlTemplate":"https:\/\/bokadesign.hr\/?s={search_term_string}"},"query-input":"required name=search_term_string"}],"inLanguage":"de"},{"@type":"Organization","@id":"https:\/\/bokadesign.hr\/#organization","name":"BoKa design","url":"https:\/\/bokadesign.hr\/","logo":{"@type":"ImageObject","inLanguage":"de","@id":"https:\/\/bokadesign.hr\/#\/schema\/logo\/image\/","url":"https:\/\/bokadesign.hr\/wp-content\/uploads\/2020\/05\/boka_logo_final2-01.svg","contentUrl":"https:\/\/bokadesign.hr\/wp-content\/uploads\/2020\/05\/boka_logo_final2-01.svg","width":1,"height":1,"caption":"BoKa design"},"image":{"@id":"https:\/\/bokadesign.hr\/#\/schema\/logo\/image\/"},"sameAs":["https:\/\/www.facebook.com\/BOKA-design-1542571742626063","https:\/\/www.instagram.com\/boka.design_\/","https:\/\/www.linkedin.com\/company\/bokadesign\/"]}]}},"_links":{"self":[{"href":"https:\/\/bokadesign.hr\/de\/wp-json\/wp\/v2\/pages\/6959","targetHints":{"allow":["GET"]}}],"collection":[{"href":"https:\/\/bokadesign.hr\/de\/wp-json\/wp\/v2\/pages"}],"about":[{"href":"https:\/\/bokadesign.hr\/de\/wp-json\/wp\/v2\/types\/page"}],"author":[{"embeddable":true,"href":"https:\/\/bokadesign.hr\/de\/wp-json\/wp\/v2\/users\/2"}],"replies":[{"embeddable":true,"href":"https:\/\/bokadesign.hr\/de\/wp-json\/wp\/v2\/comments?post=6959"}],"version-history":[{"count":0,"href":"https:\/\/bokadesign.hr\/de\/wp-json\/wp\/v2\/pages\/6959\/revisions"}],"wp:attachment":[{"href":"https:\/\/bokadesign.hr\/de\/wp-json\/wp\/v2\/media?parent=6959"}],"curies":[{"name":"wp","href":"https:\/\/api.w.org\/{rel}","templated":true}]}}