{"id":6964,"date":"2020-01-24T10:38:03","date_gmt":"2020-01-24T09:38:03","guid":{"rendered":"https:\/\/bokadesign.hr\/opci-uvjeti-poslovanja\/"},"modified":"2021-02-12T17:02:51","modified_gmt":"2021-02-12T16:02:51","slug":"allgemeine-geschaftsbedingungen","status":"publish","type":"page","link":"https:\/\/bokadesign.hr\/de\/allgemeine-geschaftsbedingungen\/","title":{"rendered":"Allgemeine Gesch\u00e4ftsbedingungen"},"content":{"rendered":"<p><strong>Garantien\nund Ablehnungen<\/strong><strong><\/strong><\/p><p>Boka design wird angemessene Aktionen unternehmen, um genaue und aktuelle Informationen auf seiner Website zu ver\u00f6ffentlichen, \u00fcbernimmt jedoch keine Verantwortung f\u00fcr deren Richtigkeit und Vollst\u00e4ndigkeit und gibt auch kein Recht, diesbez\u00fcglich Widerspruch einzulegen. Boka design haftet nicht f\u00fcr Sch\u00e4den oder Verletzungen (einschlie\u00dflich, aber nicht beschr\u00e4nkt auf Sonder- oder Folgesch\u00e4den), die sich aus der Nutzung oder Unf\u00e4higkeit ergeben, einen Teil der Internetseite oder etwas zu verwenden, das von anderen Benutzern gepostet oder hinzugef\u00fcgt wurde. Boka design und die Lieferanten \u00fcbernehmen keine rechtliche Verantwortung f\u00fcr die Richtigkeit, Vollst\u00e4ndigkeit oder N\u00fctzlichkeit der hier dargestellten Daten, Ger\u00e4te, Produkte oder Verfahren und garantieren nicht, dass die Verwendung von Informationen, Ger\u00e4ten, Produkten oder Verfahren keine privaten Rechte verletzt. Nach EU-Recht haftet der Gewerbetreibende f\u00fcr Verst\u00f6\u00dfe, die innerhalb von mindestens zwei Jahren nach Lieferung der Ware erkennbar werden. Das nationale Recht kann dem Verbraucher zus\u00e4tzliche Rechte einr\u00e4umen. Die Haftung des Gewerbetreibenden f\u00fcr Sachm\u00e4ngel am Produkt ist in den Artikeln 400 &#8211; 429 des Zivilpflichtgesetzes, OG-Nr. 5 \/ 05.41 \/ 08 und 125\/11. In \u00dcbereinstimmung mit Art. 10 ZZP, Boka design Online-Shop erm\u00f6glicht es Ihnen, Ihre schriftlichen Beschwerden im Zusammenhang mit On-line-Shopping an info@bokadesign.hr zu senden.<\/p><p><strong>R\u00fcckgabe\nund Umtausch von Produkten<\/strong><strong><\/strong><\/p><p>Nach dem Verbraucherschutzgesetz, Artikel 72, kann jeder Verbraucher einen au\u00dferhalb des Betriebsraums abgeschlossenen oder aus der Ferne geschlossenen Vertrag innerhalb von 14 Tagen k\u00fcndigen.<\/p><p>Eine R\u00fcckgabe oder\nein Umtausch von Produkten ist m\u00f6glich, wenn Sie die Originaletiketten nicht\nvon den bestellten Artikeln entfernt haben und wenn Sie die\nOriginalverpackungen haben, in denen die Artikel geliefert wurden.<\/p><p>Bei der R\u00fccksendung\nan die Produktverpackung darf nichts geklebt oder geschrieben werden, da wir\nsolche Artikel nicht als Ersatz akzeptieren.<\/p><p>Bestellte Artikel k\u00f6nnen\ninnerhalb von 14 Tagen nach Erhalt des Pakets gegen einen anderen Artikel (oder\nArtikel) ausgetauscht werden.<\/p><p>Wenn Sie m\u00f6chten,\nk\u00f6nnen wir das bezahlte Geld auch auf Ihr Girokonto zur\u00fcckzahlen (f\u00fcgen Sie bei\nder R\u00fccksendung des Pakets eine Kopie der Girokontokarte bei).<\/p><p>Die Kosten f\u00fcr die\nLieferung der R\u00fccksendung des Artikels sowie die Kosten f\u00fcr den Versand eines\nErsatzartikels tr\u00e4gt der K\u00e4ufer.<\/p><p><strong>Datenschutzerkl\u00e4rung\nauf der Boka design-Website<\/strong><strong><\/strong><\/p><p>Wir m\u00f6chten klarstellen, dass Ihre pers\u00f6nlichen Daten beim Besuch dieser Website vertraulich bleiben, es sei denn, Sie m\u00f6chten sie freiwillig weitergeben. Wir verpflichten uns, au\u00dfer zum Zweck der rechtlichen Untersuchung keine anderen dritten Seiten mit den Informationen zu versorgen, die wir erhalten haben. Wenn Sie uns eine E-Mail mit pers\u00f6nlichen Informationen senden, anhand derer Sie entweder per E-Mail mit einer Frage oder einem Kommentar oder durch das Formular, das Sie uns per E-Mail senden, identifiziert werden k\u00f6nnen, verwenden wir diese Informationen, um Ihre Anforderungen zu erf\u00fcllen. Wir k\u00f6nnen Ihre E-Mail an andere Mitarbeiter oder Lieferanten senden, die Ihre Fragen besser beantworten k\u00f6nnen. Personenbezogene Daten k\u00f6nnen zum Zwecke von Marketingaktivit\u00e4ten erhoben werden. Die Weiterverarbeitung personenbezogener Daten zu historischen, statistischen oder wissenschaftlichen Zwecken gilt nicht als inkonsistent, sofern angemessene Schutzma\u00dfnahmen getroffen werden.<\/p><h3 class=\"wp-block-heading\"><strong>Online-Streitbeilegung<\/strong><strong><\/strong><\/h3><p>Mit der EU-Verordnung vom 15. Februar 2016 k\u00f6nnen\nStreitigkeiten im Zusammenhang mit Eink\u00e4ufen \u00fcber einen Webshop in der gesamten\nEU \u00fcber die ODR-Plattform beigelegt werden, auf die Sie hier zugreifen\nk\u00f6nnen.<\/p><p>Wenn Sie beim\nOnline-Kauf innerhalb der EU auf ein Problem sto\u00dfen (defektes Produkt, das\nProdukt nicht zu ersetzen k\u00f6nnen usw.), k\u00f6nnen Sie Ihre Beschwerde schneller\nund einfacher unter dem obigen Link einreichen.<\/p><p>Die Plattform kann\nsowohl von Verbrauchern als auch von H\u00e4ndlern genutzt werden, und Beschwerden\nk\u00f6nnen in jeder der 23 EU-Amtssprachen eingereicht werden.<\/p><p><strong>Anweisungen\nf\u00fcr Geldumwandlung<\/strong><strong><\/strong><\/p><p>Alle Zahlungen erfolgen in kroatischer Kuna. Der Betrag, f\u00fcr den Ihre Kreditkarte belastet wird, wird durch Umrechnung des Preises von Euro (EUR) oder amerikanischer Dollar (USD) in kroatischer Kuna (HRK) gem\u00e4\u00df dem g\u00fcltigen Wechselkurs der kroatischen Nationalbank ermittelt. Beim Aufladen mit Ihrer Kreditkarte wird der gleiche Betrag in Ihre Landesw\u00e4hrung gem\u00e4\u00df der g\u00fcltigen Wechselkursliste des Kartenverbandes umgerechnet. Aufgrund der Preisumrechnung besteht die M\u00f6glichkeit eines kleinen Unterschieds in der Menge gegen\u00fcber dem auf unserer Website angezeigten Originalpreis.<\/p><p><strong>Zollkosten<\/strong><\/p><p>L\u00e4nder au\u00dferhalb der EU k\u00f6nnen Zollgeb\u00fchren unterliegen. Der K\u00e4ufer ist f\u00fcr\ndie Zahlung zus\u00e4tzlicher Zollkosten verantwortlich. Unser Webshop hat keinen\nEinfluss auf m\u00f6gliche zus\u00e4tzliche Kosten und wir k\u00f6nnen m\u00f6gliche zus\u00e4tzliche\nKosten nicht vorhersehen. Informationen zu m\u00f6glichen Zollkosten erhalten Sie\nvom Zollamt.<\/p><p><strong>Produktionserkl\u00e4rung<\/strong><\/p><p>Da Holz ein nat\u00fcrliches Material ist und die Herstellungsmethode\nausschlie\u00dflich von Hand gefertigt wird und jedes Produkt ein Unikat ist, sind\nminimale Unterschiede zwischen den Produkten und den im Gesch\u00e4ft gezeigten\nFotos m\u00f6glich. Wie z.B. Holzringe, Farbt\u00f6ne\u2026<\/p>","protected":false},"excerpt":{"rendered":"<p>Garantien und Ablehnungen Boka design wird angemessene Aktionen unternehmen, um genaue und aktuelle Informationen auf seiner Website zu ver\u00f6ffentlichen, \u00fcbernimmt<\/p>\n","protected":false},"author":2,"featured_media":0,"parent":0,"menu_order":0,"comment_status":"closed","ping_status":"closed","template":"","meta":{"footnotes":""},"class_list":["post-6964","page","type-page","status-publish","hentry"],"acf":[],"yoast_head":"<!-- This site is optimized with the Yoast SEO plugin v21.5 - https:\/\/yoast.com\/wordpress\/plugins\/seo\/ -->\n<title>Allgemeine Gesch\u00e4ftsbedingungen - BOKA design<\/title>\n<meta name=\"robots\" content=\"index, follow, max-snippet:-1, max-image-preview:large, max-video-preview:-1\" \/>\n<link rel=\"canonical\" href=\"https:\/\/bokadesign.hr\/de\/allgemeine-geschaftsbedingungen\/\" \/>\n<meta property=\"og:locale\" content=\"de_DE\" \/>\n<meta property=\"og:type\" content=\"article\" \/>\n<meta property=\"og:title\" content=\"Allgemeine Gesch\u00e4ftsbedingungen - BOKA design\" \/>\n<meta property=\"og:description\" content=\"Garantien und Ablehnungen Boka design wird angemessene Aktionen unternehmen, um genaue und aktuelle Informationen auf seiner Website zu ver\u00f6ffentlichen, \u00fcbernimmt\" \/>\n<meta property=\"og:url\" content=\"https:\/\/bokadesign.hr\/de\/allgemeine-geschaftsbedingungen\/\" \/>\n<meta property=\"og:site_name\" content=\"BOKA design\" \/>\n<meta property=\"article:publisher\" content=\"https:\/\/www.facebook.com\/BOKA-design-1542571742626063\" \/>\n<meta property=\"article:modified_time\" content=\"2021-02-12T16:02:51+00:00\" \/>\n<meta property=\"og:image\" content=\"https:\/\/bokadesign.hr\/wp-content\/uploads\/2020\/08\/Boka2.png\" \/>\n\t<meta property=\"og:image:width\" content=\"843\" \/>\n\t<meta property=\"og:image:height\" content=\"400\" \/>\n\t<meta property=\"og:image:type\" content=\"image\/png\" \/>\n<meta name=\"twitter:card\" content=\"summary_large_image\" \/>\n<meta name=\"twitter:label1\" content=\"Gesch\u00e4tzte Lesezeit\" \/>\n\t<meta name=\"twitter:data1\" content=\"4\u00a0Minuten\" \/>\n<script type=\"application\/ld+json\" class=\"yoast-schema-graph\">{\"@context\":\"https:\/\/schema.org\",\"@graph\":[{\"@type\":\"WebPage\",\"@id\":\"https:\/\/bokadesign.hr\/de\/allgemeine-geschaftsbedingungen\/\",\"url\":\"https:\/\/bokadesign.hr\/de\/allgemeine-geschaftsbedingungen\/\",\"name\":\"Allgemeine Gesch\u00e4ftsbedingungen - BOKA design\",\"isPartOf\":{\"@id\":\"https:\/\/bokadesign.hr\/#website\"},\"datePublished\":\"2020-01-24T09:38:03+00:00\",\"dateModified\":\"2021-02-12T16:02:51+00:00\",\"breadcrumb\":{\"@id\":\"https:\/\/bokadesign.hr\/de\/allgemeine-geschaftsbedingungen\/#breadcrumb\"},\"inLanguage\":\"de\",\"potentialAction\":[{\"@type\":\"ReadAction\",\"target\":[\"https:\/\/bokadesign.hr\/de\/allgemeine-geschaftsbedingungen\/\"]}]},{\"@type\":\"BreadcrumbList\",\"@id\":\"https:\/\/bokadesign.hr\/de\/allgemeine-geschaftsbedingungen\/#breadcrumb\",\"itemListElement\":[{\"@type\":\"ListItem\",\"position\":1,\"name\":\"Po\u010detna stranica\",\"item\":\"https:\/\/bokadesign.hr\/de\/\"},{\"@type\":\"ListItem\",\"position\":2,\"name\":\"Allgemeine Gesch\u00e4ftsbedingungen\"}]},{\"@type\":\"WebSite\",\"@id\":\"https:\/\/bokadesign.hr\/#website\",\"url\":\"https:\/\/bokadesign.hr\/\",\"name\":\"BOKA design\",\"description\":\"Hand made wood products\",\"publisher\":{\"@id\":\"https:\/\/bokadesign.hr\/#organization\"},\"potentialAction\":[{\"@type\":\"SearchAction\",\"target\":{\"@type\":\"EntryPoint\",\"urlTemplate\":\"https:\/\/bokadesign.hr\/?s={search_term_string}\"},\"query-input\":\"required name=search_term_string\"}],\"inLanguage\":\"de\"},{\"@type\":\"Organization\",\"@id\":\"https:\/\/bokadesign.hr\/#organization\",\"name\":\"BoKa design\",\"url\":\"https:\/\/bokadesign.hr\/\",\"logo\":{\"@type\":\"ImageObject\",\"inLanguage\":\"de\",\"@id\":\"https:\/\/bokadesign.hr\/#\/schema\/logo\/image\/\",\"url\":\"https:\/\/bokadesign.hr\/wp-content\/uploads\/2020\/05\/boka_logo_final2-01.svg\",\"contentUrl\":\"https:\/\/bokadesign.hr\/wp-content\/uploads\/2020\/05\/boka_logo_final2-01.svg\",\"width\":1,\"height\":1,\"caption\":\"BoKa design\"},\"image\":{\"@id\":\"https:\/\/bokadesign.hr\/#\/schema\/logo\/image\/\"},\"sameAs\":[\"https:\/\/www.facebook.com\/BOKA-design-1542571742626063\",\"https:\/\/www.instagram.com\/boka.design_\/\",\"https:\/\/www.linkedin.com\/company\/bokadesign\/\"]}]}<\/script>\n<!-- \/ Yoast SEO plugin. -->","yoast_head_json":{"title":"Allgemeine Gesch\u00e4ftsbedingungen - BOKA design","robots":{"index":"index","follow":"follow","max-snippet":"max-snippet:-1","max-image-preview":"max-image-preview:large","max-video-preview":"max-video-preview:-1"},"canonical":"https:\/\/bokadesign.hr\/de\/allgemeine-geschaftsbedingungen\/","og_locale":"de_DE","og_type":"article","og_title":"Allgemeine Gesch\u00e4ftsbedingungen - BOKA design","og_description":"Garantien und Ablehnungen Boka design wird angemessene Aktionen unternehmen, um genaue und aktuelle Informationen auf seiner Website zu ver\u00f6ffentlichen, \u00fcbernimmt","og_url":"https:\/\/bokadesign.hr\/de\/allgemeine-geschaftsbedingungen\/","og_site_name":"BOKA design","article_publisher":"https:\/\/www.facebook.com\/BOKA-design-1542571742626063","article_modified_time":"2021-02-12T16:02:51+00:00","og_image":[{"width":843,"height":400,"url":"https:\/\/bokadesign.hr\/wp-content\/uploads\/2020\/08\/Boka2.png","type":"image\/png"}],"twitter_card":"summary_large_image","twitter_misc":{"Gesch\u00e4tzte Lesezeit":"4\u00a0Minuten"},"schema":{"@context":"https:\/\/schema.org","@graph":[{"@type":"WebPage","@id":"https:\/\/bokadesign.hr\/de\/allgemeine-geschaftsbedingungen\/","url":"https:\/\/bokadesign.hr\/de\/allgemeine-geschaftsbedingungen\/","name":"Allgemeine Gesch\u00e4ftsbedingungen - BOKA design","isPartOf":{"@id":"https:\/\/bokadesign.hr\/#website"},"datePublished":"2020-01-24T09:38:03+00:00","dateModified":"2021-02-12T16:02:51+00:00","breadcrumb":{"@id":"https:\/\/bokadesign.hr\/de\/allgemeine-geschaftsbedingungen\/#breadcrumb"},"inLanguage":"de","potentialAction":[{"@type":"ReadAction","target":["https:\/\/bokadesign.hr\/de\/allgemeine-geschaftsbedingungen\/"]}]},{"@type":"BreadcrumbList","@id":"https:\/\/bokadesign.hr\/de\/allgemeine-geschaftsbedingungen\/#breadcrumb","itemListElement":[{"@type":"ListItem","position":1,"name":"Po\u010detna stranica","item":"https:\/\/bokadesign.hr\/de\/"},{"@type":"ListItem","position":2,"name":"Allgemeine Gesch\u00e4ftsbedingungen"}]},{"@type":"WebSite","@id":"https:\/\/bokadesign.hr\/#website","url":"https:\/\/bokadesign.hr\/","name":"BOKA design","description":"Hand made wood products","publisher":{"@id":"https:\/\/bokadesign.hr\/#organization"},"potentialAction":[{"@type":"SearchAction","target":{"@type":"EntryPoint","urlTemplate":"https:\/\/bokadesign.hr\/?s={search_term_string}"},"query-input":"required name=search_term_string"}],"inLanguage":"de"},{"@type":"Organization","@id":"https:\/\/bokadesign.hr\/#organization","name":"BoKa design","url":"https:\/\/bokadesign.hr\/","logo":{"@type":"ImageObject","inLanguage":"de","@id":"https:\/\/bokadesign.hr\/#\/schema\/logo\/image\/","url":"https:\/\/bokadesign.hr\/wp-content\/uploads\/2020\/05\/boka_logo_final2-01.svg","contentUrl":"https:\/\/bokadesign.hr\/wp-content\/uploads\/2020\/05\/boka_logo_final2-01.svg","width":1,"height":1,"caption":"BoKa design"},"image":{"@id":"https:\/\/bokadesign.hr\/#\/schema\/logo\/image\/"},"sameAs":["https:\/\/www.facebook.com\/BOKA-design-1542571742626063","https:\/\/www.instagram.com\/boka.design_\/","https:\/\/www.linkedin.com\/company\/bokadesign\/"]}]}},"_links":{"self":[{"href":"https:\/\/bokadesign.hr\/de\/wp-json\/wp\/v2\/pages\/6964","targetHints":{"allow":["GET"]}}],"collection":[{"href":"https:\/\/bokadesign.hr\/de\/wp-json\/wp\/v2\/pages"}],"about":[{"href":"https:\/\/bokadesign.hr\/de\/wp-json\/wp\/v2\/types\/page"}],"author":[{"embeddable":true,"href":"https:\/\/bokadesign.hr\/de\/wp-json\/wp\/v2\/users\/2"}],"replies":[{"embeddable":true,"href":"https:\/\/bokadesign.hr\/de\/wp-json\/wp\/v2\/comments?post=6964"}],"version-history":[{"count":0,"href":"https:\/\/bokadesign.hr\/de\/wp-json\/wp\/v2\/pages\/6964\/revisions"}],"wp:attachment":[{"href":"https:\/\/bokadesign.hr\/de\/wp-json\/wp\/v2\/media?parent=6964"}],"curies":[{"name":"wp","href":"https:\/\/api.w.org\/{rel}","templated":true}]}}