{"id":19637,"date":"2022-03-23T18:28:27","date_gmt":"2022-03-23T17:28:28","guid":{"rendered":"https:\/\/bokadesign.hr\/?post_type=product&#038;p=19637"},"modified":"2023-04-12T17:43:48","modified_gmt":"2023-04-12T15:43:48","slug":"geschirrkorb","status":"publish","type":"product","link":"https:\/\/bokadesign.hr\/de\/produkt\/geschirrkorb\/","title":{"rendered":"Geschirrkorb"},"content":{"rendered":"<section class=\"wpb-content-wrapper\"><p>[vc_row][vc_column][vc_column_text text_larger=&#8221;no&#8221;]<strong>Material: <\/strong><br \/>\nGeschirr aus Lindenholz und Edelstahl.<\/p>\n<p><strong>Wiederverwendbarkeit:<\/strong><br \/>\nDas Produkt ist umweltfreundlich und kann recycelt oder zur Energier\u00fcckgewinnung verwendet werden.<\/p>\n<p><strong>Wartungshinweise: <\/strong><br \/>\nMit einem in einem milden Reinigungsmittel getr\u00e4nkten Tuch reinigen. Mit einem trockenen Tuch abwischen.<br \/>\nGeschirr geeignet f\u00fcr Hand- und Maschinenw\u00e4sche.[\/vc_column_text][\/vc_column][\/vc_row]<\/p>\n<\/section>","protected":false},"excerpt":{"rendered":"<p>Der Geschirrkorb hat ein elegantes und luxuri\u00f6ses Aussehen. Es wurde speziell entwickelt und bietet eine gro\u00dfartige Kombination aus Stil, Haltbarkeit und vor allem praktischer Anwendbarkeit f\u00fcr Ihr Haustier. Kein Versch\u00fctten von Wasser mehr &#8211; gro\u00dfartig! Der Geschirrkorb besteht aus hochwertigem FSC-zertifiziertem Holz und ist au\u00dferdem mit einer hochwertigen Lackierung versehen, die mit zwei Schichten Acrylharz auf Wasserbasis absolut umweltfreundlich ist. Die Lieferung erfolgt komplett mit zwei Edelstahlschalen, die zum Waschen einfach abgenommen werden k\u00f6nnen. Der Geschirrkorb wird fertig montiert geliefert.<\/p>\n<p><strong>Produktabmessungen S: <\/strong><br \/>\nStandh\u00f6he: 7 cm<br \/>\nSt\u00e4nderl\u00e4nge: 40 cm<br \/>\nStandbreite: 20 cm<br \/>\nGef\u00e4\u00df 1: 13 cm &#8211; Durchmesser; 0,35 L &#8211; Volumen<br \/>\nGef\u00e4\u00df 2: 16 cm &#8211; Durchmesser; 0,75 L &#8211; Volumen<\/p>\n<p><strong>Produktabmessungen M: <\/strong><br \/>\nStandh\u00f6he: 8 cm<br \/>\nSt\u00e4nderl\u00e4nge: 50 cm<br \/>\nStandbreite: 24 cm<br \/>\nGef\u00e4\u00df 1: 16 cm &#8211; Durchmesser; 0,75 L &#8211; Volumen<br \/>\nGef\u00e4\u00df 2: 21 cm &#8211; Durchmesser; 1,7 L &#8211; Volumen<\/p>\n<p><strong>Produktabmessungen L: <\/strong><br \/>\nStandh\u00f6he: 9 cm<br \/>\nSt\u00e4nderl\u00e4nge: 65 cm<br \/>\nStandbreite: 28 cm<br \/>\nGef\u00e4\u00df 1: 21 cm &#8211; Durchmesser; 1,7 L &#8211; Volumen<br \/>\nGef\u00e4\u00df 2: 25 cm &#8211; Durchmesser; 2,8 L &#8211; Volumen<\/p>\n","protected":false},"featured_media":21532,"comment_status":"open","ping_status":"closed","template":"","meta":[],"product_brand":[],"product_cat":[222],"product_tag":[],"class_list":{"0":"post-19637","1":"product","2":"type-product","3":"status-publish","4":"has-post-thumbnail","6":"product_cat-heimtierbedarf","8":"first","9":"instock","10":"sale","11":"taxable","12":"shipping-taxable","13":"purchasable","14":"product-type-variable"},"acf":[],"yoast_head":"<!-- This site is optimized with the Yoast SEO plugin v21.5 - https:\/\/yoast.com\/wordpress\/plugins\/seo\/ -->\n<title>Geschirrkorb - BOKA design<\/title>\n<meta name=\"robots\" content=\"index, follow, max-snippet:-1, max-image-preview:large, max-video-preview:-1\" \/>\n<link rel=\"canonical\" href=\"https:\/\/bokadesign.hr\/de\/produkt\/geschirrkorb\/\" \/>\n<meta property=\"og:locale\" content=\"de_DE\" \/>\n<meta property=\"og:type\" content=\"article\" \/>\n<meta property=\"og:title\" content=\"Geschirrkorb - BOKA design\" \/>\n<meta property=\"og:description\" content=\"Der Geschirrkorb hat ein elegantes und luxuri\u00f6ses Aussehen. Es wurde speziell entwickelt und bietet eine gro\u00dfartige Kombination aus Stil, Haltbarkeit und vor allem praktischer Anwendbarkeit f\u00fcr Ihr Haustier. Kein Versch\u00fctten von Wasser mehr - gro\u00dfartig! Der Geschirrkorb besteht aus hochwertigem FSC-zertifiziertem Holz und ist au\u00dferdem mit einer hochwertigen Lackierung versehen, die mit zwei Schichten Acrylharz auf Wasserbasis absolut umweltfreundlich ist. Die Lieferung erfolgt komplett mit zwei Edelstahlschalen, die zum Waschen einfach abgenommen werden k\u00f6nnen. Der Geschirrkorb wird fertig montiert geliefert.  Produktabmessungen S:  Standh\u00f6he: 7 cm St\u00e4nderl\u00e4nge: 40 cm Standbreite: 20 cm Gef\u00e4\u00df 1: 13 cm - Durchmesser; 0,35 L - Volumen Gef\u00e4\u00df 2: 16 cm - Durchmesser; 0,75 L - Volumen  Produktabmessungen M:  Standh\u00f6he: 8 cm St\u00e4nderl\u00e4nge: 50 cm Standbreite: 24 cm Gef\u00e4\u00df 1: 16 cm - Durchmesser; 0,75 L - Volumen Gef\u00e4\u00df 2: 21 cm - Durchmesser; 1,7 L - Volumen  Produktabmessungen L:  Standh\u00f6he: 9 cm St\u00e4nderl\u00e4nge: 65 cm Standbreite: 28 cm Gef\u00e4\u00df 1: 21 cm - Durchmesser; 1,7 L - Volumen Gef\u00e4\u00df 2: 25 cm - Durchmesser; 2,8 L - Volumen\" \/>\n<meta property=\"og:url\" content=\"https:\/\/bokadesign.hr\/de\/produkt\/geschirrkorb\/\" \/>\n<meta property=\"og:site_name\" content=\"BOKA design\" \/>\n<meta property=\"article:publisher\" content=\"https:\/\/www.facebook.com\/BOKA-design-1542571742626063\" \/>\n<meta property=\"article:modified_time\" content=\"2023-04-12T15:43:48+00:00\" \/>\n<meta property=\"og:image\" content=\"https:\/\/bokadesign.hr\/wp-content\/uploads\/2022\/03\/h13.jpg\" \/>\n\t<meta property=\"og:image:width\" content=\"600\" \/>\n\t<meta property=\"og:image:height\" content=\"600\" \/>\n\t<meta property=\"og:image:type\" content=\"image\/jpeg\" \/>\n<meta name=\"twitter:card\" content=\"summary_large_image\" \/>\n<meta name=\"twitter:label1\" content=\"Gesch\u00e4tzte Lesezeit\" \/>\n\t<meta name=\"twitter:data1\" content=\"1\u00a0Minute\" \/>\n<script type=\"application\/ld+json\" class=\"yoast-schema-graph\">{\"@context\":\"https:\/\/schema.org\",\"@graph\":[{\"@type\":\"WebPage\",\"@id\":\"https:\/\/bokadesign.hr\/de\/produkt\/geschirrkorb\/\",\"url\":\"https:\/\/bokadesign.hr\/de\/produkt\/geschirrkorb\/\",\"name\":\"Geschirrkorb - BOKA design\",\"isPartOf\":{\"@id\":\"https:\/\/bokadesign.hr\/#website\"},\"datePublished\":\"2022-03-23T17:28:28+00:00\",\"dateModified\":\"2023-04-12T15:43:48+00:00\",\"breadcrumb\":{\"@id\":\"https:\/\/bokadesign.hr\/de\/produkt\/geschirrkorb\/#breadcrumb\"},\"inLanguage\":\"de\",\"potentialAction\":[{\"@type\":\"ReadAction\",\"target\":[\"https:\/\/bokadesign.hr\/de\/produkt\/geschirrkorb\/\"]}]},{\"@type\":\"BreadcrumbList\",\"@id\":\"https:\/\/bokadesign.hr\/de\/produkt\/geschirrkorb\/#breadcrumb\",\"itemListElement\":[{\"@type\":\"ListItem\",\"position\":1,\"name\":\"Po\u010detna stranica\",\"item\":\"https:\/\/bokadesign.hr\/de\/\"},{\"@type\":\"ListItem\",\"position\":2,\"name\":\"Shop\",\"item\":\"https:\/\/bokadesign.hr\/de\/geschaft\/\"},{\"@type\":\"ListItem\",\"position\":3,\"name\":\"Geschirrkorb\"}]},{\"@type\":\"WebSite\",\"@id\":\"https:\/\/bokadesign.hr\/#website\",\"url\":\"https:\/\/bokadesign.hr\/\",\"name\":\"BOKA design\",\"description\":\"Hand made wood products\",\"publisher\":{\"@id\":\"https:\/\/bokadesign.hr\/#organization\"},\"potentialAction\":[{\"@type\":\"SearchAction\",\"target\":{\"@type\":\"EntryPoint\",\"urlTemplate\":\"https:\/\/bokadesign.hr\/?s={search_term_string}\"},\"query-input\":\"required name=search_term_string\"}],\"inLanguage\":\"de\"},{\"@type\":\"Organization\",\"@id\":\"https:\/\/bokadesign.hr\/#organization\",\"name\":\"BoKa design\",\"url\":\"https:\/\/bokadesign.hr\/\",\"logo\":{\"@type\":\"ImageObject\",\"inLanguage\":\"de\",\"@id\":\"https:\/\/bokadesign.hr\/#\/schema\/logo\/image\/\",\"url\":\"https:\/\/bokadesign.hr\/wp-content\/uploads\/2020\/05\/boka_logo_final2-01.svg\",\"contentUrl\":\"https:\/\/bokadesign.hr\/wp-content\/uploads\/2020\/05\/boka_logo_final2-01.svg\",\"width\":1,\"height\":1,\"caption\":\"BoKa design\"},\"image\":{\"@id\":\"https:\/\/bokadesign.hr\/#\/schema\/logo\/image\/\"},\"sameAs\":[\"https:\/\/www.facebook.com\/BOKA-design-1542571742626063\",\"https:\/\/www.instagram.com\/boka.design_\/\",\"https:\/\/www.linkedin.com\/company\/bokadesign\/\"]}]}<\/script>\n<!-- \/ Yoast SEO plugin. -->","yoast_head_json":{"title":"Geschirrkorb - BOKA design","robots":{"index":"index","follow":"follow","max-snippet":"max-snippet:-1","max-image-preview":"max-image-preview:large","max-video-preview":"max-video-preview:-1"},"canonical":"https:\/\/bokadesign.hr\/de\/produkt\/geschirrkorb\/","og_locale":"de_DE","og_type":"article","og_title":"Geschirrkorb - BOKA design","og_description":"Der Geschirrkorb hat ein elegantes und luxuri\u00f6ses Aussehen. Es wurde speziell entwickelt und bietet eine gro\u00dfartige Kombination aus Stil, Haltbarkeit und vor allem praktischer Anwendbarkeit f\u00fcr Ihr Haustier. Kein Versch\u00fctten von Wasser mehr - gro\u00dfartig! Der Geschirrkorb besteht aus hochwertigem FSC-zertifiziertem Holz und ist au\u00dferdem mit einer hochwertigen Lackierung versehen, die mit zwei Schichten Acrylharz auf Wasserbasis absolut umweltfreundlich ist. Die Lieferung erfolgt komplett mit zwei Edelstahlschalen, die zum Waschen einfach abgenommen werden k\u00f6nnen. Der Geschirrkorb wird fertig montiert geliefert.  Produktabmessungen S:  Standh\u00f6he: 7 cm St\u00e4nderl\u00e4nge: 40 cm Standbreite: 20 cm Gef\u00e4\u00df 1: 13 cm - Durchmesser; 0,35 L - Volumen Gef\u00e4\u00df 2: 16 cm - Durchmesser; 0,75 L - Volumen  Produktabmessungen M:  Standh\u00f6he: 8 cm St\u00e4nderl\u00e4nge: 50 cm Standbreite: 24 cm Gef\u00e4\u00df 1: 16 cm - Durchmesser; 0,75 L - Volumen Gef\u00e4\u00df 2: 21 cm - Durchmesser; 1,7 L - Volumen  Produktabmessungen L:  Standh\u00f6he: 9 cm St\u00e4nderl\u00e4nge: 65 cm Standbreite: 28 cm Gef\u00e4\u00df 1: 21 cm - Durchmesser; 1,7 L - Volumen Gef\u00e4\u00df 2: 25 cm - Durchmesser; 2,8 L - Volumen","og_url":"https:\/\/bokadesign.hr\/de\/produkt\/geschirrkorb\/","og_site_name":"BOKA design","article_publisher":"https:\/\/www.facebook.com\/BOKA-design-1542571742626063","article_modified_time":"2023-04-12T15:43:48+00:00","og_image":[{"width":600,"height":600,"url":"https:\/\/bokadesign.hr\/wp-content\/uploads\/2022\/03\/h13.jpg","type":"image\/jpeg"}],"twitter_card":"summary_large_image","twitter_misc":{"Gesch\u00e4tzte Lesezeit":"1\u00a0Minute"},"schema":{"@context":"https:\/\/schema.org","@graph":[{"@type":"WebPage","@id":"https:\/\/bokadesign.hr\/de\/produkt\/geschirrkorb\/","url":"https:\/\/bokadesign.hr\/de\/produkt\/geschirrkorb\/","name":"Geschirrkorb - BOKA design","isPartOf":{"@id":"https:\/\/bokadesign.hr\/#website"},"datePublished":"2022-03-23T17:28:28+00:00","dateModified":"2023-04-12T15:43:48+00:00","breadcrumb":{"@id":"https:\/\/bokadesign.hr\/de\/produkt\/geschirrkorb\/#breadcrumb"},"inLanguage":"de","potentialAction":[{"@type":"ReadAction","target":["https:\/\/bokadesign.hr\/de\/produkt\/geschirrkorb\/"]}]},{"@type":"BreadcrumbList","@id":"https:\/\/bokadesign.hr\/de\/produkt\/geschirrkorb\/#breadcrumb","itemListElement":[{"@type":"ListItem","position":1,"name":"Po\u010detna stranica","item":"https:\/\/bokadesign.hr\/de\/"},{"@type":"ListItem","position":2,"name":"Shop","item":"https:\/\/bokadesign.hr\/de\/geschaft\/"},{"@type":"ListItem","position":3,"name":"Geschirrkorb"}]},{"@type":"WebSite","@id":"https:\/\/bokadesign.hr\/#website","url":"https:\/\/bokadesign.hr\/","name":"BOKA design","description":"Hand made wood products","publisher":{"@id":"https:\/\/bokadesign.hr\/#organization"},"potentialAction":[{"@type":"SearchAction","target":{"@type":"EntryPoint","urlTemplate":"https:\/\/bokadesign.hr\/?s={search_term_string}"},"query-input":"required name=search_term_string"}],"inLanguage":"de"},{"@type":"Organization","@id":"https:\/\/bokadesign.hr\/#organization","name":"BoKa design","url":"https:\/\/bokadesign.hr\/","logo":{"@type":"ImageObject","inLanguage":"de","@id":"https:\/\/bokadesign.hr\/#\/schema\/logo\/image\/","url":"https:\/\/bokadesign.hr\/wp-content\/uploads\/2020\/05\/boka_logo_final2-01.svg","contentUrl":"https:\/\/bokadesign.hr\/wp-content\/uploads\/2020\/05\/boka_logo_final2-01.svg","width":1,"height":1,"caption":"BoKa design"},"image":{"@id":"https:\/\/bokadesign.hr\/#\/schema\/logo\/image\/"},"sameAs":["https:\/\/www.facebook.com\/BOKA-design-1542571742626063","https:\/\/www.instagram.com\/boka.design_\/","https:\/\/www.linkedin.com\/company\/bokadesign\/"]}]}},"_links":{"self":[{"href":"https:\/\/bokadesign.hr\/de\/wp-json\/wp\/v2\/product\/19637","targetHints":{"allow":["GET"]}}],"collection":[{"href":"https:\/\/bokadesign.hr\/de\/wp-json\/wp\/v2\/product"}],"about":[{"href":"https:\/\/bokadesign.hr\/de\/wp-json\/wp\/v2\/types\/product"}],"replies":[{"embeddable":true,"href":"https:\/\/bokadesign.hr\/de\/wp-json\/wp\/v2\/comments?post=19637"}],"wp:featuredmedia":[{"embeddable":true,"href":"https:\/\/bokadesign.hr\/de\/wp-json\/wp\/v2\/media\/21532"}],"wp:attachment":[{"href":"https:\/\/bokadesign.hr\/de\/wp-json\/wp\/v2\/media?parent=19637"}],"wp:term":[{"taxonomy":"product_brand","embeddable":true,"href":"https:\/\/bokadesign.hr\/de\/wp-json\/wp\/v2\/product_brand?post=19637"},{"taxonomy":"product_cat","embeddable":true,"href":"https:\/\/bokadesign.hr\/de\/wp-json\/wp\/v2\/product_cat?post=19637"},{"taxonomy":"product_tag","embeddable":true,"href":"https:\/\/bokadesign.hr\/de\/wp-json\/wp\/v2\/product_tag?post=19637"}],"curies":[{"name":"wp","href":"https:\/\/api.w.org\/{rel}","templated":true}]}}