{"id":19707,"date":"2022-03-23T21:38:35","date_gmt":"2022-03-23T20:38:36","guid":{"rendered":"https:\/\/bokadesign.hr\/?post_type=product&#038;p=19707"},"modified":"2023-04-12T17:43:09","modified_gmt":"2023-04-12T15:43:09","slug":"knochen-2","status":"publish","type":"product","link":"https:\/\/bokadesign.hr\/de\/produkt\/knochen-2\/","title":{"rendered":"Knochen"},"content":{"rendered":"<section class=\"wpb-content-wrapper\"><p>[vc_row][vc_column][vc_column_text text_larger=&#8221;no&#8221;]<strong>Material: <\/strong><br \/>\nLindenholz.<\/p>\n<p><strong>Wiederverwendbarkeit:<\/strong><br \/>\nDas Produkt ist umweltfreundlich und kann recycelt oder zur Energier\u00fcckgewinnung verwendet werden.<\/p>\n<p><strong>Wartungshinweise: <\/strong><br \/>\nMit einem in einem milden Reinigungsmittel getr\u00e4nkten Tuch reinigen.<br \/>\nMit einem trockenen Tuch abwischen.[\/vc_column_text][\/vc_column][\/vc_row]<\/p>\n<\/section>","protected":false},"excerpt":{"rendered":"<p>Einfach eine niedliche Dekoration f\u00fcr Ihr Hundebett, die Ihr Zimmer noch attraktiver macht. Das Gravieren des Namens Ihres Hundes ist v\u00f6llig kostenlos \u2013 kann es noch besser werden? Der Knochen kann ganz einfach mit den H\u00e4nden auf die Bettr\u00fcckseite gelegt werden. Sie nehmen also den bereits vorhandenen Knochen ab (ziehen Sie Ihre Hand nach oben) und platzieren den neuen an derselben Stelle. Kein Kleber erforderlich. F\u00fcr alle drei Hundebettgr\u00f6\u00dfen wird das gleiche Knochenmodell verwendet. Das Produkt ist absolut umweltfreundlich mit zwei Lackschichten auf Basis von hochwertigem Acrylharz auf Wasserbasis.<\/p>\n<p><strong>Knochenma\u00dfe f\u00fcr S-, M- und L-Betten: <\/strong><br \/>\nH\u00f6he: 8 cm<br \/>\nBreite: 20 cm<br \/>\nMaterialst\u00e4rke: 2 cm<\/p>\n","protected":false},"featured_media":21392,"comment_status":"open","ping_status":"closed","template":"","meta":[],"product_brand":[],"product_cat":[222],"product_tag":[],"class_list":{"0":"post-19707","1":"product","2":"type-product","3":"status-publish","4":"has-post-thumbnail","6":"product_cat-heimtierbedarf","8":"first","9":"instock","10":"sale","11":"featured","12":"taxable","13":"shipping-taxable","14":"purchasable","15":"product-type-simple"},"acf":[],"yoast_head":"<!-- This site is optimized with the Yoast SEO plugin v21.5 - https:\/\/yoast.com\/wordpress\/plugins\/seo\/ -->\n<title>Knochen - BOKA design<\/title>\n<meta name=\"robots\" content=\"index, follow, max-snippet:-1, max-image-preview:large, max-video-preview:-1\" \/>\n<link rel=\"canonical\" href=\"https:\/\/bokadesign.hr\/de\/produkt\/knochen-2\/\" \/>\n<meta property=\"og:locale\" content=\"de_DE\" \/>\n<meta property=\"og:type\" content=\"article\" \/>\n<meta property=\"og:title\" content=\"Knochen - BOKA design\" \/>\n<meta property=\"og:description\" content=\"Einfach eine niedliche Dekoration f\u00fcr Ihr Hundebett, die Ihr Zimmer noch attraktiver macht. Das Gravieren des Namens Ihres Hundes ist v\u00f6llig kostenlos \u2013 kann es noch besser werden? Der Knochen kann ganz einfach mit den H\u00e4nden auf die Bettr\u00fcckseite gelegt werden. Sie nehmen also den bereits vorhandenen Knochen ab (ziehen Sie Ihre Hand nach oben) und platzieren den neuen an derselben Stelle. Kein Kleber erforderlich. F\u00fcr alle drei Hundebettgr\u00f6\u00dfen wird das gleiche Knochenmodell verwendet. Das Produkt ist absolut umweltfreundlich mit zwei Lackschichten auf Basis von hochwertigem Acrylharz auf Wasserbasis.  Knochenma\u00dfe f\u00fcr S-, M- und L-Betten:  H\u00f6he: 8 cm Breite: 20 cm Materialst\u00e4rke: 2 cm\" \/>\n<meta property=\"og:url\" content=\"https:\/\/bokadesign.hr\/de\/produkt\/knochen-2\/\" \/>\n<meta property=\"og:site_name\" content=\"BOKA design\" \/>\n<meta property=\"article:publisher\" content=\"https:\/\/www.facebook.com\/BOKA-design-1542571742626063\" \/>\n<meta property=\"article:modified_time\" content=\"2023-04-12T15:43:09+00:00\" \/>\n<meta property=\"og:image\" content=\"https:\/\/bokadesign.hr\/wp-content\/uploads\/2022\/03\/b18.jpg\" \/>\n\t<meta property=\"og:image:width\" content=\"600\" \/>\n\t<meta property=\"og:image:height\" content=\"600\" \/>\n\t<meta property=\"og:image:type\" content=\"image\/jpeg\" \/>\n<meta name=\"twitter:card\" content=\"summary_large_image\" \/>\n<meta name=\"twitter:label1\" content=\"Gesch\u00e4tzte Lesezeit\" \/>\n\t<meta name=\"twitter:data1\" content=\"1\u00a0Minute\" \/>\n<script type=\"application\/ld+json\" class=\"yoast-schema-graph\">{\"@context\":\"https:\/\/schema.org\",\"@graph\":[{\"@type\":\"WebPage\",\"@id\":\"https:\/\/bokadesign.hr\/de\/produkt\/knochen-2\/\",\"url\":\"https:\/\/bokadesign.hr\/de\/produkt\/knochen-2\/\",\"name\":\"Knochen - BOKA design\",\"isPartOf\":{\"@id\":\"https:\/\/bokadesign.hr\/#website\"},\"datePublished\":\"2022-03-23T20:38:36+00:00\",\"dateModified\":\"2023-04-12T15:43:09+00:00\",\"breadcrumb\":{\"@id\":\"https:\/\/bokadesign.hr\/de\/produkt\/knochen-2\/#breadcrumb\"},\"inLanguage\":\"de\",\"potentialAction\":[{\"@type\":\"ReadAction\",\"target\":[\"https:\/\/bokadesign.hr\/de\/produkt\/knochen-2\/\"]}]},{\"@type\":\"BreadcrumbList\",\"@id\":\"https:\/\/bokadesign.hr\/de\/produkt\/knochen-2\/#breadcrumb\",\"itemListElement\":[{\"@type\":\"ListItem\",\"position\":1,\"name\":\"Po\u010detna stranica\",\"item\":\"https:\/\/bokadesign.hr\/de\/\"},{\"@type\":\"ListItem\",\"position\":2,\"name\":\"Shop\",\"item\":\"https:\/\/bokadesign.hr\/de\/geschaft\/\"},{\"@type\":\"ListItem\",\"position\":3,\"name\":\"Knochen\"}]},{\"@type\":\"WebSite\",\"@id\":\"https:\/\/bokadesign.hr\/#website\",\"url\":\"https:\/\/bokadesign.hr\/\",\"name\":\"BOKA design\",\"description\":\"Hand made wood products\",\"publisher\":{\"@id\":\"https:\/\/bokadesign.hr\/#organization\"},\"potentialAction\":[{\"@type\":\"SearchAction\",\"target\":{\"@type\":\"EntryPoint\",\"urlTemplate\":\"https:\/\/bokadesign.hr\/?s={search_term_string}\"},\"query-input\":\"required name=search_term_string\"}],\"inLanguage\":\"de\"},{\"@type\":\"Organization\",\"@id\":\"https:\/\/bokadesign.hr\/#organization\",\"name\":\"BoKa design\",\"url\":\"https:\/\/bokadesign.hr\/\",\"logo\":{\"@type\":\"ImageObject\",\"inLanguage\":\"de\",\"@id\":\"https:\/\/bokadesign.hr\/#\/schema\/logo\/image\/\",\"url\":\"https:\/\/bokadesign.hr\/wp-content\/uploads\/2020\/05\/boka_logo_final2-01.svg\",\"contentUrl\":\"https:\/\/bokadesign.hr\/wp-content\/uploads\/2020\/05\/boka_logo_final2-01.svg\",\"width\":1,\"height\":1,\"caption\":\"BoKa design\"},\"image\":{\"@id\":\"https:\/\/bokadesign.hr\/#\/schema\/logo\/image\/\"},\"sameAs\":[\"https:\/\/www.facebook.com\/BOKA-design-1542571742626063\",\"https:\/\/www.instagram.com\/boka.design_\/\",\"https:\/\/www.linkedin.com\/company\/bokadesign\/\"]}]}<\/script>\n<!-- \/ Yoast SEO plugin. -->","yoast_head_json":{"title":"Knochen - BOKA design","robots":{"index":"index","follow":"follow","max-snippet":"max-snippet:-1","max-image-preview":"max-image-preview:large","max-video-preview":"max-video-preview:-1"},"canonical":"https:\/\/bokadesign.hr\/de\/produkt\/knochen-2\/","og_locale":"de_DE","og_type":"article","og_title":"Knochen - BOKA design","og_description":"Einfach eine niedliche Dekoration f\u00fcr Ihr Hundebett, die Ihr Zimmer noch attraktiver macht. Das Gravieren des Namens Ihres Hundes ist v\u00f6llig kostenlos \u2013 kann es noch besser werden? Der Knochen kann ganz einfach mit den H\u00e4nden auf die Bettr\u00fcckseite gelegt werden. Sie nehmen also den bereits vorhandenen Knochen ab (ziehen Sie Ihre Hand nach oben) und platzieren den neuen an derselben Stelle. Kein Kleber erforderlich. F\u00fcr alle drei Hundebettgr\u00f6\u00dfen wird das gleiche Knochenmodell verwendet. Das Produkt ist absolut umweltfreundlich mit zwei Lackschichten auf Basis von hochwertigem Acrylharz auf Wasserbasis.  Knochenma\u00dfe f\u00fcr S-, M- und L-Betten:  H\u00f6he: 8 cm Breite: 20 cm Materialst\u00e4rke: 2 cm","og_url":"https:\/\/bokadesign.hr\/de\/produkt\/knochen-2\/","og_site_name":"BOKA design","article_publisher":"https:\/\/www.facebook.com\/BOKA-design-1542571742626063","article_modified_time":"2023-04-12T15:43:09+00:00","og_image":[{"width":600,"height":600,"url":"https:\/\/bokadesign.hr\/wp-content\/uploads\/2022\/03\/b18.jpg","type":"image\/jpeg"}],"twitter_card":"summary_large_image","twitter_misc":{"Gesch\u00e4tzte Lesezeit":"1\u00a0Minute"},"schema":{"@context":"https:\/\/schema.org","@graph":[{"@type":"WebPage","@id":"https:\/\/bokadesign.hr\/de\/produkt\/knochen-2\/","url":"https:\/\/bokadesign.hr\/de\/produkt\/knochen-2\/","name":"Knochen - BOKA design","isPartOf":{"@id":"https:\/\/bokadesign.hr\/#website"},"datePublished":"2022-03-23T20:38:36+00:00","dateModified":"2023-04-12T15:43:09+00:00","breadcrumb":{"@id":"https:\/\/bokadesign.hr\/de\/produkt\/knochen-2\/#breadcrumb"},"inLanguage":"de","potentialAction":[{"@type":"ReadAction","target":["https:\/\/bokadesign.hr\/de\/produkt\/knochen-2\/"]}]},{"@type":"BreadcrumbList","@id":"https:\/\/bokadesign.hr\/de\/produkt\/knochen-2\/#breadcrumb","itemListElement":[{"@type":"ListItem","position":1,"name":"Po\u010detna stranica","item":"https:\/\/bokadesign.hr\/de\/"},{"@type":"ListItem","position":2,"name":"Shop","item":"https:\/\/bokadesign.hr\/de\/geschaft\/"},{"@type":"ListItem","position":3,"name":"Knochen"}]},{"@type":"WebSite","@id":"https:\/\/bokadesign.hr\/#website","url":"https:\/\/bokadesign.hr\/","name":"BOKA design","description":"Hand made wood products","publisher":{"@id":"https:\/\/bokadesign.hr\/#organization"},"potentialAction":[{"@type":"SearchAction","target":{"@type":"EntryPoint","urlTemplate":"https:\/\/bokadesign.hr\/?s={search_term_string}"},"query-input":"required name=search_term_string"}],"inLanguage":"de"},{"@type":"Organization","@id":"https:\/\/bokadesign.hr\/#organization","name":"BoKa design","url":"https:\/\/bokadesign.hr\/","logo":{"@type":"ImageObject","inLanguage":"de","@id":"https:\/\/bokadesign.hr\/#\/schema\/logo\/image\/","url":"https:\/\/bokadesign.hr\/wp-content\/uploads\/2020\/05\/boka_logo_final2-01.svg","contentUrl":"https:\/\/bokadesign.hr\/wp-content\/uploads\/2020\/05\/boka_logo_final2-01.svg","width":1,"height":1,"caption":"BoKa design"},"image":{"@id":"https:\/\/bokadesign.hr\/#\/schema\/logo\/image\/"},"sameAs":["https:\/\/www.facebook.com\/BOKA-design-1542571742626063","https:\/\/www.instagram.com\/boka.design_\/","https:\/\/www.linkedin.com\/company\/bokadesign\/"]}]}},"_links":{"self":[{"href":"https:\/\/bokadesign.hr\/de\/wp-json\/wp\/v2\/product\/19707","targetHints":{"allow":["GET"]}}],"collection":[{"href":"https:\/\/bokadesign.hr\/de\/wp-json\/wp\/v2\/product"}],"about":[{"href":"https:\/\/bokadesign.hr\/de\/wp-json\/wp\/v2\/types\/product"}],"replies":[{"embeddable":true,"href":"https:\/\/bokadesign.hr\/de\/wp-json\/wp\/v2\/comments?post=19707"}],"wp:featuredmedia":[{"embeddable":true,"href":"https:\/\/bokadesign.hr\/de\/wp-json\/wp\/v2\/media\/21392"}],"wp:attachment":[{"href":"https:\/\/bokadesign.hr\/de\/wp-json\/wp\/v2\/media?parent=19707"}],"wp:term":[{"taxonomy":"product_brand","embeddable":true,"href":"https:\/\/bokadesign.hr\/de\/wp-json\/wp\/v2\/product_brand?post=19707"},{"taxonomy":"product_cat","embeddable":true,"href":"https:\/\/bokadesign.hr\/de\/wp-json\/wp\/v2\/product_cat?post=19707"},{"taxonomy":"product_tag","embeddable":true,"href":"https:\/\/bokadesign.hr\/de\/wp-json\/wp\/v2\/product_tag?post=19707"}],"curies":[{"name":"wp","href":"https:\/\/api.w.org\/{rel}","templated":true}]}}