{"id":19727,"date":"2022-03-23T23:17:05","date_gmt":"2022-03-23T22:17:06","guid":{"rendered":"https:\/\/bokadesign.hr\/?post_type=product&#038;p=19727"},"modified":"2025-02-17T22:43:31","modified_gmt":"2025-02-17T21:43:31","slug":"abdeckung","status":"publish","type":"product","link":"https:\/\/bokadesign.hr\/de\/produkt\/abdeckung\/","title":{"rendered":"Abdeckung"},"content":{"rendered":"<section class=\"wpb-content-wrapper\"><p>[vc_row][vc_column][vc_column_text text_larger=&#8221;no&#8221;]<strong>Material: <\/strong><br \/>\nStoff und Schwamm.<\/p>\n<p><strong>Wiederverwendbarkeit:<\/strong><br \/>\nDas Produkt ist umweltfreundlich und kann recycelt oder zur Energier\u00fcckgewinnung verwendet werden.<\/p>\n<p><strong>Wartungshinweise: <\/strong><br \/>\nUm unangenehme Ger\u00fcche zu vermeiden und die Matratze optimal aussehen zu lassen, sollten Sie den Bezug regelm\u00e4\u00dfig bei bis zu 40\u00b0C waschen, wobei zu beachten ist, dass der Rei\u00dfverschluss (Patent) geschlossen ist. Befolgen Sie unbedingt die Anweisungen des Stoffherstellers, um Probleme mit Verf\u00e4rbungen oder m\u00f6glichem Einlaufen zu vermeiden. B\u00fcgeln bei niedrigeren Temperaturen erlaubt. Stellen Sie au\u00dferdem sicher, dass der Bezug vollst\u00e4ndig trocken ist, bevor Sie ihn wieder auf das Bett legen.[\/vc_column_text][\/vc_column][\/vc_row]<\/p>\n<\/section>","protected":false},"excerpt":{"rendered":"<p>Der Schwammbezug (Matratze) ist ideal als Ersatz, w\u00e4hrend der andere Bezug zum Waschen und Trocknen dient. In diesem Fall wird Ihr bester Freund ununterbrochen ein tolles Aussehen Ihrer Matratze und einen frischen, stilvollen Ausdruck des Bettes in Ihrem Zuhause haben. Der Bezug hat einen Rei\u00dfverschluss (Patent), der es Ihnen erleichtert, ihn von der Matratze abzunehmen oder auf die Matratze zu legen. Der Bezug hat in seiner Zusammensetzung einen hohen Anteil an Baumwolle. Die Lieferung ist auch komplett mit einer Matratze m\u00f6glich, die mit einem wasserdichten Bezug bedeckt ist &#8211; gegen Schimmel, der langfristige Hygiene und antibakteriellen Schutz garantiert, aber nur nach Ihrer Wahl.<\/p>\n<p><strong>Ma\u00dfe Bezug und Matratze S: <\/strong><br \/>\nH\u00f6he: 8 cm<br \/>\nL\u00e4nge: 55 cm<br \/>\nBreite: 35 cm<\/p>\n<p><strong>Ma\u00dfe Bezug und Matratze M:<\/strong><br \/>\nH\u00f6he: 10 cm<br \/>\nL\u00e4nge: 70 cm<br \/>\nBreite: 45 cm<\/p>\n<p><strong>Ma\u00dfe Bezug und Matratze L: <\/strong><br \/>\nH\u00f6he: 10 cm<br \/>\nL\u00e4nge: 90 cm<br \/>\nBreite: 60 cm<\/p>\n<p><strong>Ma\u00dfe Bezug und Matratze XL: <\/strong><br \/>\nH\u00f6he: 10 cm<br \/>\nL\u00e4nge: 120 cm<br \/>\nBreite: 85\u00a0cm<\/p>\n","protected":false},"featured_media":21558,"comment_status":"open","ping_status":"closed","template":"","meta":[],"product_brand":[],"product_cat":[222],"product_tag":[],"class_list":{"0":"post-19727","1":"product","2":"type-product","3":"status-publish","4":"has-post-thumbnail","6":"product_cat-heimtierbedarf","8":"first","9":"instock","10":"sale","11":"taxable","12":"shipping-taxable","13":"purchasable","14":"product-type-variable"},"acf":[],"yoast_head":"<!-- This site is optimized with the Yoast SEO plugin v21.5 - https:\/\/yoast.com\/wordpress\/plugins\/seo\/ -->\n<title>Abdeckung - BOKA design<\/title>\n<meta name=\"robots\" content=\"index, follow, max-snippet:-1, max-image-preview:large, max-video-preview:-1\" \/>\n<link rel=\"canonical\" href=\"https:\/\/bokadesign.hr\/de\/produkt\/abdeckung\/\" \/>\n<meta property=\"og:locale\" content=\"de_DE\" \/>\n<meta property=\"og:type\" content=\"article\" \/>\n<meta property=\"og:title\" content=\"Abdeckung - BOKA design\" \/>\n<meta property=\"og:description\" content=\"Der Schwammbezug (Matratze) ist ideal als Ersatz, w\u00e4hrend der andere Bezug zum Waschen und Trocknen dient. In diesem Fall wird Ihr bester Freund ununterbrochen ein tolles Aussehen Ihrer Matratze und einen frischen, stilvollen Ausdruck des Bettes in Ihrem Zuhause haben. Der Bezug hat einen Rei\u00dfverschluss (Patent), der es Ihnen erleichtert, ihn von der Matratze abzunehmen oder auf die Matratze zu legen. Der Bezug hat in seiner Zusammensetzung einen hohen Anteil an Baumwolle. Die Lieferung ist auch komplett mit einer Matratze m\u00f6glich, die mit einem wasserdichten Bezug bedeckt ist - gegen Schimmel, der langfristige Hygiene und antibakteriellen Schutz garantiert, aber nur nach Ihrer Wahl.  Ma\u00dfe Bezug und Matratze S:  H\u00f6he: 8 cm L\u00e4nge: 55 cm Breite: 35 cm  Ma\u00dfe Bezug und Matratze M: H\u00f6he: 10 cm L\u00e4nge: 70 cm Breite: 45 cm  Ma\u00dfe Bezug und Matratze L:  H\u00f6he: 10 cm L\u00e4nge: 90 cm Breite: 60 cm  Ma\u00dfe Bezug und Matratze XL:  H\u00f6he: 10 cm L\u00e4nge: 120 cm Breite: 85\u00a0cm\" \/>\n<meta property=\"og:url\" content=\"https:\/\/bokadesign.hr\/de\/produkt\/abdeckung\/\" \/>\n<meta property=\"og:site_name\" content=\"BOKA design\" \/>\n<meta property=\"article:publisher\" content=\"https:\/\/www.facebook.com\/BOKA-design-1542571742626063\" \/>\n<meta property=\"article:modified_time\" content=\"2025-02-17T21:43:31+00:00\" \/>\n<meta property=\"og:image\" content=\"https:\/\/bokadesign.hr\/wp-content\/uploads\/2022\/03\/b29.jpg\" \/>\n\t<meta property=\"og:image:width\" content=\"600\" \/>\n\t<meta property=\"og:image:height\" content=\"600\" \/>\n\t<meta property=\"og:image:type\" content=\"image\/jpeg\" \/>\n<meta name=\"twitter:card\" content=\"summary_large_image\" \/>\n<meta name=\"twitter:label1\" content=\"Gesch\u00e4tzte Lesezeit\" \/>\n\t<meta name=\"twitter:data1\" content=\"1\u00a0Minute\" \/>\n<script type=\"application\/ld+json\" class=\"yoast-schema-graph\">{\"@context\":\"https:\/\/schema.org\",\"@graph\":[{\"@type\":\"WebPage\",\"@id\":\"https:\/\/bokadesign.hr\/de\/produkt\/abdeckung\/\",\"url\":\"https:\/\/bokadesign.hr\/de\/produkt\/abdeckung\/\",\"name\":\"Abdeckung - BOKA design\",\"isPartOf\":{\"@id\":\"https:\/\/bokadesign.hr\/#website\"},\"datePublished\":\"2022-03-23T22:17:06+00:00\",\"dateModified\":\"2025-02-17T21:43:31+00:00\",\"breadcrumb\":{\"@id\":\"https:\/\/bokadesign.hr\/de\/produkt\/abdeckung\/#breadcrumb\"},\"inLanguage\":\"de\",\"potentialAction\":[{\"@type\":\"ReadAction\",\"target\":[\"https:\/\/bokadesign.hr\/de\/produkt\/abdeckung\/\"]}]},{\"@type\":\"BreadcrumbList\",\"@id\":\"https:\/\/bokadesign.hr\/de\/produkt\/abdeckung\/#breadcrumb\",\"itemListElement\":[{\"@type\":\"ListItem\",\"position\":1,\"name\":\"Po\u010detna stranica\",\"item\":\"https:\/\/bokadesign.hr\/de\/\"},{\"@type\":\"ListItem\",\"position\":2,\"name\":\"Shop\",\"item\":\"https:\/\/bokadesign.hr\/de\/geschaft\/\"},{\"@type\":\"ListItem\",\"position\":3,\"name\":\"Abdeckung\"}]},{\"@type\":\"WebSite\",\"@id\":\"https:\/\/bokadesign.hr\/#website\",\"url\":\"https:\/\/bokadesign.hr\/\",\"name\":\"BOKA design\",\"description\":\"Hand made wood products\",\"publisher\":{\"@id\":\"https:\/\/bokadesign.hr\/#organization\"},\"potentialAction\":[{\"@type\":\"SearchAction\",\"target\":{\"@type\":\"EntryPoint\",\"urlTemplate\":\"https:\/\/bokadesign.hr\/?s={search_term_string}\"},\"query-input\":\"required name=search_term_string\"}],\"inLanguage\":\"de\"},{\"@type\":\"Organization\",\"@id\":\"https:\/\/bokadesign.hr\/#organization\",\"name\":\"BoKa design\",\"url\":\"https:\/\/bokadesign.hr\/\",\"logo\":{\"@type\":\"ImageObject\",\"inLanguage\":\"de\",\"@id\":\"https:\/\/bokadesign.hr\/#\/schema\/logo\/image\/\",\"url\":\"https:\/\/bokadesign.hr\/wp-content\/uploads\/2020\/05\/boka_logo_final2-01.svg\",\"contentUrl\":\"https:\/\/bokadesign.hr\/wp-content\/uploads\/2020\/05\/boka_logo_final2-01.svg\",\"width\":1,\"height\":1,\"caption\":\"BoKa design\"},\"image\":{\"@id\":\"https:\/\/bokadesign.hr\/#\/schema\/logo\/image\/\"},\"sameAs\":[\"https:\/\/www.facebook.com\/BOKA-design-1542571742626063\",\"https:\/\/www.instagram.com\/boka.design_\/\",\"https:\/\/www.linkedin.com\/company\/bokadesign\/\"]}]}<\/script>\n<!-- \/ Yoast SEO plugin. -->","yoast_head_json":{"title":"Abdeckung - BOKA design","robots":{"index":"index","follow":"follow","max-snippet":"max-snippet:-1","max-image-preview":"max-image-preview:large","max-video-preview":"max-video-preview:-1"},"canonical":"https:\/\/bokadesign.hr\/de\/produkt\/abdeckung\/","og_locale":"de_DE","og_type":"article","og_title":"Abdeckung - BOKA design","og_description":"Der Schwammbezug (Matratze) ist ideal als Ersatz, w\u00e4hrend der andere Bezug zum Waschen und Trocknen dient. In diesem Fall wird Ihr bester Freund ununterbrochen ein tolles Aussehen Ihrer Matratze und einen frischen, stilvollen Ausdruck des Bettes in Ihrem Zuhause haben. Der Bezug hat einen Rei\u00dfverschluss (Patent), der es Ihnen erleichtert, ihn von der Matratze abzunehmen oder auf die Matratze zu legen. Der Bezug hat in seiner Zusammensetzung einen hohen Anteil an Baumwolle. Die Lieferung ist auch komplett mit einer Matratze m\u00f6glich, die mit einem wasserdichten Bezug bedeckt ist - gegen Schimmel, der langfristige Hygiene und antibakteriellen Schutz garantiert, aber nur nach Ihrer Wahl.  Ma\u00dfe Bezug und Matratze S:  H\u00f6he: 8 cm L\u00e4nge: 55 cm Breite: 35 cm  Ma\u00dfe Bezug und Matratze M: H\u00f6he: 10 cm L\u00e4nge: 70 cm Breite: 45 cm  Ma\u00dfe Bezug und Matratze L:  H\u00f6he: 10 cm L\u00e4nge: 90 cm Breite: 60 cm  Ma\u00dfe Bezug und Matratze XL:  H\u00f6he: 10 cm L\u00e4nge: 120 cm Breite: 85\u00a0cm","og_url":"https:\/\/bokadesign.hr\/de\/produkt\/abdeckung\/","og_site_name":"BOKA design","article_publisher":"https:\/\/www.facebook.com\/BOKA-design-1542571742626063","article_modified_time":"2025-02-17T21:43:31+00:00","og_image":[{"width":600,"height":600,"url":"https:\/\/bokadesign.hr\/wp-content\/uploads\/2022\/03\/b29.jpg","type":"image\/jpeg"}],"twitter_card":"summary_large_image","twitter_misc":{"Gesch\u00e4tzte Lesezeit":"1\u00a0Minute"},"schema":{"@context":"https:\/\/schema.org","@graph":[{"@type":"WebPage","@id":"https:\/\/bokadesign.hr\/de\/produkt\/abdeckung\/","url":"https:\/\/bokadesign.hr\/de\/produkt\/abdeckung\/","name":"Abdeckung - BOKA design","isPartOf":{"@id":"https:\/\/bokadesign.hr\/#website"},"datePublished":"2022-03-23T22:17:06+00:00","dateModified":"2025-02-17T21:43:31+00:00","breadcrumb":{"@id":"https:\/\/bokadesign.hr\/de\/produkt\/abdeckung\/#breadcrumb"},"inLanguage":"de","potentialAction":[{"@type":"ReadAction","target":["https:\/\/bokadesign.hr\/de\/produkt\/abdeckung\/"]}]},{"@type":"BreadcrumbList","@id":"https:\/\/bokadesign.hr\/de\/produkt\/abdeckung\/#breadcrumb","itemListElement":[{"@type":"ListItem","position":1,"name":"Po\u010detna stranica","item":"https:\/\/bokadesign.hr\/de\/"},{"@type":"ListItem","position":2,"name":"Shop","item":"https:\/\/bokadesign.hr\/de\/geschaft\/"},{"@type":"ListItem","position":3,"name":"Abdeckung"}]},{"@type":"WebSite","@id":"https:\/\/bokadesign.hr\/#website","url":"https:\/\/bokadesign.hr\/","name":"BOKA design","description":"Hand made wood products","publisher":{"@id":"https:\/\/bokadesign.hr\/#organization"},"potentialAction":[{"@type":"SearchAction","target":{"@type":"EntryPoint","urlTemplate":"https:\/\/bokadesign.hr\/?s={search_term_string}"},"query-input":"required name=search_term_string"}],"inLanguage":"de"},{"@type":"Organization","@id":"https:\/\/bokadesign.hr\/#organization","name":"BoKa design","url":"https:\/\/bokadesign.hr\/","logo":{"@type":"ImageObject","inLanguage":"de","@id":"https:\/\/bokadesign.hr\/#\/schema\/logo\/image\/","url":"https:\/\/bokadesign.hr\/wp-content\/uploads\/2020\/05\/boka_logo_final2-01.svg","contentUrl":"https:\/\/bokadesign.hr\/wp-content\/uploads\/2020\/05\/boka_logo_final2-01.svg","width":1,"height":1,"caption":"BoKa design"},"image":{"@id":"https:\/\/bokadesign.hr\/#\/schema\/logo\/image\/"},"sameAs":["https:\/\/www.facebook.com\/BOKA-design-1542571742626063","https:\/\/www.instagram.com\/boka.design_\/","https:\/\/www.linkedin.com\/company\/bokadesign\/"]}]}},"_links":{"self":[{"href":"https:\/\/bokadesign.hr\/de\/wp-json\/wp\/v2\/product\/19727","targetHints":{"allow":["GET"]}}],"collection":[{"href":"https:\/\/bokadesign.hr\/de\/wp-json\/wp\/v2\/product"}],"about":[{"href":"https:\/\/bokadesign.hr\/de\/wp-json\/wp\/v2\/types\/product"}],"replies":[{"embeddable":true,"href":"https:\/\/bokadesign.hr\/de\/wp-json\/wp\/v2\/comments?post=19727"}],"wp:featuredmedia":[{"embeddable":true,"href":"https:\/\/bokadesign.hr\/de\/wp-json\/wp\/v2\/media\/21558"}],"wp:attachment":[{"href":"https:\/\/bokadesign.hr\/de\/wp-json\/wp\/v2\/media?parent=19727"}],"wp:term":[{"taxonomy":"product_brand","embeddable":true,"href":"https:\/\/bokadesign.hr\/de\/wp-json\/wp\/v2\/product_brand?post=19727"},{"taxonomy":"product_cat","embeddable":true,"href":"https:\/\/bokadesign.hr\/de\/wp-json\/wp\/v2\/product_cat?post=19727"},{"taxonomy":"product_tag","embeddable":true,"href":"https:\/\/bokadesign.hr\/de\/wp-json\/wp\/v2\/product_tag?post=19727"}],"curies":[{"name":"wp","href":"https:\/\/api.w.org\/{rel}","templated":true}]}}