{"id":33119,"date":"2022-06-17T23:18:33","date_gmt":"2022-06-17T21:18:34","guid":{"rendered":"https:\/\/bokadesign.hr\/?post_type=product&#038;p=33119"},"modified":"2024-06-24T15:58:52","modified_gmt":"2024-06-24T13:58:52","slug":"personalisiertes-brett-zum-servieren-von-speisen","status":"publish","type":"product","link":"https:\/\/bokadesign.hr\/de\/produkt\/personalisiertes-brett-zum-servieren-von-speisen\/","title":{"rendered":"Personalisiertes Brett zum Servieren von Speisen"},"content":{"rendered":"<section class=\"wpb-content-wrapper\"><p>[vc_row][vc_column][vc_column_text css_animation=&#8221;appear&#8221; text_larger=&#8221;no&#8221;]<strong>Material:<\/strong><br \/>\nBuche.<br \/>\n\u00dcberzogen mit einer d\u00fcnnen Schicht aus transparentem \u00d6l biologischen Ursprungs, das die Aufnahme von Fl\u00fcssigkeiten und Fetten und damit das Auftreten unerw\u00fcnschter Bakterien verhindert.<\/p>\n<p><strong>Umfeld:<\/strong><br \/>\nDas Produkt ist umweltfreundlich und kann recycelt oder zur Energier\u00fcckgewinnung verwendet werden.<\/p>\n<p><strong>Wartungshinweise:<\/strong><br \/>\nNach dem H\u00e4ndewaschen mit Sp\u00fclmittel und warmem Wasser mit einem sauberen Tuch gut abwischen und trocknen lassen. Bestreichen Sie das Brett einmal im Monat mit Pflanzen\u00f6l, damit es nicht rei\u00dft und austrocknet. Nicht in der Sp\u00fclmaschine waschen. Nicht in Wasser tauchen.[\/vc_column_text][\/vc_column][\/vc_row]<\/p>\n<\/section>","protected":false},"excerpt":{"rendered":"<p>Ein personalisiertes Servierbrett ist ein praktisches und originelles Geschenk f\u00fcr Ihre Lieben. Dieses hochwertige Brett ist aus edlem Holz gefertigt, was es langlebig, praktisch, \u00f6kologisch und \u00e4sthetisch perfekt macht. Jedes Brett hat unterschiedliche Muster, Illustrationen und personalisierte Texte, und wir k\u00f6nnen zu Recht sagen, dass wir Unikate herstellen. Dadurch hat jedes Brett seinen ganz besonderen Charme und ist ein ideales Geschenk f\u00fcr alle Gelegenheiten.<\/p>\n<p><i>HINWEIS F\u00dcR RESTAURANTS:<\/i> Wir fertigen Bretter zum Schneiden und Servieren von Speisen nach Ihren Ma\u00dfen und Illustrationsw\u00fcnschen und k\u00f6nnen Ihr LOGO und\/oder den Namen des Restaurants darauf gravieren. Bitte kontaktieren Sie uns per E-Mail (info@bokadesign.hr)<\/p>\n<p><strong>Produktabmessungen:<\/strong><br \/>\nL\u00e4nge: 40 cm<br \/>\nBreite: 25 cm<br \/>\nDicke: 2,2 cm<\/p>\n","protected":false},"featured_media":119896,"comment_status":"open","ping_status":"closed","template":"","meta":[],"product_brand":[],"product_cat":[264],"product_tag":[],"class_list":{"0":"post-33119","1":"product","2":"type-product","3":"status-publish","4":"has-post-thumbnail","6":"product_cat-bretter-und-tabletts-zum-servieren-von-speisen","8":"first","9":"instock","10":"purchasable","11":"product-type-simple"},"acf":[],"yoast_head":"<!-- This site is optimized with the Yoast SEO plugin v21.5 - https:\/\/yoast.com\/wordpress\/plugins\/seo\/ -->\n<title>Personalisiertes Brett zum Servieren von Speisen - BOKA design<\/title>\n<meta name=\"robots\" content=\"index, follow, max-snippet:-1, max-image-preview:large, max-video-preview:-1\" \/>\n<link rel=\"canonical\" href=\"https:\/\/bokadesign.hr\/de\/produkt\/personalisiertes-brett-zum-servieren-von-speisen\/\" \/>\n<meta property=\"og:locale\" content=\"de_DE\" \/>\n<meta property=\"og:type\" content=\"article\" \/>\n<meta property=\"og:title\" content=\"Personalisiertes Brett zum Servieren von Speisen - BOKA design\" \/>\n<meta property=\"og:description\" content=\"Ein personalisiertes Servierbrett ist ein praktisches und originelles Geschenk f\u00fcr Ihre Lieben. Dieses hochwertige Brett ist aus edlem Holz gefertigt, was es langlebig, praktisch, \u00f6kologisch und \u00e4sthetisch perfekt macht. Jedes Brett hat unterschiedliche Muster, Illustrationen und personalisierte Texte, und wir k\u00f6nnen zu Recht sagen, dass wir Unikate herstellen. Dadurch hat jedes Brett seinen ganz besonderen Charme und ist ein ideales Geschenk f\u00fcr alle Gelegenheiten.  HINWEIS F\u00dcR RESTAURANTS: Wir fertigen Bretter zum Schneiden und Servieren von Speisen nach Ihren Ma\u00dfen und Illustrationsw\u00fcnschen und k\u00f6nnen Ihr LOGO und\/oder den Namen des Restaurants darauf gravieren. Bitte kontaktieren Sie uns per E-Mail (info@bokadesign.hr)  Produktabmessungen: L\u00e4nge: 40 cm Breite: 25 cm Dicke: 2,2 cm\" \/>\n<meta property=\"og:url\" content=\"https:\/\/bokadesign.hr\/de\/produkt\/personalisiertes-brett-zum-servieren-von-speisen\/\" \/>\n<meta property=\"og:site_name\" content=\"BOKA design\" \/>\n<meta property=\"article:publisher\" content=\"https:\/\/www.facebook.com\/BOKA-design-1542571742626063\" \/>\n<meta property=\"article:modified_time\" content=\"2024-06-24T13:58:52+00:00\" \/>\n<meta property=\"og:image\" content=\"https:\/\/bokadesign.hr\/wp-content\/uploads\/2022\/06\/web-IMG_20220610_143619_553.jpg\" \/>\n\t<meta property=\"og:image:width\" content=\"600\" \/>\n\t<meta property=\"og:image:height\" content=\"600\" \/>\n\t<meta property=\"og:image:type\" content=\"image\/jpeg\" \/>\n<meta name=\"twitter:card\" content=\"summary_large_image\" \/>\n<meta name=\"twitter:label1\" content=\"Gesch\u00e4tzte Lesezeit\" \/>\n\t<meta name=\"twitter:data1\" content=\"1\u00a0Minute\" \/>\n<script type=\"application\/ld+json\" class=\"yoast-schema-graph\">{\"@context\":\"https:\/\/schema.org\",\"@graph\":[{\"@type\":\"WebPage\",\"@id\":\"https:\/\/bokadesign.hr\/de\/produkt\/personalisiertes-brett-zum-servieren-von-speisen\/\",\"url\":\"https:\/\/bokadesign.hr\/de\/produkt\/personalisiertes-brett-zum-servieren-von-speisen\/\",\"name\":\"Personalisiertes Brett zum Servieren von Speisen - BOKA design\",\"isPartOf\":{\"@id\":\"https:\/\/bokadesign.hr\/#website\"},\"datePublished\":\"2022-06-17T21:18:34+00:00\",\"dateModified\":\"2024-06-24T13:58:52+00:00\",\"breadcrumb\":{\"@id\":\"https:\/\/bokadesign.hr\/de\/produkt\/personalisiertes-brett-zum-servieren-von-speisen\/#breadcrumb\"},\"inLanguage\":\"de\",\"potentialAction\":[{\"@type\":\"ReadAction\",\"target\":[\"https:\/\/bokadesign.hr\/de\/produkt\/personalisiertes-brett-zum-servieren-von-speisen\/\"]}]},{\"@type\":\"BreadcrumbList\",\"@id\":\"https:\/\/bokadesign.hr\/de\/produkt\/personalisiertes-brett-zum-servieren-von-speisen\/#breadcrumb\",\"itemListElement\":[{\"@type\":\"ListItem\",\"position\":1,\"name\":\"Po\u010detna stranica\",\"item\":\"https:\/\/bokadesign.hr\/de\/\"},{\"@type\":\"ListItem\",\"position\":2,\"name\":\"Shop\",\"item\":\"https:\/\/bokadesign.hr\/de\/geschaft\/\"},{\"@type\":\"ListItem\",\"position\":3,\"name\":\"Personalisiertes Brett zum Servieren von Speisen\"}]},{\"@type\":\"WebSite\",\"@id\":\"https:\/\/bokadesign.hr\/#website\",\"url\":\"https:\/\/bokadesign.hr\/\",\"name\":\"BOKA design\",\"description\":\"Hand made wood products\",\"publisher\":{\"@id\":\"https:\/\/bokadesign.hr\/#organization\"},\"potentialAction\":[{\"@type\":\"SearchAction\",\"target\":{\"@type\":\"EntryPoint\",\"urlTemplate\":\"https:\/\/bokadesign.hr\/?s={search_term_string}\"},\"query-input\":\"required name=search_term_string\"}],\"inLanguage\":\"de\"},{\"@type\":\"Organization\",\"@id\":\"https:\/\/bokadesign.hr\/#organization\",\"name\":\"BoKa design\",\"url\":\"https:\/\/bokadesign.hr\/\",\"logo\":{\"@type\":\"ImageObject\",\"inLanguage\":\"de\",\"@id\":\"https:\/\/bokadesign.hr\/#\/schema\/logo\/image\/\",\"url\":\"https:\/\/bokadesign.hr\/wp-content\/uploads\/2020\/05\/boka_logo_final2-01.svg\",\"contentUrl\":\"https:\/\/bokadesign.hr\/wp-content\/uploads\/2020\/05\/boka_logo_final2-01.svg\",\"width\":1,\"height\":1,\"caption\":\"BoKa design\"},\"image\":{\"@id\":\"https:\/\/bokadesign.hr\/#\/schema\/logo\/image\/\"},\"sameAs\":[\"https:\/\/www.facebook.com\/BOKA-design-1542571742626063\",\"https:\/\/www.instagram.com\/boka.design_\/\",\"https:\/\/www.linkedin.com\/company\/bokadesign\/\"]}]}<\/script>\n<!-- \/ Yoast SEO plugin. -->","yoast_head_json":{"title":"Personalisiertes Brett zum Servieren von Speisen - BOKA design","robots":{"index":"index","follow":"follow","max-snippet":"max-snippet:-1","max-image-preview":"max-image-preview:large","max-video-preview":"max-video-preview:-1"},"canonical":"https:\/\/bokadesign.hr\/de\/produkt\/personalisiertes-brett-zum-servieren-von-speisen\/","og_locale":"de_DE","og_type":"article","og_title":"Personalisiertes Brett zum Servieren von Speisen - BOKA design","og_description":"Ein personalisiertes Servierbrett ist ein praktisches und originelles Geschenk f\u00fcr Ihre Lieben. Dieses hochwertige Brett ist aus edlem Holz gefertigt, was es langlebig, praktisch, \u00f6kologisch und \u00e4sthetisch perfekt macht. Jedes Brett hat unterschiedliche Muster, Illustrationen und personalisierte Texte, und wir k\u00f6nnen zu Recht sagen, dass wir Unikate herstellen. Dadurch hat jedes Brett seinen ganz besonderen Charme und ist ein ideales Geschenk f\u00fcr alle Gelegenheiten.  HINWEIS F\u00dcR RESTAURANTS: Wir fertigen Bretter zum Schneiden und Servieren von Speisen nach Ihren Ma\u00dfen und Illustrationsw\u00fcnschen und k\u00f6nnen Ihr LOGO und\/oder den Namen des Restaurants darauf gravieren. Bitte kontaktieren Sie uns per E-Mail (info@bokadesign.hr)  Produktabmessungen: L\u00e4nge: 40 cm Breite: 25 cm Dicke: 2,2 cm","og_url":"https:\/\/bokadesign.hr\/de\/produkt\/personalisiertes-brett-zum-servieren-von-speisen\/","og_site_name":"BOKA design","article_publisher":"https:\/\/www.facebook.com\/BOKA-design-1542571742626063","article_modified_time":"2024-06-24T13:58:52+00:00","og_image":[{"width":600,"height":600,"url":"https:\/\/bokadesign.hr\/wp-content\/uploads\/2022\/06\/web-IMG_20220610_143619_553.jpg","type":"image\/jpeg"}],"twitter_card":"summary_large_image","twitter_misc":{"Gesch\u00e4tzte Lesezeit":"1\u00a0Minute"},"schema":{"@context":"https:\/\/schema.org","@graph":[{"@type":"WebPage","@id":"https:\/\/bokadesign.hr\/de\/produkt\/personalisiertes-brett-zum-servieren-von-speisen\/","url":"https:\/\/bokadesign.hr\/de\/produkt\/personalisiertes-brett-zum-servieren-von-speisen\/","name":"Personalisiertes Brett zum Servieren von Speisen - BOKA design","isPartOf":{"@id":"https:\/\/bokadesign.hr\/#website"},"datePublished":"2022-06-17T21:18:34+00:00","dateModified":"2024-06-24T13:58:52+00:00","breadcrumb":{"@id":"https:\/\/bokadesign.hr\/de\/produkt\/personalisiertes-brett-zum-servieren-von-speisen\/#breadcrumb"},"inLanguage":"de","potentialAction":[{"@type":"ReadAction","target":["https:\/\/bokadesign.hr\/de\/produkt\/personalisiertes-brett-zum-servieren-von-speisen\/"]}]},{"@type":"BreadcrumbList","@id":"https:\/\/bokadesign.hr\/de\/produkt\/personalisiertes-brett-zum-servieren-von-speisen\/#breadcrumb","itemListElement":[{"@type":"ListItem","position":1,"name":"Po\u010detna stranica","item":"https:\/\/bokadesign.hr\/de\/"},{"@type":"ListItem","position":2,"name":"Shop","item":"https:\/\/bokadesign.hr\/de\/geschaft\/"},{"@type":"ListItem","position":3,"name":"Personalisiertes Brett zum Servieren von Speisen"}]},{"@type":"WebSite","@id":"https:\/\/bokadesign.hr\/#website","url":"https:\/\/bokadesign.hr\/","name":"BOKA design","description":"Hand made wood products","publisher":{"@id":"https:\/\/bokadesign.hr\/#organization"},"potentialAction":[{"@type":"SearchAction","target":{"@type":"EntryPoint","urlTemplate":"https:\/\/bokadesign.hr\/?s={search_term_string}"},"query-input":"required name=search_term_string"}],"inLanguage":"de"},{"@type":"Organization","@id":"https:\/\/bokadesign.hr\/#organization","name":"BoKa design","url":"https:\/\/bokadesign.hr\/","logo":{"@type":"ImageObject","inLanguage":"de","@id":"https:\/\/bokadesign.hr\/#\/schema\/logo\/image\/","url":"https:\/\/bokadesign.hr\/wp-content\/uploads\/2020\/05\/boka_logo_final2-01.svg","contentUrl":"https:\/\/bokadesign.hr\/wp-content\/uploads\/2020\/05\/boka_logo_final2-01.svg","width":1,"height":1,"caption":"BoKa design"},"image":{"@id":"https:\/\/bokadesign.hr\/#\/schema\/logo\/image\/"},"sameAs":["https:\/\/www.facebook.com\/BOKA-design-1542571742626063","https:\/\/www.instagram.com\/boka.design_\/","https:\/\/www.linkedin.com\/company\/bokadesign\/"]}]}},"_links":{"self":[{"href":"https:\/\/bokadesign.hr\/de\/wp-json\/wp\/v2\/product\/33119","targetHints":{"allow":["GET"]}}],"collection":[{"href":"https:\/\/bokadesign.hr\/de\/wp-json\/wp\/v2\/product"}],"about":[{"href":"https:\/\/bokadesign.hr\/de\/wp-json\/wp\/v2\/types\/product"}],"replies":[{"embeddable":true,"href":"https:\/\/bokadesign.hr\/de\/wp-json\/wp\/v2\/comments?post=33119"}],"wp:featuredmedia":[{"embeddable":true,"href":"https:\/\/bokadesign.hr\/de\/wp-json\/wp\/v2\/media\/119896"}],"wp:attachment":[{"href":"https:\/\/bokadesign.hr\/de\/wp-json\/wp\/v2\/media?parent=33119"}],"wp:term":[{"taxonomy":"product_brand","embeddable":true,"href":"https:\/\/bokadesign.hr\/de\/wp-json\/wp\/v2\/product_brand?post=33119"},{"taxonomy":"product_cat","embeddable":true,"href":"https:\/\/bokadesign.hr\/de\/wp-json\/wp\/v2\/product_cat?post=33119"},{"taxonomy":"product_tag","embeddable":true,"href":"https:\/\/bokadesign.hr\/de\/wp-json\/wp\/v2\/product_tag?post=33119"}],"curies":[{"name":"wp","href":"https:\/\/api.w.org\/{rel}","templated":true}]}}