{"id":33356,"date":"2022-10-03T14:04:14","date_gmt":"2022-10-03T12:04:17","guid":{"rendered":"https:\/\/bokadesign.hr\/?post_type=product&#038;p=33356"},"modified":"2025-02-17T22:47:33","modified_gmt":"2025-02-17T21:47:33","slug":"hundebett-klassiker","status":"publish","type":"product","link":"https:\/\/bokadesign.hr\/de\/produkt\/hundebett-klassiker\/","title":{"rendered":"Hundebett &#8211; KLASSIKER"},"content":{"rendered":"<section class=\"wpb-content-wrapper\"><p>[vc_row][vc_column][vc_column_text]<!-- show up to 2 reviews by default --> [\/vc_column_text][\/vc_column][\/vc_row][vc_row][vc_column][vc_column_text text_larger=&#8221;no&#8221;]<strong>Material:<\/strong><br \/>\nLindenholz, Hartfaserplatten, Schwamm und Stoff.<\/p>\n<p><strong>Wiederverwendbarkeit:<\/strong><br \/>\nDas Produkt ist umweltfreundlich und kann recycelt oder zur Energier\u00fcckgewinnung verwendet werden.<\/p>\n<p><strong>Wartungshinweise:<\/strong><br \/>\nMit einem in einem milden Reinigungsmittel getr\u00e4nkten Tuch reinigen. Mit einem trockenen Tuch abwischen.<br \/>\nUm unangenehme Ger\u00fcche zu vermeiden und die Matratze optimal aussehen zu lassen, sollten Sie den Bezug regelm\u00e4\u00dfig bei bis zu 40\u00b0C waschen, wobei zu beachten ist, dass der Rei\u00dfverschluss (Patent) geschlossen ist. Befolgen Sie unbedingt die Anweisungen des Stoffherstellers, um Probleme mit Verf\u00e4rbungen oder m\u00f6glichem Einlaufen zu vermeiden. B\u00fcgeln bei niedrigeren Temperaturen erlaubt. Stellen Sie au\u00dferdem sicher, dass der Bezug vollst\u00e4ndig trocken ist, bevor Sie ihn wieder auf das Bett legen.<\/p>\n<p><strong>Anmerkung:<\/strong><br \/>\nSie k\u00f6nnen zus\u00e4tzliche Ersatzbez\u00fcge separat in unserem Webshop kaufen.[\/vc_column_text][\/vc_column][\/vc_row][vc_row][vc_column][vc_column_text][\/vc_column_text][\/vc_column][\/vc_row]<\/p>\n<\/section>","protected":false},"excerpt":{"rendered":"<p>Das Hundebett hat ein schlichtes Aussehen. Es wurde speziell entwickelt und bietet eine gro\u00dfartige Kombination aus Stil, Haltbarkeit und vor allem Komfort f\u00fcr Ihr Haustier. Das Bett besteht aus hochwertigem Holz mit FSC-Zertifizierung und ist mit einem hochwertigen Schwamm (Matratze) verziert, der mit einem wasserdichten Bezug \u00fcberzogen ist \u2013 gegen Schimmel, der langfristige Hygiene und antibakteriellen Schutz garantiert. Die Lieferung erfolgt komplett mit Matratze und waschbarem Bezug nach Wahl. Das Produkt ist absolut umweltfreundlich mit zwei Lackschichten auf Basis von hochwertigem Acrylharz auf Wasserbasis. Das Bett wird fertig montiert geliefert.<\/p>\n<p><strong>HUMANIT\u00c4RE AKTION:<\/strong> Wir spenden einen Teil der Einnahmen aus jeder Bestellung f\u00fcr den Tierschutz, was Sie als unseren Kunden zu einem Menschenfreund macht! Am Ende der Bestellung k\u00f6nnen Sie beim Ausf\u00fcllen des Formulars mit Ihren pers\u00f6nlichen Lieferdaten im Feld \u201eBemerkung zur Bestellung\u201c den Namen des Vereins aus Ihrer N\u00e4he angeben, an den das Geld auf das Konto \u00fcberwiesen werden soll.<\/p>\n<p><strong>Produktabmessungen S:<\/strong><br \/>\nMatratzenh\u00f6he: 8 cm ~ 4 inch<br \/>\nBettl\u00e4nge: 60 cm ~ 24 inch<br \/>\nBettbreite: 40 cm ~ 16 inch<br \/>\nGesamth\u00f6he: 11 cm ~ 4 inch<\/p>\n<p><strong>Produktabmessungen M:<\/strong><br \/>\nMatratzenh\u00f6he: 10 cm ~ 4 inch<br \/>\nBettl\u00e4nge: 75 cm ~ 30 inch<br \/>\nBettbreite: 50 cm ~ 20 inch<br \/>\nGesamth\u00f6he: 13 cm ~ 5 inch<\/p>\n<p><strong>Produktabmessungen L:<\/strong><br \/>\nMatratzenh\u00f6he: 10 cm ~ 4 inch<br \/>\nBettl\u00e4nge: 95 cm ~ 38 inch<br \/>\nBettbreite: 65 cm ~ 26 inch<br \/>\nGesamth\u00f6he: 15 cm ~ 6 inch<\/p>\n<p><strong>Produktabmessungen XL:<\/strong><br \/>\nMatratzenh\u00f6he: 10 cm ~ 4 inch<br \/>\nBettl\u00e4nge: 125 cm ~ 50 inch<br \/>\nBettbreite: 90 cm ~ 35 inch<br \/>\nGesamth\u00f6he: 15 cm ~ 6 inch<\/p>\n","protected":false},"featured_media":33375,"comment_status":"open","ping_status":"closed","template":"","meta":[],"product_brand":[],"product_cat":[222],"product_tag":[],"class_list":{"0":"post-33356","1":"product","2":"type-product","3":"status-publish","4":"has-post-thumbnail","6":"product_cat-heimtierbedarf","8":"first","9":"instock","10":"sale","11":"taxable","12":"shipping-taxable","13":"purchasable","14":"product-type-variable"},"acf":[],"yoast_head":"<!-- This site is optimized with the Yoast SEO plugin v21.5 - https:\/\/yoast.com\/wordpress\/plugins\/seo\/ -->\n<title>Hundebett - KLASSIKER - BOKA design<\/title>\n<meta name=\"robots\" content=\"index, follow, max-snippet:-1, max-image-preview:large, max-video-preview:-1\" \/>\n<link rel=\"canonical\" href=\"https:\/\/bokadesign.hr\/de\/produkt\/hundebett-klassiker\/\" \/>\n<meta property=\"og:locale\" content=\"de_DE\" \/>\n<meta property=\"og:type\" content=\"article\" \/>\n<meta property=\"og:title\" content=\"Hundebett - KLASSIKER - BOKA design\" \/>\n<meta property=\"og:description\" content=\"Das Hundebett hat ein schlichtes Aussehen. Es wurde speziell entwickelt und bietet eine gro\u00dfartige Kombination aus Stil, Haltbarkeit und vor allem Komfort f\u00fcr Ihr Haustier. Das Bett besteht aus hochwertigem Holz mit FSC-Zertifizierung und ist mit einem hochwertigen Schwamm (Matratze) verziert, der mit einem wasserdichten Bezug \u00fcberzogen ist \u2013 gegen Schimmel, der langfristige Hygiene und antibakteriellen Schutz garantiert. Die Lieferung erfolgt komplett mit Matratze und waschbarem Bezug nach Wahl. Das Produkt ist absolut umweltfreundlich mit zwei Lackschichten auf Basis von hochwertigem Acrylharz auf Wasserbasis. Das Bett wird fertig montiert geliefert.  HUMANIT\u00c4RE AKTION: Wir spenden einen Teil der Einnahmen aus jeder Bestellung f\u00fcr den Tierschutz, was Sie als unseren Kunden zu einem Menschenfreund macht! Am Ende der Bestellung k\u00f6nnen Sie beim Ausf\u00fcllen des Formulars mit Ihren pers\u00f6nlichen Lieferdaten im Feld \u201eBemerkung zur Bestellung\u201c den Namen des Vereins aus Ihrer N\u00e4he angeben, an den das Geld auf das Konto \u00fcberwiesen werden soll.  Produktabmessungen S: Matratzenh\u00f6he: 8 cm ~ 4 inch Bettl\u00e4nge: 60 cm ~ 24 inch Bettbreite: 40 cm ~ 16 inch Gesamth\u00f6he: 11 cm ~ 4 inch  Produktabmessungen M: Matratzenh\u00f6he: 10 cm ~ 4 inch Bettl\u00e4nge: 75 cm ~ 30 inch Bettbreite: 50 cm ~ 20 inch Gesamth\u00f6he: 13 cm ~ 5 inch  Produktabmessungen L: Matratzenh\u00f6he: 10 cm ~ 4 inch Bettl\u00e4nge: 95 cm ~ 38 inch Bettbreite: 65 cm ~ 26 inch Gesamth\u00f6he: 15 cm ~ 6 inch  Produktabmessungen XL: Matratzenh\u00f6he: 10 cm ~ 4 inch Bettl\u00e4nge: 125 cm ~ 50 inch Bettbreite: 90 cm ~ 35 inch Gesamth\u00f6he: 15 cm ~ 6 inch\" \/>\n<meta property=\"og:url\" content=\"https:\/\/bokadesign.hr\/de\/produkt\/hundebett-klassiker\/\" \/>\n<meta property=\"og:site_name\" content=\"BOKA design\" \/>\n<meta property=\"article:publisher\" content=\"https:\/\/www.facebook.com\/BOKA-design-1542571742626063\" \/>\n<meta property=\"article:modified_time\" content=\"2025-02-17T21:47:33+00:00\" \/>\n<meta property=\"og:image\" content=\"https:\/\/bokadesign.hr\/wp-content\/uploads\/2022\/10\/1.jpg\" \/>\n\t<meta property=\"og:image:width\" content=\"600\" \/>\n\t<meta property=\"og:image:height\" content=\"600\" \/>\n\t<meta property=\"og:image:type\" content=\"image\/jpeg\" \/>\n<meta name=\"twitter:card\" content=\"summary_large_image\" \/>\n<meta name=\"twitter:label1\" content=\"Gesch\u00e4tzte Lesezeit\" \/>\n\t<meta name=\"twitter:data1\" content=\"1\u00a0Minute\" \/>\n<script type=\"application\/ld+json\" class=\"yoast-schema-graph\">{\"@context\":\"https:\/\/schema.org\",\"@graph\":[{\"@type\":\"WebPage\",\"@id\":\"https:\/\/bokadesign.hr\/de\/produkt\/hundebett-klassiker\/\",\"url\":\"https:\/\/bokadesign.hr\/de\/produkt\/hundebett-klassiker\/\",\"name\":\"Hundebett - KLASSIKER - BOKA design\",\"isPartOf\":{\"@id\":\"https:\/\/bokadesign.hr\/#website\"},\"datePublished\":\"2022-10-03T12:04:17+00:00\",\"dateModified\":\"2025-02-17T21:47:33+00:00\",\"breadcrumb\":{\"@id\":\"https:\/\/bokadesign.hr\/de\/produkt\/hundebett-klassiker\/#breadcrumb\"},\"inLanguage\":\"de\",\"potentialAction\":[{\"@type\":\"ReadAction\",\"target\":[\"https:\/\/bokadesign.hr\/de\/produkt\/hundebett-klassiker\/\"]}]},{\"@type\":\"BreadcrumbList\",\"@id\":\"https:\/\/bokadesign.hr\/de\/produkt\/hundebett-klassiker\/#breadcrumb\",\"itemListElement\":[{\"@type\":\"ListItem\",\"position\":1,\"name\":\"Po\u010detna stranica\",\"item\":\"https:\/\/bokadesign.hr\/de\/\"},{\"@type\":\"ListItem\",\"position\":2,\"name\":\"Shop\",\"item\":\"https:\/\/bokadesign.hr\/de\/geschaft\/\"},{\"@type\":\"ListItem\",\"position\":3,\"name\":\"Hundebett &#8211; KLASSIKER\"}]},{\"@type\":\"WebSite\",\"@id\":\"https:\/\/bokadesign.hr\/#website\",\"url\":\"https:\/\/bokadesign.hr\/\",\"name\":\"BOKA design\",\"description\":\"Hand made wood products\",\"publisher\":{\"@id\":\"https:\/\/bokadesign.hr\/#organization\"},\"potentialAction\":[{\"@type\":\"SearchAction\",\"target\":{\"@type\":\"EntryPoint\",\"urlTemplate\":\"https:\/\/bokadesign.hr\/?s={search_term_string}\"},\"query-input\":\"required name=search_term_string\"}],\"inLanguage\":\"de\"},{\"@type\":\"Organization\",\"@id\":\"https:\/\/bokadesign.hr\/#organization\",\"name\":\"BoKa design\",\"url\":\"https:\/\/bokadesign.hr\/\",\"logo\":{\"@type\":\"ImageObject\",\"inLanguage\":\"de\",\"@id\":\"https:\/\/bokadesign.hr\/#\/schema\/logo\/image\/\",\"url\":\"https:\/\/bokadesign.hr\/wp-content\/uploads\/2020\/05\/boka_logo_final2-01.svg\",\"contentUrl\":\"https:\/\/bokadesign.hr\/wp-content\/uploads\/2020\/05\/boka_logo_final2-01.svg\",\"width\":1,\"height\":1,\"caption\":\"BoKa design\"},\"image\":{\"@id\":\"https:\/\/bokadesign.hr\/#\/schema\/logo\/image\/\"},\"sameAs\":[\"https:\/\/www.facebook.com\/BOKA-design-1542571742626063\",\"https:\/\/www.instagram.com\/boka.design_\/\",\"https:\/\/www.linkedin.com\/company\/bokadesign\/\"]}]}<\/script>\n<!-- \/ Yoast SEO plugin. -->","yoast_head_json":{"title":"Hundebett - KLASSIKER - BOKA design","robots":{"index":"index","follow":"follow","max-snippet":"max-snippet:-1","max-image-preview":"max-image-preview:large","max-video-preview":"max-video-preview:-1"},"canonical":"https:\/\/bokadesign.hr\/de\/produkt\/hundebett-klassiker\/","og_locale":"de_DE","og_type":"article","og_title":"Hundebett - KLASSIKER - BOKA design","og_description":"Das Hundebett hat ein schlichtes Aussehen. Es wurde speziell entwickelt und bietet eine gro\u00dfartige Kombination aus Stil, Haltbarkeit und vor allem Komfort f\u00fcr Ihr Haustier. Das Bett besteht aus hochwertigem Holz mit FSC-Zertifizierung und ist mit einem hochwertigen Schwamm (Matratze) verziert, der mit einem wasserdichten Bezug \u00fcberzogen ist \u2013 gegen Schimmel, der langfristige Hygiene und antibakteriellen Schutz garantiert. Die Lieferung erfolgt komplett mit Matratze und waschbarem Bezug nach Wahl. Das Produkt ist absolut umweltfreundlich mit zwei Lackschichten auf Basis von hochwertigem Acrylharz auf Wasserbasis. Das Bett wird fertig montiert geliefert.  HUMANIT\u00c4RE AKTION: Wir spenden einen Teil der Einnahmen aus jeder Bestellung f\u00fcr den Tierschutz, was Sie als unseren Kunden zu einem Menschenfreund macht! Am Ende der Bestellung k\u00f6nnen Sie beim Ausf\u00fcllen des Formulars mit Ihren pers\u00f6nlichen Lieferdaten im Feld \u201eBemerkung zur Bestellung\u201c den Namen des Vereins aus Ihrer N\u00e4he angeben, an den das Geld auf das Konto \u00fcberwiesen werden soll.  Produktabmessungen S: Matratzenh\u00f6he: 8 cm ~ 4 inch Bettl\u00e4nge: 60 cm ~ 24 inch Bettbreite: 40 cm ~ 16 inch Gesamth\u00f6he: 11 cm ~ 4 inch  Produktabmessungen M: Matratzenh\u00f6he: 10 cm ~ 4 inch Bettl\u00e4nge: 75 cm ~ 30 inch Bettbreite: 50 cm ~ 20 inch Gesamth\u00f6he: 13 cm ~ 5 inch  Produktabmessungen L: Matratzenh\u00f6he: 10 cm ~ 4 inch Bettl\u00e4nge: 95 cm ~ 38 inch Bettbreite: 65 cm ~ 26 inch Gesamth\u00f6he: 15 cm ~ 6 inch  Produktabmessungen XL: Matratzenh\u00f6he: 10 cm ~ 4 inch Bettl\u00e4nge: 125 cm ~ 50 inch Bettbreite: 90 cm ~ 35 inch Gesamth\u00f6he: 15 cm ~ 6 inch","og_url":"https:\/\/bokadesign.hr\/de\/produkt\/hundebett-klassiker\/","og_site_name":"BOKA design","article_publisher":"https:\/\/www.facebook.com\/BOKA-design-1542571742626063","article_modified_time":"2025-02-17T21:47:33+00:00","og_image":[{"width":600,"height":600,"url":"https:\/\/bokadesign.hr\/wp-content\/uploads\/2022\/10\/1.jpg","type":"image\/jpeg"}],"twitter_card":"summary_large_image","twitter_misc":{"Gesch\u00e4tzte Lesezeit":"1\u00a0Minute"},"schema":{"@context":"https:\/\/schema.org","@graph":[{"@type":"WebPage","@id":"https:\/\/bokadesign.hr\/de\/produkt\/hundebett-klassiker\/","url":"https:\/\/bokadesign.hr\/de\/produkt\/hundebett-klassiker\/","name":"Hundebett - KLASSIKER - BOKA design","isPartOf":{"@id":"https:\/\/bokadesign.hr\/#website"},"datePublished":"2022-10-03T12:04:17+00:00","dateModified":"2025-02-17T21:47:33+00:00","breadcrumb":{"@id":"https:\/\/bokadesign.hr\/de\/produkt\/hundebett-klassiker\/#breadcrumb"},"inLanguage":"de","potentialAction":[{"@type":"ReadAction","target":["https:\/\/bokadesign.hr\/de\/produkt\/hundebett-klassiker\/"]}]},{"@type":"BreadcrumbList","@id":"https:\/\/bokadesign.hr\/de\/produkt\/hundebett-klassiker\/#breadcrumb","itemListElement":[{"@type":"ListItem","position":1,"name":"Po\u010detna stranica","item":"https:\/\/bokadesign.hr\/de\/"},{"@type":"ListItem","position":2,"name":"Shop","item":"https:\/\/bokadesign.hr\/de\/geschaft\/"},{"@type":"ListItem","position":3,"name":"Hundebett &#8211; KLASSIKER"}]},{"@type":"WebSite","@id":"https:\/\/bokadesign.hr\/#website","url":"https:\/\/bokadesign.hr\/","name":"BOKA design","description":"Hand made wood products","publisher":{"@id":"https:\/\/bokadesign.hr\/#organization"},"potentialAction":[{"@type":"SearchAction","target":{"@type":"EntryPoint","urlTemplate":"https:\/\/bokadesign.hr\/?s={search_term_string}"},"query-input":"required name=search_term_string"}],"inLanguage":"de"},{"@type":"Organization","@id":"https:\/\/bokadesign.hr\/#organization","name":"BoKa design","url":"https:\/\/bokadesign.hr\/","logo":{"@type":"ImageObject","inLanguage":"de","@id":"https:\/\/bokadesign.hr\/#\/schema\/logo\/image\/","url":"https:\/\/bokadesign.hr\/wp-content\/uploads\/2020\/05\/boka_logo_final2-01.svg","contentUrl":"https:\/\/bokadesign.hr\/wp-content\/uploads\/2020\/05\/boka_logo_final2-01.svg","width":1,"height":1,"caption":"BoKa design"},"image":{"@id":"https:\/\/bokadesign.hr\/#\/schema\/logo\/image\/"},"sameAs":["https:\/\/www.facebook.com\/BOKA-design-1542571742626063","https:\/\/www.instagram.com\/boka.design_\/","https:\/\/www.linkedin.com\/company\/bokadesign\/"]}]}},"_links":{"self":[{"href":"https:\/\/bokadesign.hr\/de\/wp-json\/wp\/v2\/product\/33356","targetHints":{"allow":["GET"]}}],"collection":[{"href":"https:\/\/bokadesign.hr\/de\/wp-json\/wp\/v2\/product"}],"about":[{"href":"https:\/\/bokadesign.hr\/de\/wp-json\/wp\/v2\/types\/product"}],"replies":[{"embeddable":true,"href":"https:\/\/bokadesign.hr\/de\/wp-json\/wp\/v2\/comments?post=33356"}],"wp:featuredmedia":[{"embeddable":true,"href":"https:\/\/bokadesign.hr\/de\/wp-json\/wp\/v2\/media\/33375"}],"wp:attachment":[{"href":"https:\/\/bokadesign.hr\/de\/wp-json\/wp\/v2\/media?parent=33356"}],"wp:term":[{"taxonomy":"product_brand","embeddable":true,"href":"https:\/\/bokadesign.hr\/de\/wp-json\/wp\/v2\/product_brand?post=33356"},{"taxonomy":"product_cat","embeddable":true,"href":"https:\/\/bokadesign.hr\/de\/wp-json\/wp\/v2\/product_cat?post=33356"},{"taxonomy":"product_tag","embeddable":true,"href":"https:\/\/bokadesign.hr\/de\/wp-json\/wp\/v2\/product_tag?post=33356"}],"curies":[{"name":"wp","href":"https:\/\/api.w.org\/{rel}","templated":true}]}}