{"id":33778,"date":"2022-11-19T10:27:27","date_gmt":"2022-11-19T09:27:30","guid":{"rendered":"https:\/\/bokadesign.hr\/?post_type=product&#038;p=33778"},"modified":"2023-04-12T20:48:48","modified_gmt":"2023-04-12T18:48:48","slug":"adventskranz-holz-2","status":"publish","type":"product","link":"https:\/\/bokadesign.hr\/de\/produkt\/adventskranz-holz-2\/","title":{"rendered":"Adventskranz holz"},"content":{"rendered":"<section class=\"wpb-content-wrapper\"><p>[vc_row][vc_column][vc_column_text]<!-- show up to 2 reviews by default --> [\/vc_column_text][\/vc_column][\/vc_row][vc_row][vc_column][vc_column_text text_larger=&#8221;no&#8221;]<strong>Material:<\/strong><strong><br \/>\n<\/strong>Eiche MDF.<\/p>\n<p><strong>Wiederverwendbarkeit:<\/strong><strong><br \/>\n<\/strong>Das Produkt ist umweltfreundlich und kann recycelt oder zur Energier\u00fcckgewinnung verwendet werden.<\/p>\n<p><strong>Wartungshinweise:<\/strong><strong><br \/>\n<\/strong>Mit einem in einem milden Reinigungsmittel getr\u00e4nkten Tuch reinigen.<br \/>\nMit einem trockenen Tuch abwischen.<\/p>\n<p><strong>Anmerkung:<\/strong><strong><br \/>\n<\/strong>Leicht entz\u00fcndlich. Seien Sie vorsichtig im Umgang mit Kerzen und Flammen.[\/vc_column_text][\/vc_column][\/vc_row][vc_row][vc_column][vc_column_text][\/vc_column_text][\/vc_column][\/vc_row]<\/p>\n<\/section>","protected":false},"excerpt":{"rendered":"<p>Adventskr\u00e4nze sollen das Leben darstellen, und wir haben unseren Adventskr\u00e4nzen mit Fantasie und Einzigartigkeit eine einzigartige Bedeutung verliehen. Es wird Ihr Haus zu einem Zuhause machen und eine weihnachtliche Atmosph\u00e4re vermitteln. Hervorzuheben ist, was f\u00fcr Sie als unseren gesch\u00e4tzten Kunden am wichtigsten ist und uns als Hersteller gleichzeitig einzigartig auf dem Markt macht \u2013 durch unsere M\u00f6glichkeiten GESTALTEN SIE DEN ADVENTKRANZ SELBST und verleihen ihm damit eine Portion weihnachtlicher Einzigartigkeit. Die Gravur erfolgt mit CNC-Technik. Es wurden \u00d6ko-Acrylfarben verwendet.<\/p>\n<p><strong>Produktabmessungen:<\/strong><br \/>\nDicke: 1.6 cm<br \/>\nDurchmesser: 30 cm<\/p>\n","protected":false},"featured_media":33590,"comment_status":"open","ping_status":"closed","template":"","meta":[],"product_brand":[],"product_cat":[570],"product_tag":[],"class_list":{"0":"post-33778","1":"product","2":"type-product","3":"status-publish","4":"has-post-thumbnail","6":"product_cat-weihnachten","8":"first","9":"instock","10":"sale","11":"taxable","12":"shipping-taxable","13":"purchasable","14":"product-type-variable"},"acf":[],"yoast_head":"<!-- This site is optimized with the Yoast SEO plugin v21.5 - https:\/\/yoast.com\/wordpress\/plugins\/seo\/ -->\n<title>Adventskranz holz - BOKA design<\/title>\n<meta name=\"robots\" content=\"index, follow, max-snippet:-1, max-image-preview:large, max-video-preview:-1\" \/>\n<link rel=\"canonical\" href=\"https:\/\/bokadesign.hr\/de\/produkt\/adventskranz-holz-2\/\" \/>\n<meta property=\"og:locale\" content=\"de_DE\" \/>\n<meta property=\"og:type\" content=\"article\" \/>\n<meta property=\"og:title\" content=\"Adventskranz holz - BOKA design\" \/>\n<meta property=\"og:description\" content=\"Adventskr\u00e4nze sollen das Leben darstellen, und wir haben unseren Adventskr\u00e4nzen mit Fantasie und Einzigartigkeit eine einzigartige Bedeutung verliehen. Es wird Ihr Haus zu einem Zuhause machen und eine weihnachtliche Atmosph\u00e4re vermitteln. Hervorzuheben ist, was f\u00fcr Sie als unseren gesch\u00e4tzten Kunden am wichtigsten ist und uns als Hersteller gleichzeitig einzigartig auf dem Markt macht \u2013 durch unsere M\u00f6glichkeiten GESTALTEN SIE DEN ADVENTKRANZ SELBST und verleihen ihm damit eine Portion weihnachtlicher Einzigartigkeit. Die Gravur erfolgt mit CNC-Technik. Es wurden \u00d6ko-Acrylfarben verwendet.  Produktabmessungen: Dicke: 1.6 cm Durchmesser: 30 cm\" \/>\n<meta property=\"og:url\" content=\"https:\/\/bokadesign.hr\/de\/produkt\/adventskranz-holz-2\/\" \/>\n<meta property=\"og:site_name\" content=\"BOKA design\" \/>\n<meta property=\"article:publisher\" content=\"https:\/\/www.facebook.com\/BOKA-design-1542571742626063\" \/>\n<meta property=\"article:modified_time\" content=\"2023-04-12T18:48:48+00:00\" \/>\n<meta property=\"og:image\" content=\"https:\/\/bokadesign.hr\/wp-content\/uploads\/2022\/11\/3.-Adventski-vijenac.jpg\" \/>\n\t<meta property=\"og:image:width\" content=\"600\" \/>\n\t<meta property=\"og:image:height\" content=\"600\" \/>\n\t<meta property=\"og:image:type\" content=\"image\/jpeg\" \/>\n<meta name=\"twitter:card\" content=\"summary_large_image\" \/>\n<meta name=\"twitter:label1\" content=\"Gesch\u00e4tzte Lesezeit\" \/>\n\t<meta name=\"twitter:data1\" content=\"1\u00a0Minute\" \/>\n<script type=\"application\/ld+json\" class=\"yoast-schema-graph\">{\"@context\":\"https:\/\/schema.org\",\"@graph\":[{\"@type\":\"WebPage\",\"@id\":\"https:\/\/bokadesign.hr\/de\/produkt\/adventskranz-holz-2\/\",\"url\":\"https:\/\/bokadesign.hr\/de\/produkt\/adventskranz-holz-2\/\",\"name\":\"Adventskranz holz - BOKA design\",\"isPartOf\":{\"@id\":\"https:\/\/bokadesign.hr\/#website\"},\"datePublished\":\"2022-11-19T09:27:30+00:00\",\"dateModified\":\"2023-04-12T18:48:48+00:00\",\"breadcrumb\":{\"@id\":\"https:\/\/bokadesign.hr\/de\/produkt\/adventskranz-holz-2\/#breadcrumb\"},\"inLanguage\":\"de\",\"potentialAction\":[{\"@type\":\"ReadAction\",\"target\":[\"https:\/\/bokadesign.hr\/de\/produkt\/adventskranz-holz-2\/\"]}]},{\"@type\":\"BreadcrumbList\",\"@id\":\"https:\/\/bokadesign.hr\/de\/produkt\/adventskranz-holz-2\/#breadcrumb\",\"itemListElement\":[{\"@type\":\"ListItem\",\"position\":1,\"name\":\"Po\u010detna stranica\",\"item\":\"https:\/\/bokadesign.hr\/de\/\"},{\"@type\":\"ListItem\",\"position\":2,\"name\":\"Shop\",\"item\":\"https:\/\/bokadesign.hr\/de\/geschaft\/\"},{\"@type\":\"ListItem\",\"position\":3,\"name\":\"Adventskranz holz\"}]},{\"@type\":\"WebSite\",\"@id\":\"https:\/\/bokadesign.hr\/#website\",\"url\":\"https:\/\/bokadesign.hr\/\",\"name\":\"BOKA design\",\"description\":\"Hand made wood products\",\"publisher\":{\"@id\":\"https:\/\/bokadesign.hr\/#organization\"},\"potentialAction\":[{\"@type\":\"SearchAction\",\"target\":{\"@type\":\"EntryPoint\",\"urlTemplate\":\"https:\/\/bokadesign.hr\/?s={search_term_string}\"},\"query-input\":\"required name=search_term_string\"}],\"inLanguage\":\"de\"},{\"@type\":\"Organization\",\"@id\":\"https:\/\/bokadesign.hr\/#organization\",\"name\":\"BoKa design\",\"url\":\"https:\/\/bokadesign.hr\/\",\"logo\":{\"@type\":\"ImageObject\",\"inLanguage\":\"de\",\"@id\":\"https:\/\/bokadesign.hr\/#\/schema\/logo\/image\/\",\"url\":\"https:\/\/bokadesign.hr\/wp-content\/uploads\/2020\/05\/boka_logo_final2-01.svg\",\"contentUrl\":\"https:\/\/bokadesign.hr\/wp-content\/uploads\/2020\/05\/boka_logo_final2-01.svg\",\"width\":1,\"height\":1,\"caption\":\"BoKa design\"},\"image\":{\"@id\":\"https:\/\/bokadesign.hr\/#\/schema\/logo\/image\/\"},\"sameAs\":[\"https:\/\/www.facebook.com\/BOKA-design-1542571742626063\",\"https:\/\/www.instagram.com\/boka.design_\/\",\"https:\/\/www.linkedin.com\/company\/bokadesign\/\"]}]}<\/script>\n<!-- \/ Yoast SEO plugin. -->","yoast_head_json":{"title":"Adventskranz holz - BOKA design","robots":{"index":"index","follow":"follow","max-snippet":"max-snippet:-1","max-image-preview":"max-image-preview:large","max-video-preview":"max-video-preview:-1"},"canonical":"https:\/\/bokadesign.hr\/de\/produkt\/adventskranz-holz-2\/","og_locale":"de_DE","og_type":"article","og_title":"Adventskranz holz - BOKA design","og_description":"Adventskr\u00e4nze sollen das Leben darstellen, und wir haben unseren Adventskr\u00e4nzen mit Fantasie und Einzigartigkeit eine einzigartige Bedeutung verliehen. Es wird Ihr Haus zu einem Zuhause machen und eine weihnachtliche Atmosph\u00e4re vermitteln. Hervorzuheben ist, was f\u00fcr Sie als unseren gesch\u00e4tzten Kunden am wichtigsten ist und uns als Hersteller gleichzeitig einzigartig auf dem Markt macht \u2013 durch unsere M\u00f6glichkeiten GESTALTEN SIE DEN ADVENTKRANZ SELBST und verleihen ihm damit eine Portion weihnachtlicher Einzigartigkeit. Die Gravur erfolgt mit CNC-Technik. Es wurden \u00d6ko-Acrylfarben verwendet.  Produktabmessungen: Dicke: 1.6 cm Durchmesser: 30 cm","og_url":"https:\/\/bokadesign.hr\/de\/produkt\/adventskranz-holz-2\/","og_site_name":"BOKA design","article_publisher":"https:\/\/www.facebook.com\/BOKA-design-1542571742626063","article_modified_time":"2023-04-12T18:48:48+00:00","og_image":[{"width":600,"height":600,"url":"https:\/\/bokadesign.hr\/wp-content\/uploads\/2022\/11\/3.-Adventski-vijenac.jpg","type":"image\/jpeg"}],"twitter_card":"summary_large_image","twitter_misc":{"Gesch\u00e4tzte Lesezeit":"1\u00a0Minute"},"schema":{"@context":"https:\/\/schema.org","@graph":[{"@type":"WebPage","@id":"https:\/\/bokadesign.hr\/de\/produkt\/adventskranz-holz-2\/","url":"https:\/\/bokadesign.hr\/de\/produkt\/adventskranz-holz-2\/","name":"Adventskranz holz - BOKA design","isPartOf":{"@id":"https:\/\/bokadesign.hr\/#website"},"datePublished":"2022-11-19T09:27:30+00:00","dateModified":"2023-04-12T18:48:48+00:00","breadcrumb":{"@id":"https:\/\/bokadesign.hr\/de\/produkt\/adventskranz-holz-2\/#breadcrumb"},"inLanguage":"de","potentialAction":[{"@type":"ReadAction","target":["https:\/\/bokadesign.hr\/de\/produkt\/adventskranz-holz-2\/"]}]},{"@type":"BreadcrumbList","@id":"https:\/\/bokadesign.hr\/de\/produkt\/adventskranz-holz-2\/#breadcrumb","itemListElement":[{"@type":"ListItem","position":1,"name":"Po\u010detna stranica","item":"https:\/\/bokadesign.hr\/de\/"},{"@type":"ListItem","position":2,"name":"Shop","item":"https:\/\/bokadesign.hr\/de\/geschaft\/"},{"@type":"ListItem","position":3,"name":"Adventskranz holz"}]},{"@type":"WebSite","@id":"https:\/\/bokadesign.hr\/#website","url":"https:\/\/bokadesign.hr\/","name":"BOKA design","description":"Hand made wood products","publisher":{"@id":"https:\/\/bokadesign.hr\/#organization"},"potentialAction":[{"@type":"SearchAction","target":{"@type":"EntryPoint","urlTemplate":"https:\/\/bokadesign.hr\/?s={search_term_string}"},"query-input":"required name=search_term_string"}],"inLanguage":"de"},{"@type":"Organization","@id":"https:\/\/bokadesign.hr\/#organization","name":"BoKa design","url":"https:\/\/bokadesign.hr\/","logo":{"@type":"ImageObject","inLanguage":"de","@id":"https:\/\/bokadesign.hr\/#\/schema\/logo\/image\/","url":"https:\/\/bokadesign.hr\/wp-content\/uploads\/2020\/05\/boka_logo_final2-01.svg","contentUrl":"https:\/\/bokadesign.hr\/wp-content\/uploads\/2020\/05\/boka_logo_final2-01.svg","width":1,"height":1,"caption":"BoKa design"},"image":{"@id":"https:\/\/bokadesign.hr\/#\/schema\/logo\/image\/"},"sameAs":["https:\/\/www.facebook.com\/BOKA-design-1542571742626063","https:\/\/www.instagram.com\/boka.design_\/","https:\/\/www.linkedin.com\/company\/bokadesign\/"]}]}},"_links":{"self":[{"href":"https:\/\/bokadesign.hr\/de\/wp-json\/wp\/v2\/product\/33778","targetHints":{"allow":["GET"]}}],"collection":[{"href":"https:\/\/bokadesign.hr\/de\/wp-json\/wp\/v2\/product"}],"about":[{"href":"https:\/\/bokadesign.hr\/de\/wp-json\/wp\/v2\/types\/product"}],"replies":[{"embeddable":true,"href":"https:\/\/bokadesign.hr\/de\/wp-json\/wp\/v2\/comments?post=33778"}],"wp:featuredmedia":[{"embeddable":true,"href":"https:\/\/bokadesign.hr\/de\/wp-json\/wp\/v2\/media\/33590"}],"wp:attachment":[{"href":"https:\/\/bokadesign.hr\/de\/wp-json\/wp\/v2\/media?parent=33778"}],"wp:term":[{"taxonomy":"product_brand","embeddable":true,"href":"https:\/\/bokadesign.hr\/de\/wp-json\/wp\/v2\/product_brand?post=33778"},{"taxonomy":"product_cat","embeddable":true,"href":"https:\/\/bokadesign.hr\/de\/wp-json\/wp\/v2\/product_cat?post=33778"},{"taxonomy":"product_tag","embeddable":true,"href":"https:\/\/bokadesign.hr\/de\/wp-json\/wp\/v2\/product_tag?post=33778"}],"curies":[{"name":"wp","href":"https:\/\/api.w.org\/{rel}","templated":true}]}}