{"id":34732,"date":"2023-04-24T17:18:28","date_gmt":"2023-04-24T15:24:31","guid":{"rendered":"https:\/\/bokadesign.hr\/?post_type=product&#038;p=34732"},"modified":"2023-05-11T20:35:55","modified_gmt":"2023-05-11T18:35:55","slug":"dekoration-najbolji-prijatelj-10x30cm","status":"publish","type":"product","link":"https:\/\/bokadesign.hr\/de\/produkt\/dekoration-najbolji-prijatelj-10x30cm\/","title":{"rendered":"Dekoration &#8211; Najbolji prijatelj &#8211; 10x30cm"},"content":{"rendered":"<section class=\"wpb-content-wrapper\"><p>[vc_row][vc_column][vc_column_text text_larger=&#8221;no&#8221;]<strong>Material:<\/strong><br \/>\nEiche MDF.<\/p>\n<p><strong>Wiederverwendbarkeit:<\/strong><br \/>\nDas Produkt ist umweltfreundlich und kann recycelt oder zur Energier\u00fcckgewinnung verwendet werden.<\/p>\n<p><strong>Wartungshinweise:<\/strong><br \/>\nMit einem in einem milden Reinigungsmittel getr\u00e4nkten Tuch reinigen.<br \/>\nMit einem trockenen Tuch abwischen.<br \/>\n[\/vc_column_text][\/vc_column][\/vc_row]<\/p>\n<\/section>","protected":false},"excerpt":{"rendered":"<p>Sch\u00f6ne Holzschilder mit tierischen Freundschaftsschildern sind die perfekte Dekoration f\u00fcr Ihre Haust\u00fcr, um Familie, Freunde und alle Tierliebhaber willkommen zu hei\u00dfen. Au\u00dferdem wird diese Holzdekoration in jedem Teil des Hauses oder der Gesch\u00e4ftsr\u00e4ume gro\u00dfartig aussehen. Die Dekoration besteht aus MDF und das Design ist dauerhaft in das Material eingraviert. Verschenke dieses liebevolle Geschenk an Familie oder Freunde und zaubere ihnen jedes Mal ein L\u00e4cheln ins Gesicht, wenn sie es betrachten. Zufriedenheit und Einzigartigkeit sind garantiert. Das Tierliebhaber-Holzschild wird mit einem Juteseil geliefert. Im Set erhalten Sie einen selbstklebenden Haken, den Sie einfach an die gew\u00fcnschte Stelle kleben und schon ist alles fertig zum Aufh\u00e4ngen der Dekoration.<\/p>\n<p><strong>Produktabmessungen:<\/strong><br \/>\nH\u00f6he: 10 cm<br \/>\nBreite: 30 cm<\/p>\n","protected":false},"featured_media":34699,"comment_status":"open","ping_status":"closed","template":"","meta":[],"product_brand":[],"product_cat":[417,419],"product_tag":[],"class_list":{"0":"post-34732","1":"product","2":"type-product","3":"status-publish","4":"has-post-thumbnail","6":"product_cat-dekoracije-kucni-ljubimci","7":"product_cat-dekorationen-haustiere","9":"first","10":"instock","11":"sale","12":"taxable","13":"shipping-taxable","14":"purchasable","15":"product-type-variable"},"acf":[],"yoast_head":"<!-- This site is optimized with the Yoast SEO plugin v21.5 - https:\/\/yoast.com\/wordpress\/plugins\/seo\/ -->\n<title>Dekoration - Najbolji prijatelj - 10x30cm - BOKA design<\/title>\n<meta name=\"robots\" content=\"index, follow, max-snippet:-1, max-image-preview:large, max-video-preview:-1\" \/>\n<link rel=\"canonical\" href=\"https:\/\/bokadesign.hr\/de\/produkt\/dekoration-najbolji-prijatelj-10x30cm\/\" \/>\n<meta property=\"og:locale\" content=\"de_DE\" \/>\n<meta property=\"og:type\" content=\"article\" \/>\n<meta property=\"og:title\" content=\"Dekoration - Najbolji prijatelj - 10x30cm - BOKA design\" \/>\n<meta property=\"og:description\" content=\"Sch\u00f6ne Holzschilder mit tierischen Freundschaftsschildern sind die perfekte Dekoration f\u00fcr Ihre Haust\u00fcr, um Familie, Freunde und alle Tierliebhaber willkommen zu hei\u00dfen. Au\u00dferdem wird diese Holzdekoration in jedem Teil des Hauses oder der Gesch\u00e4ftsr\u00e4ume gro\u00dfartig aussehen. Die Dekoration besteht aus MDF und das Design ist dauerhaft in das Material eingraviert. Verschenke dieses liebevolle Geschenk an Familie oder Freunde und zaubere ihnen jedes Mal ein L\u00e4cheln ins Gesicht, wenn sie es betrachten. Zufriedenheit und Einzigartigkeit sind garantiert. Das Tierliebhaber-Holzschild wird mit einem Juteseil geliefert. Im Set erhalten Sie einen selbstklebenden Haken, den Sie einfach an die gew\u00fcnschte Stelle kleben und schon ist alles fertig zum Aufh\u00e4ngen der Dekoration.  Produktabmessungen: H\u00f6he: 10 cm Breite: 30 cm\" \/>\n<meta property=\"og:url\" content=\"https:\/\/bokadesign.hr\/de\/produkt\/dekoration-najbolji-prijatelj-10x30cm\/\" \/>\n<meta property=\"og:site_name\" content=\"BOKA design\" \/>\n<meta property=\"article:publisher\" content=\"https:\/\/www.facebook.com\/BOKA-design-1542571742626063\" \/>\n<meta property=\"article:modified_time\" content=\"2023-05-11T18:35:55+00:00\" \/>\n<meta property=\"og:image\" content=\"https:\/\/bokadesign.hr\/wp-content\/uploads\/2023\/04\/Dizajn-bez-naslova-67.jpg\" \/>\n\t<meta property=\"og:image:width\" content=\"600\" \/>\n\t<meta property=\"og:image:height\" content=\"600\" \/>\n\t<meta property=\"og:image:type\" content=\"image\/jpeg\" \/>\n<meta name=\"twitter:card\" content=\"summary_large_image\" \/>\n<meta name=\"twitter:label1\" content=\"Gesch\u00e4tzte Lesezeit\" \/>\n\t<meta name=\"twitter:data1\" content=\"1\u00a0Minute\" \/>\n<script type=\"application\/ld+json\" class=\"yoast-schema-graph\">{\"@context\":\"https:\/\/schema.org\",\"@graph\":[{\"@type\":\"WebPage\",\"@id\":\"https:\/\/bokadesign.hr\/de\/produkt\/dekoration-najbolji-prijatelj-10x30cm\/\",\"url\":\"https:\/\/bokadesign.hr\/de\/produkt\/dekoration-najbolji-prijatelj-10x30cm\/\",\"name\":\"Dekoration - Najbolji prijatelj - 10x30cm - BOKA design\",\"isPartOf\":{\"@id\":\"https:\/\/bokadesign.hr\/#website\"},\"datePublished\":\"2023-04-24T15:24:31+00:00\",\"dateModified\":\"2023-05-11T18:35:55+00:00\",\"breadcrumb\":{\"@id\":\"https:\/\/bokadesign.hr\/de\/produkt\/dekoration-najbolji-prijatelj-10x30cm\/#breadcrumb\"},\"inLanguage\":\"de\",\"potentialAction\":[{\"@type\":\"ReadAction\",\"target\":[\"https:\/\/bokadesign.hr\/de\/produkt\/dekoration-najbolji-prijatelj-10x30cm\/\"]}]},{\"@type\":\"BreadcrumbList\",\"@id\":\"https:\/\/bokadesign.hr\/de\/produkt\/dekoration-najbolji-prijatelj-10x30cm\/#breadcrumb\",\"itemListElement\":[{\"@type\":\"ListItem\",\"position\":1,\"name\":\"Po\u010detna stranica\",\"item\":\"https:\/\/bokadesign.hr\/de\/\"},{\"@type\":\"ListItem\",\"position\":2,\"name\":\"Shop\",\"item\":\"https:\/\/bokadesign.hr\/de\/geschaft\/\"},{\"@type\":\"ListItem\",\"position\":3,\"name\":\"Dekoration &#8211; Najbolji prijatelj &#8211; 10x30cm\"}]},{\"@type\":\"WebSite\",\"@id\":\"https:\/\/bokadesign.hr\/#website\",\"url\":\"https:\/\/bokadesign.hr\/\",\"name\":\"BOKA design\",\"description\":\"Hand made wood products\",\"publisher\":{\"@id\":\"https:\/\/bokadesign.hr\/#organization\"},\"potentialAction\":[{\"@type\":\"SearchAction\",\"target\":{\"@type\":\"EntryPoint\",\"urlTemplate\":\"https:\/\/bokadesign.hr\/?s={search_term_string}\"},\"query-input\":\"required name=search_term_string\"}],\"inLanguage\":\"de\"},{\"@type\":\"Organization\",\"@id\":\"https:\/\/bokadesign.hr\/#organization\",\"name\":\"BoKa design\",\"url\":\"https:\/\/bokadesign.hr\/\",\"logo\":{\"@type\":\"ImageObject\",\"inLanguage\":\"de\",\"@id\":\"https:\/\/bokadesign.hr\/#\/schema\/logo\/image\/\",\"url\":\"https:\/\/bokadesign.hr\/wp-content\/uploads\/2020\/05\/boka_logo_final2-01.svg\",\"contentUrl\":\"https:\/\/bokadesign.hr\/wp-content\/uploads\/2020\/05\/boka_logo_final2-01.svg\",\"width\":1,\"height\":1,\"caption\":\"BoKa design\"},\"image\":{\"@id\":\"https:\/\/bokadesign.hr\/#\/schema\/logo\/image\/\"},\"sameAs\":[\"https:\/\/www.facebook.com\/BOKA-design-1542571742626063\",\"https:\/\/www.instagram.com\/boka.design_\/\",\"https:\/\/www.linkedin.com\/company\/bokadesign\/\"]}]}<\/script>\n<!-- \/ Yoast SEO plugin. -->","yoast_head_json":{"title":"Dekoration - Najbolji prijatelj - 10x30cm - BOKA design","robots":{"index":"index","follow":"follow","max-snippet":"max-snippet:-1","max-image-preview":"max-image-preview:large","max-video-preview":"max-video-preview:-1"},"canonical":"https:\/\/bokadesign.hr\/de\/produkt\/dekoration-najbolji-prijatelj-10x30cm\/","og_locale":"de_DE","og_type":"article","og_title":"Dekoration - Najbolji prijatelj - 10x30cm - BOKA design","og_description":"Sch\u00f6ne Holzschilder mit tierischen Freundschaftsschildern sind die perfekte Dekoration f\u00fcr Ihre Haust\u00fcr, um Familie, Freunde und alle Tierliebhaber willkommen zu hei\u00dfen. Au\u00dferdem wird diese Holzdekoration in jedem Teil des Hauses oder der Gesch\u00e4ftsr\u00e4ume gro\u00dfartig aussehen. Die Dekoration besteht aus MDF und das Design ist dauerhaft in das Material eingraviert. Verschenke dieses liebevolle Geschenk an Familie oder Freunde und zaubere ihnen jedes Mal ein L\u00e4cheln ins Gesicht, wenn sie es betrachten. Zufriedenheit und Einzigartigkeit sind garantiert. Das Tierliebhaber-Holzschild wird mit einem Juteseil geliefert. Im Set erhalten Sie einen selbstklebenden Haken, den Sie einfach an die gew\u00fcnschte Stelle kleben und schon ist alles fertig zum Aufh\u00e4ngen der Dekoration.  Produktabmessungen: H\u00f6he: 10 cm Breite: 30 cm","og_url":"https:\/\/bokadesign.hr\/de\/produkt\/dekoration-najbolji-prijatelj-10x30cm\/","og_site_name":"BOKA design","article_publisher":"https:\/\/www.facebook.com\/BOKA-design-1542571742626063","article_modified_time":"2023-05-11T18:35:55+00:00","og_image":[{"width":600,"height":600,"url":"https:\/\/bokadesign.hr\/wp-content\/uploads\/2023\/04\/Dizajn-bez-naslova-67.jpg","type":"image\/jpeg"}],"twitter_card":"summary_large_image","twitter_misc":{"Gesch\u00e4tzte Lesezeit":"1\u00a0Minute"},"schema":{"@context":"https:\/\/schema.org","@graph":[{"@type":"WebPage","@id":"https:\/\/bokadesign.hr\/de\/produkt\/dekoration-najbolji-prijatelj-10x30cm\/","url":"https:\/\/bokadesign.hr\/de\/produkt\/dekoration-najbolji-prijatelj-10x30cm\/","name":"Dekoration - Najbolji prijatelj - 10x30cm - BOKA design","isPartOf":{"@id":"https:\/\/bokadesign.hr\/#website"},"datePublished":"2023-04-24T15:24:31+00:00","dateModified":"2023-05-11T18:35:55+00:00","breadcrumb":{"@id":"https:\/\/bokadesign.hr\/de\/produkt\/dekoration-najbolji-prijatelj-10x30cm\/#breadcrumb"},"inLanguage":"de","potentialAction":[{"@type":"ReadAction","target":["https:\/\/bokadesign.hr\/de\/produkt\/dekoration-najbolji-prijatelj-10x30cm\/"]}]},{"@type":"BreadcrumbList","@id":"https:\/\/bokadesign.hr\/de\/produkt\/dekoration-najbolji-prijatelj-10x30cm\/#breadcrumb","itemListElement":[{"@type":"ListItem","position":1,"name":"Po\u010detna stranica","item":"https:\/\/bokadesign.hr\/de\/"},{"@type":"ListItem","position":2,"name":"Shop","item":"https:\/\/bokadesign.hr\/de\/geschaft\/"},{"@type":"ListItem","position":3,"name":"Dekoration &#8211; Najbolji prijatelj &#8211; 10x30cm"}]},{"@type":"WebSite","@id":"https:\/\/bokadesign.hr\/#website","url":"https:\/\/bokadesign.hr\/","name":"BOKA design","description":"Hand made wood products","publisher":{"@id":"https:\/\/bokadesign.hr\/#organization"},"potentialAction":[{"@type":"SearchAction","target":{"@type":"EntryPoint","urlTemplate":"https:\/\/bokadesign.hr\/?s={search_term_string}"},"query-input":"required name=search_term_string"}],"inLanguage":"de"},{"@type":"Organization","@id":"https:\/\/bokadesign.hr\/#organization","name":"BoKa design","url":"https:\/\/bokadesign.hr\/","logo":{"@type":"ImageObject","inLanguage":"de","@id":"https:\/\/bokadesign.hr\/#\/schema\/logo\/image\/","url":"https:\/\/bokadesign.hr\/wp-content\/uploads\/2020\/05\/boka_logo_final2-01.svg","contentUrl":"https:\/\/bokadesign.hr\/wp-content\/uploads\/2020\/05\/boka_logo_final2-01.svg","width":1,"height":1,"caption":"BoKa design"},"image":{"@id":"https:\/\/bokadesign.hr\/#\/schema\/logo\/image\/"},"sameAs":["https:\/\/www.facebook.com\/BOKA-design-1542571742626063","https:\/\/www.instagram.com\/boka.design_\/","https:\/\/www.linkedin.com\/company\/bokadesign\/"]}]}},"_links":{"self":[{"href":"https:\/\/bokadesign.hr\/de\/wp-json\/wp\/v2\/product\/34732","targetHints":{"allow":["GET"]}}],"collection":[{"href":"https:\/\/bokadesign.hr\/de\/wp-json\/wp\/v2\/product"}],"about":[{"href":"https:\/\/bokadesign.hr\/de\/wp-json\/wp\/v2\/types\/product"}],"replies":[{"embeddable":true,"href":"https:\/\/bokadesign.hr\/de\/wp-json\/wp\/v2\/comments?post=34732"}],"wp:featuredmedia":[{"embeddable":true,"href":"https:\/\/bokadesign.hr\/de\/wp-json\/wp\/v2\/media\/34699"}],"wp:attachment":[{"href":"https:\/\/bokadesign.hr\/de\/wp-json\/wp\/v2\/media?parent=34732"}],"wp:term":[{"taxonomy":"product_brand","embeddable":true,"href":"https:\/\/bokadesign.hr\/de\/wp-json\/wp\/v2\/product_brand?post=34732"},{"taxonomy":"product_cat","embeddable":true,"href":"https:\/\/bokadesign.hr\/de\/wp-json\/wp\/v2\/product_cat?post=34732"},{"taxonomy":"product_tag","embeddable":true,"href":"https:\/\/bokadesign.hr\/de\/wp-json\/wp\/v2\/product_tag?post=34732"}],"curies":[{"name":"wp","href":"https:\/\/api.w.org\/{rel}","templated":true}]}}