{"id":35569,"date":"2023-08-01T18:07:10","date_gmt":"2023-08-01T16:07:15","guid":{"rendered":"https:\/\/bokadesign.hr\/?post_type=product&#038;p=35569"},"modified":"2023-08-01T18:20:28","modified_gmt":"2023-08-01T16:20:28","slug":"kleiderbugel-ljubimci-dobrodosli-10x30cm","status":"publish","type":"product","link":"https:\/\/bokadesign.hr\/de\/produkt\/kleiderbugel-ljubimci-dobrodosli-10x30cm\/","title":{"rendered":"Kleiderb\u00fcgel &#8211; Ljubimci dobrodo\u0161li &#8211; 10x30cm"},"content":{"rendered":"<p><strong>Material:<\/strong><br \/>\nEiche MDF.<\/p>\n<p><strong>Wiederverwendbarkeit:<\/strong><br \/>\nDas Produkt ist umweltfreundlich und kann recycelt oder zur Energier\u00fcckgewinnung verwendet werden.<\/p>\n<p><strong>Wartungshinweise:<\/strong><br \/>\nMit einem in einem milden Reinigungsmittel getr\u00e4nkten Tuch reinigen.<br \/>\nMit einem trockenen Tuch abwischen.<\/p>\n","protected":false},"excerpt":{"rendered":"<p>Der sorgf\u00e4ltig entworfene und hergestellte Schl\u00fcsselanh\u00e4nger mit Haustiermotiv ist nicht nur eine tolle Dekorationsm\u00f6glichkeit, sondern auch eine funktionale L\u00f6sung f\u00fcr Ihr Zuhause. Es ist der perfekte dekorative Kleiderb\u00fcgel f\u00fcr den Eingang Ihres Hauses. Es bewahrt Ihre Schl\u00fcssel organisiert auf einem Kleiderb\u00fcgel auf und kann auch als Leine- oder Halskettenhalter f\u00fcr Ihren lieben treuen Freund verwendet werden. Es verhindert, dass Sie jeden Tag kleine, aber sehr notwendige Gegenst\u00e4nde verlieren und danach suchen. Dieser anpassbare Leinen- und Schl\u00fcsselhalter besteht aus sorgf\u00e4ltig ausgew\u00e4hltem MDF mit CNC-Gravur und ist das perfekte Geschenk f\u00fcr jeden Anlass. Verschenken Sie dieses liebevolle Geschenk an Familie oder Freunde und zaubern Sie ihnen jedes Mal ein L\u00e4cheln ins Gesicht, wenn sie es betrachten. Zufriedenheit und Einzigartigkeit sind garantiert. Der Schl\u00fcsselhalter wird mit komplettem Zubeh\u00f6r zur Wandmontage geliefert.<\/p>\n<p><strong>Produktabmessungen:<\/strong><br \/>\nH\u00f6he: 10 cm<br \/>\nBreite: 30 cm<\/p>\n","protected":false},"featured_media":35596,"comment_status":"open","ping_status":"closed","template":"","meta":[],"product_brand":[],"product_cat":[423],"product_tag":[],"class_list":{"0":"post-35569","1":"product","2":"type-product","3":"status-publish","4":"has-post-thumbnail","6":"product_cat-aufhaenger-fuer-leinen-und-schluessel-haustiere","8":"first","9":"instock","10":"sale","11":"taxable","12":"shipping-taxable","13":"purchasable","14":"product-type-variable"},"acf":[],"yoast_head":"<!-- This site is optimized with the Yoast SEO plugin v21.5 - https:\/\/yoast.com\/wordpress\/plugins\/seo\/ -->\n<title>Kleiderb\u00fcgel - Ljubimci dobrodo\u0161li - 10x30cm - BOKA design<\/title>\n<meta name=\"robots\" content=\"index, follow, max-snippet:-1, max-image-preview:large, max-video-preview:-1\" \/>\n<link rel=\"canonical\" href=\"https:\/\/bokadesign.hr\/de\/produkt\/kleiderbugel-ljubimci-dobrodosli-10x30cm\/\" \/>\n<meta property=\"og:locale\" content=\"de_DE\" \/>\n<meta property=\"og:type\" content=\"article\" \/>\n<meta property=\"og:title\" content=\"Kleiderb\u00fcgel - Ljubimci dobrodo\u0161li - 10x30cm - BOKA design\" \/>\n<meta property=\"og:description\" content=\"Der sorgf\u00e4ltig entworfene und hergestellte Schl\u00fcsselanh\u00e4nger mit Haustiermotiv ist nicht nur eine tolle Dekorationsm\u00f6glichkeit, sondern auch eine funktionale L\u00f6sung f\u00fcr Ihr Zuhause. Es ist der perfekte dekorative Kleiderb\u00fcgel f\u00fcr den Eingang Ihres Hauses. Es bewahrt Ihre Schl\u00fcssel organisiert auf einem Kleiderb\u00fcgel auf und kann auch als Leine- oder Halskettenhalter f\u00fcr Ihren lieben treuen Freund verwendet werden. Es verhindert, dass Sie jeden Tag kleine, aber sehr notwendige Gegenst\u00e4nde verlieren und danach suchen. Dieser anpassbare Leinen- und Schl\u00fcsselhalter besteht aus sorgf\u00e4ltig ausgew\u00e4hltem MDF mit CNC-Gravur und ist das perfekte Geschenk f\u00fcr jeden Anlass. Verschenken Sie dieses liebevolle Geschenk an Familie oder Freunde und zaubern Sie ihnen jedes Mal ein L\u00e4cheln ins Gesicht, wenn sie es betrachten. Zufriedenheit und Einzigartigkeit sind garantiert. Der Schl\u00fcsselhalter wird mit komplettem Zubeh\u00f6r zur Wandmontage geliefert.  Produktabmessungen: H\u00f6he: 10 cm Breite: 30 cm\" \/>\n<meta property=\"og:url\" content=\"https:\/\/bokadesign.hr\/de\/produkt\/kleiderbugel-ljubimci-dobrodosli-10x30cm\/\" \/>\n<meta property=\"og:site_name\" content=\"BOKA design\" \/>\n<meta property=\"article:publisher\" content=\"https:\/\/www.facebook.com\/BOKA-design-1542571742626063\" \/>\n<meta property=\"article:modified_time\" content=\"2023-08-01T16:20:28+00:00\" \/>\n<meta property=\"og:image\" content=\"https:\/\/bokadesign.hr\/wp-content\/uploads\/2023\/08\/Dizajn-bez-naslova-91.jpg\" \/>\n\t<meta property=\"og:image:width\" content=\"600\" \/>\n\t<meta property=\"og:image:height\" content=\"600\" \/>\n\t<meta property=\"og:image:type\" content=\"image\/jpeg\" \/>\n<meta name=\"twitter:card\" content=\"summary_large_image\" \/>\n<meta name=\"twitter:label1\" content=\"Gesch\u00e4tzte Lesezeit\" \/>\n\t<meta name=\"twitter:data1\" content=\"1\u00a0Minute\" \/>\n<script type=\"application\/ld+json\" class=\"yoast-schema-graph\">{\"@context\":\"https:\/\/schema.org\",\"@graph\":[{\"@type\":\"WebPage\",\"@id\":\"https:\/\/bokadesign.hr\/de\/produkt\/kleiderbugel-ljubimci-dobrodosli-10x30cm\/\",\"url\":\"https:\/\/bokadesign.hr\/de\/produkt\/kleiderbugel-ljubimci-dobrodosli-10x30cm\/\",\"name\":\"Kleiderb\u00fcgel - Ljubimci dobrodo\u0161li - 10x30cm - BOKA design\",\"isPartOf\":{\"@id\":\"https:\/\/bokadesign.hr\/#website\"},\"datePublished\":\"2023-08-01T16:07:15+00:00\",\"dateModified\":\"2023-08-01T16:20:28+00:00\",\"breadcrumb\":{\"@id\":\"https:\/\/bokadesign.hr\/de\/produkt\/kleiderbugel-ljubimci-dobrodosli-10x30cm\/#breadcrumb\"},\"inLanguage\":\"de\",\"potentialAction\":[{\"@type\":\"ReadAction\",\"target\":[\"https:\/\/bokadesign.hr\/de\/produkt\/kleiderbugel-ljubimci-dobrodosli-10x30cm\/\"]}]},{\"@type\":\"BreadcrumbList\",\"@id\":\"https:\/\/bokadesign.hr\/de\/produkt\/kleiderbugel-ljubimci-dobrodosli-10x30cm\/#breadcrumb\",\"itemListElement\":[{\"@type\":\"ListItem\",\"position\":1,\"name\":\"Po\u010detna stranica\",\"item\":\"https:\/\/bokadesign.hr\/de\/\"},{\"@type\":\"ListItem\",\"position\":2,\"name\":\"Shop\",\"item\":\"https:\/\/bokadesign.hr\/de\/geschaft\/\"},{\"@type\":\"ListItem\",\"position\":3,\"name\":\"Kleiderb\u00fcgel &#8211; Ljubimci dobrodo\u0161li &#8211; 10x30cm\"}]},{\"@type\":\"WebSite\",\"@id\":\"https:\/\/bokadesign.hr\/#website\",\"url\":\"https:\/\/bokadesign.hr\/\",\"name\":\"BOKA design\",\"description\":\"Hand made wood products\",\"publisher\":{\"@id\":\"https:\/\/bokadesign.hr\/#organization\"},\"potentialAction\":[{\"@type\":\"SearchAction\",\"target\":{\"@type\":\"EntryPoint\",\"urlTemplate\":\"https:\/\/bokadesign.hr\/?s={search_term_string}\"},\"query-input\":\"required name=search_term_string\"}],\"inLanguage\":\"de\"},{\"@type\":\"Organization\",\"@id\":\"https:\/\/bokadesign.hr\/#organization\",\"name\":\"BoKa design\",\"url\":\"https:\/\/bokadesign.hr\/\",\"logo\":{\"@type\":\"ImageObject\",\"inLanguage\":\"de\",\"@id\":\"https:\/\/bokadesign.hr\/#\/schema\/logo\/image\/\",\"url\":\"https:\/\/bokadesign.hr\/wp-content\/uploads\/2020\/05\/boka_logo_final2-01.svg\",\"contentUrl\":\"https:\/\/bokadesign.hr\/wp-content\/uploads\/2020\/05\/boka_logo_final2-01.svg\",\"width\":1,\"height\":1,\"caption\":\"BoKa design\"},\"image\":{\"@id\":\"https:\/\/bokadesign.hr\/#\/schema\/logo\/image\/\"},\"sameAs\":[\"https:\/\/www.facebook.com\/BOKA-design-1542571742626063\",\"https:\/\/www.instagram.com\/boka.design_\/\",\"https:\/\/www.linkedin.com\/company\/bokadesign\/\"]}]}<\/script>\n<!-- \/ Yoast SEO plugin. -->","yoast_head_json":{"title":"Kleiderb\u00fcgel - Ljubimci dobrodo\u0161li - 10x30cm - BOKA design","robots":{"index":"index","follow":"follow","max-snippet":"max-snippet:-1","max-image-preview":"max-image-preview:large","max-video-preview":"max-video-preview:-1"},"canonical":"https:\/\/bokadesign.hr\/de\/produkt\/kleiderbugel-ljubimci-dobrodosli-10x30cm\/","og_locale":"de_DE","og_type":"article","og_title":"Kleiderb\u00fcgel - Ljubimci dobrodo\u0161li - 10x30cm - BOKA design","og_description":"Der sorgf\u00e4ltig entworfene und hergestellte Schl\u00fcsselanh\u00e4nger mit Haustiermotiv ist nicht nur eine tolle Dekorationsm\u00f6glichkeit, sondern auch eine funktionale L\u00f6sung f\u00fcr Ihr Zuhause. Es ist der perfekte dekorative Kleiderb\u00fcgel f\u00fcr den Eingang Ihres Hauses. Es bewahrt Ihre Schl\u00fcssel organisiert auf einem Kleiderb\u00fcgel auf und kann auch als Leine- oder Halskettenhalter f\u00fcr Ihren lieben treuen Freund verwendet werden. Es verhindert, dass Sie jeden Tag kleine, aber sehr notwendige Gegenst\u00e4nde verlieren und danach suchen. Dieser anpassbare Leinen- und Schl\u00fcsselhalter besteht aus sorgf\u00e4ltig ausgew\u00e4hltem MDF mit CNC-Gravur und ist das perfekte Geschenk f\u00fcr jeden Anlass. Verschenken Sie dieses liebevolle Geschenk an Familie oder Freunde und zaubern Sie ihnen jedes Mal ein L\u00e4cheln ins Gesicht, wenn sie es betrachten. Zufriedenheit und Einzigartigkeit sind garantiert. Der Schl\u00fcsselhalter wird mit komplettem Zubeh\u00f6r zur Wandmontage geliefert.  Produktabmessungen: H\u00f6he: 10 cm Breite: 30 cm","og_url":"https:\/\/bokadesign.hr\/de\/produkt\/kleiderbugel-ljubimci-dobrodosli-10x30cm\/","og_site_name":"BOKA design","article_publisher":"https:\/\/www.facebook.com\/BOKA-design-1542571742626063","article_modified_time":"2023-08-01T16:20:28+00:00","og_image":[{"width":600,"height":600,"url":"https:\/\/bokadesign.hr\/wp-content\/uploads\/2023\/08\/Dizajn-bez-naslova-91.jpg","type":"image\/jpeg"}],"twitter_card":"summary_large_image","twitter_misc":{"Gesch\u00e4tzte Lesezeit":"1\u00a0Minute"},"schema":{"@context":"https:\/\/schema.org","@graph":[{"@type":"WebPage","@id":"https:\/\/bokadesign.hr\/de\/produkt\/kleiderbugel-ljubimci-dobrodosli-10x30cm\/","url":"https:\/\/bokadesign.hr\/de\/produkt\/kleiderbugel-ljubimci-dobrodosli-10x30cm\/","name":"Kleiderb\u00fcgel - Ljubimci dobrodo\u0161li - 10x30cm - BOKA design","isPartOf":{"@id":"https:\/\/bokadesign.hr\/#website"},"datePublished":"2023-08-01T16:07:15+00:00","dateModified":"2023-08-01T16:20:28+00:00","breadcrumb":{"@id":"https:\/\/bokadesign.hr\/de\/produkt\/kleiderbugel-ljubimci-dobrodosli-10x30cm\/#breadcrumb"},"inLanguage":"de","potentialAction":[{"@type":"ReadAction","target":["https:\/\/bokadesign.hr\/de\/produkt\/kleiderbugel-ljubimci-dobrodosli-10x30cm\/"]}]},{"@type":"BreadcrumbList","@id":"https:\/\/bokadesign.hr\/de\/produkt\/kleiderbugel-ljubimci-dobrodosli-10x30cm\/#breadcrumb","itemListElement":[{"@type":"ListItem","position":1,"name":"Po\u010detna stranica","item":"https:\/\/bokadesign.hr\/de\/"},{"@type":"ListItem","position":2,"name":"Shop","item":"https:\/\/bokadesign.hr\/de\/geschaft\/"},{"@type":"ListItem","position":3,"name":"Kleiderb\u00fcgel &#8211; Ljubimci dobrodo\u0161li &#8211; 10x30cm"}]},{"@type":"WebSite","@id":"https:\/\/bokadesign.hr\/#website","url":"https:\/\/bokadesign.hr\/","name":"BOKA design","description":"Hand made wood products","publisher":{"@id":"https:\/\/bokadesign.hr\/#organization"},"potentialAction":[{"@type":"SearchAction","target":{"@type":"EntryPoint","urlTemplate":"https:\/\/bokadesign.hr\/?s={search_term_string}"},"query-input":"required name=search_term_string"}],"inLanguage":"de"},{"@type":"Organization","@id":"https:\/\/bokadesign.hr\/#organization","name":"BoKa design","url":"https:\/\/bokadesign.hr\/","logo":{"@type":"ImageObject","inLanguage":"de","@id":"https:\/\/bokadesign.hr\/#\/schema\/logo\/image\/","url":"https:\/\/bokadesign.hr\/wp-content\/uploads\/2020\/05\/boka_logo_final2-01.svg","contentUrl":"https:\/\/bokadesign.hr\/wp-content\/uploads\/2020\/05\/boka_logo_final2-01.svg","width":1,"height":1,"caption":"BoKa design"},"image":{"@id":"https:\/\/bokadesign.hr\/#\/schema\/logo\/image\/"},"sameAs":["https:\/\/www.facebook.com\/BOKA-design-1542571742626063","https:\/\/www.instagram.com\/boka.design_\/","https:\/\/www.linkedin.com\/company\/bokadesign\/"]}]}},"_links":{"self":[{"href":"https:\/\/bokadesign.hr\/de\/wp-json\/wp\/v2\/product\/35569","targetHints":{"allow":["GET"]}}],"collection":[{"href":"https:\/\/bokadesign.hr\/de\/wp-json\/wp\/v2\/product"}],"about":[{"href":"https:\/\/bokadesign.hr\/de\/wp-json\/wp\/v2\/types\/product"}],"replies":[{"embeddable":true,"href":"https:\/\/bokadesign.hr\/de\/wp-json\/wp\/v2\/comments?post=35569"}],"wp:featuredmedia":[{"embeddable":true,"href":"https:\/\/bokadesign.hr\/de\/wp-json\/wp\/v2\/media\/35596"}],"wp:attachment":[{"href":"https:\/\/bokadesign.hr\/de\/wp-json\/wp\/v2\/media?parent=35569"}],"wp:term":[{"taxonomy":"product_brand","embeddable":true,"href":"https:\/\/bokadesign.hr\/de\/wp-json\/wp\/v2\/product_brand?post=35569"},{"taxonomy":"product_cat","embeddable":true,"href":"https:\/\/bokadesign.hr\/de\/wp-json\/wp\/v2\/product_cat?post=35569"},{"taxonomy":"product_tag","embeddable":true,"href":"https:\/\/bokadesign.hr\/de\/wp-json\/wp\/v2\/product_tag?post=35569"}],"curies":[{"name":"wp","href":"https:\/\/api.w.org\/{rel}","templated":true}]}}