{"id":36476,"date":"2023-08-02T23:28:59","date_gmt":"2023-08-02T21:29:07","guid":{"rendered":"https:\/\/bokadesign.hr\/?post_type=product&#038;p=36476"},"modified":"2023-10-17T16:20:55","modified_gmt":"2023-10-17T14:20:55","slug":"dekoration-fur-die-tur-welcome-to-our-home-c-30cm","status":"publish","type":"product","link":"https:\/\/bokadesign.hr\/de\/produkt\/dekoration-fur-die-tur-welcome-to-our-home-c-30cm\/","title":{"rendered":"Dekoration f\u00fcr die T\u00fcr &#8211; Welcome to our home (C) &#8211; 30cm"},"content":{"rendered":"<p><strong>Material:<\/strong><strong><br \/>\n<\/strong>Eiche MDF.<\/p>\n<p><strong>Wiederverwendbarkeit:<\/strong><strong><br \/>\n<\/strong>Das Produkt ist umweltfreundlich und kann recycelt oder zur Energier\u00fcckgewinnung verwendet werden.<\/p>\n<p><strong>Wartungshinweise:<\/strong><strong><br \/>\n<\/strong>Mit einem in einem milden Reinigungsmittel getr\u00e4nkten Tuch reinigen.<br \/>\nMit einem trockenen Tuch abwischen.<\/p>\n","protected":false},"excerpt":{"rendered":"<p>Begr\u00fc\u00dfen Sie Familie und Freunde in Ihrem Zuhause mit der perfekten personalisierten Haust\u00fcrdekoration. Diese T\u00fcrdekoration ist vollst\u00e4ndig anpassbar und wir k\u00f6nnen sie individuell an Ihren Stil anpassen. Diese Dekoration verleiht Ihrer T\u00fcr nicht nur ein besonderes Aussehen, sondern ist auch ein tolles personalisiertes Geschenk f\u00fcr jeden Anlass. Verschenken Sie dieses liebevolle Geschenk an Familie oder Freunde und zaubern Sie ihnen jedes Mal ein L\u00e4cheln ins Gesicht, wenn sie es betrachten. Zufriedenheit und Einzigartigkeit sind garantiert. Die Dekoration besteht aus MDF und das Design ist dauerhaft in das Material eingraviert. Die T\u00fcrdekoration aus Holz wird mit einem Juteseil geliefert. Im Set erhalten Sie einen selbstklebenden Haken, den Sie einfach an der gew\u00fcnschten Stelle aufkleben und schon ist alles bereit zum Aufh\u00e4ngen der Dekoration.<\/p>\n<p><strong>Produktabmessungen:<\/strong><br \/>\nDicke: 0.8 cm<br \/>\nDurchmesser: 30 cm<\/p>\n","protected":false},"featured_media":36501,"comment_status":"open","ping_status":"closed","template":"","meta":[],"product_brand":[],"product_cat":[276],"product_tag":[],"class_list":{"0":"post-36476","1":"product","2":"type-product","3":"status-publish","4":"has-post-thumbnail","6":"product_cat-dekorationen","8":"first","9":"instock","10":"taxable","11":"shipping-taxable","12":"purchasable","13":"product-type-variable"},"acf":[],"yoast_head":"<!-- This site is optimized with the Yoast SEO plugin v21.5 - https:\/\/yoast.com\/wordpress\/plugins\/seo\/ -->\n<title>Dekoration f\u00fcr die T\u00fcr - Welcome to our home (C) - 30cm - BOKA design<\/title>\n<meta name=\"robots\" content=\"index, follow, max-snippet:-1, max-image-preview:large, max-video-preview:-1\" \/>\n<link rel=\"canonical\" href=\"https:\/\/bokadesign.hr\/de\/produkt\/dekoration-fur-die-tur-welcome-to-our-home-c-30cm\/\" \/>\n<meta property=\"og:locale\" content=\"de_DE\" \/>\n<meta property=\"og:type\" content=\"article\" \/>\n<meta property=\"og:title\" content=\"Dekoration f\u00fcr die T\u00fcr - Welcome to our home (C) - 30cm - BOKA design\" \/>\n<meta property=\"og:description\" content=\"Begr\u00fc\u00dfen Sie Familie und Freunde in Ihrem Zuhause mit der perfekten personalisierten Haust\u00fcrdekoration. Diese T\u00fcrdekoration ist vollst\u00e4ndig anpassbar und wir k\u00f6nnen sie individuell an Ihren Stil anpassen. Diese Dekoration verleiht Ihrer T\u00fcr nicht nur ein besonderes Aussehen, sondern ist auch ein tolles personalisiertes Geschenk f\u00fcr jeden Anlass. Verschenken Sie dieses liebevolle Geschenk an Familie oder Freunde und zaubern Sie ihnen jedes Mal ein L\u00e4cheln ins Gesicht, wenn sie es betrachten. Zufriedenheit und Einzigartigkeit sind garantiert. Die Dekoration besteht aus MDF und das Design ist dauerhaft in das Material eingraviert. Die T\u00fcrdekoration aus Holz wird mit einem Juteseil geliefert. Im Set erhalten Sie einen selbstklebenden Haken, den Sie einfach an der gew\u00fcnschten Stelle aufkleben und schon ist alles bereit zum Aufh\u00e4ngen der Dekoration.  Produktabmessungen: Dicke: 0.8 cm Durchmesser: 30 cm\" \/>\n<meta property=\"og:url\" content=\"https:\/\/bokadesign.hr\/de\/produkt\/dekoration-fur-die-tur-welcome-to-our-home-c-30cm\/\" \/>\n<meta property=\"og:site_name\" content=\"BOKA design\" \/>\n<meta property=\"article:publisher\" content=\"https:\/\/www.facebook.com\/BOKA-design-1542571742626063\" \/>\n<meta property=\"article:modified_time\" content=\"2023-10-17T14:20:55+00:00\" \/>\n<meta property=\"og:image\" content=\"https:\/\/bokadesign.hr\/wp-content\/uploads\/2023\/08\/Dizajn-bez-naslova-28.jpg\" \/>\n\t<meta property=\"og:image:width\" content=\"600\" \/>\n\t<meta property=\"og:image:height\" content=\"600\" \/>\n\t<meta property=\"og:image:type\" content=\"image\/jpeg\" \/>\n<meta name=\"twitter:card\" content=\"summary_large_image\" \/>\n<meta name=\"twitter:label1\" content=\"Gesch\u00e4tzte Lesezeit\" \/>\n\t<meta name=\"twitter:data1\" content=\"1\u00a0Minute\" \/>\n<script type=\"application\/ld+json\" class=\"yoast-schema-graph\">{\"@context\":\"https:\/\/schema.org\",\"@graph\":[{\"@type\":\"WebPage\",\"@id\":\"https:\/\/bokadesign.hr\/de\/produkt\/dekoration-fur-die-tur-welcome-to-our-home-c-30cm\/\",\"url\":\"https:\/\/bokadesign.hr\/de\/produkt\/dekoration-fur-die-tur-welcome-to-our-home-c-30cm\/\",\"name\":\"Dekoration f\u00fcr die T\u00fcr - Welcome to our home (C) - 30cm - BOKA design\",\"isPartOf\":{\"@id\":\"https:\/\/bokadesign.hr\/#website\"},\"datePublished\":\"2023-08-02T21:29:07+00:00\",\"dateModified\":\"2023-10-17T14:20:55+00:00\",\"breadcrumb\":{\"@id\":\"https:\/\/bokadesign.hr\/de\/produkt\/dekoration-fur-die-tur-welcome-to-our-home-c-30cm\/#breadcrumb\"},\"inLanguage\":\"de\",\"potentialAction\":[{\"@type\":\"ReadAction\",\"target\":[\"https:\/\/bokadesign.hr\/de\/produkt\/dekoration-fur-die-tur-welcome-to-our-home-c-30cm\/\"]}]},{\"@type\":\"BreadcrumbList\",\"@id\":\"https:\/\/bokadesign.hr\/de\/produkt\/dekoration-fur-die-tur-welcome-to-our-home-c-30cm\/#breadcrumb\",\"itemListElement\":[{\"@type\":\"ListItem\",\"position\":1,\"name\":\"Po\u010detna stranica\",\"item\":\"https:\/\/bokadesign.hr\/de\/\"},{\"@type\":\"ListItem\",\"position\":2,\"name\":\"Shop\",\"item\":\"https:\/\/bokadesign.hr\/de\/geschaft\/\"},{\"@type\":\"ListItem\",\"position\":3,\"name\":\"Dekoration f\u00fcr die T\u00fcr &#8211; Welcome to our home (C) &#8211; 30cm\"}]},{\"@type\":\"WebSite\",\"@id\":\"https:\/\/bokadesign.hr\/#website\",\"url\":\"https:\/\/bokadesign.hr\/\",\"name\":\"BOKA design\",\"description\":\"Hand made wood products\",\"publisher\":{\"@id\":\"https:\/\/bokadesign.hr\/#organization\"},\"potentialAction\":[{\"@type\":\"SearchAction\",\"target\":{\"@type\":\"EntryPoint\",\"urlTemplate\":\"https:\/\/bokadesign.hr\/?s={search_term_string}\"},\"query-input\":\"required name=search_term_string\"}],\"inLanguage\":\"de\"},{\"@type\":\"Organization\",\"@id\":\"https:\/\/bokadesign.hr\/#organization\",\"name\":\"BoKa design\",\"url\":\"https:\/\/bokadesign.hr\/\",\"logo\":{\"@type\":\"ImageObject\",\"inLanguage\":\"de\",\"@id\":\"https:\/\/bokadesign.hr\/#\/schema\/logo\/image\/\",\"url\":\"https:\/\/bokadesign.hr\/wp-content\/uploads\/2020\/05\/boka_logo_final2-01.svg\",\"contentUrl\":\"https:\/\/bokadesign.hr\/wp-content\/uploads\/2020\/05\/boka_logo_final2-01.svg\",\"width\":1,\"height\":1,\"caption\":\"BoKa design\"},\"image\":{\"@id\":\"https:\/\/bokadesign.hr\/#\/schema\/logo\/image\/\"},\"sameAs\":[\"https:\/\/www.facebook.com\/BOKA-design-1542571742626063\",\"https:\/\/www.instagram.com\/boka.design_\/\",\"https:\/\/www.linkedin.com\/company\/bokadesign\/\"]}]}<\/script>\n<!-- \/ Yoast SEO plugin. -->","yoast_head_json":{"title":"Dekoration f\u00fcr die T\u00fcr - Welcome to our home (C) - 30cm - BOKA design","robots":{"index":"index","follow":"follow","max-snippet":"max-snippet:-1","max-image-preview":"max-image-preview:large","max-video-preview":"max-video-preview:-1"},"canonical":"https:\/\/bokadesign.hr\/de\/produkt\/dekoration-fur-die-tur-welcome-to-our-home-c-30cm\/","og_locale":"de_DE","og_type":"article","og_title":"Dekoration f\u00fcr die T\u00fcr - Welcome to our home (C) - 30cm - BOKA design","og_description":"Begr\u00fc\u00dfen Sie Familie und Freunde in Ihrem Zuhause mit der perfekten personalisierten Haust\u00fcrdekoration. Diese T\u00fcrdekoration ist vollst\u00e4ndig anpassbar und wir k\u00f6nnen sie individuell an Ihren Stil anpassen. Diese Dekoration verleiht Ihrer T\u00fcr nicht nur ein besonderes Aussehen, sondern ist auch ein tolles personalisiertes Geschenk f\u00fcr jeden Anlass. Verschenken Sie dieses liebevolle Geschenk an Familie oder Freunde und zaubern Sie ihnen jedes Mal ein L\u00e4cheln ins Gesicht, wenn sie es betrachten. Zufriedenheit und Einzigartigkeit sind garantiert. Die Dekoration besteht aus MDF und das Design ist dauerhaft in das Material eingraviert. Die T\u00fcrdekoration aus Holz wird mit einem Juteseil geliefert. Im Set erhalten Sie einen selbstklebenden Haken, den Sie einfach an der gew\u00fcnschten Stelle aufkleben und schon ist alles bereit zum Aufh\u00e4ngen der Dekoration.  Produktabmessungen: Dicke: 0.8 cm Durchmesser: 30 cm","og_url":"https:\/\/bokadesign.hr\/de\/produkt\/dekoration-fur-die-tur-welcome-to-our-home-c-30cm\/","og_site_name":"BOKA design","article_publisher":"https:\/\/www.facebook.com\/BOKA-design-1542571742626063","article_modified_time":"2023-10-17T14:20:55+00:00","og_image":[{"width":600,"height":600,"url":"https:\/\/bokadesign.hr\/wp-content\/uploads\/2023\/08\/Dizajn-bez-naslova-28.jpg","type":"image\/jpeg"}],"twitter_card":"summary_large_image","twitter_misc":{"Gesch\u00e4tzte Lesezeit":"1\u00a0Minute"},"schema":{"@context":"https:\/\/schema.org","@graph":[{"@type":"WebPage","@id":"https:\/\/bokadesign.hr\/de\/produkt\/dekoration-fur-die-tur-welcome-to-our-home-c-30cm\/","url":"https:\/\/bokadesign.hr\/de\/produkt\/dekoration-fur-die-tur-welcome-to-our-home-c-30cm\/","name":"Dekoration f\u00fcr die T\u00fcr - Welcome to our home (C) - 30cm - BOKA design","isPartOf":{"@id":"https:\/\/bokadesign.hr\/#website"},"datePublished":"2023-08-02T21:29:07+00:00","dateModified":"2023-10-17T14:20:55+00:00","breadcrumb":{"@id":"https:\/\/bokadesign.hr\/de\/produkt\/dekoration-fur-die-tur-welcome-to-our-home-c-30cm\/#breadcrumb"},"inLanguage":"de","potentialAction":[{"@type":"ReadAction","target":["https:\/\/bokadesign.hr\/de\/produkt\/dekoration-fur-die-tur-welcome-to-our-home-c-30cm\/"]}]},{"@type":"BreadcrumbList","@id":"https:\/\/bokadesign.hr\/de\/produkt\/dekoration-fur-die-tur-welcome-to-our-home-c-30cm\/#breadcrumb","itemListElement":[{"@type":"ListItem","position":1,"name":"Po\u010detna stranica","item":"https:\/\/bokadesign.hr\/de\/"},{"@type":"ListItem","position":2,"name":"Shop","item":"https:\/\/bokadesign.hr\/de\/geschaft\/"},{"@type":"ListItem","position":3,"name":"Dekoration f\u00fcr die T\u00fcr &#8211; Welcome to our home (C) &#8211; 30cm"}]},{"@type":"WebSite","@id":"https:\/\/bokadesign.hr\/#website","url":"https:\/\/bokadesign.hr\/","name":"BOKA design","description":"Hand made wood products","publisher":{"@id":"https:\/\/bokadesign.hr\/#organization"},"potentialAction":[{"@type":"SearchAction","target":{"@type":"EntryPoint","urlTemplate":"https:\/\/bokadesign.hr\/?s={search_term_string}"},"query-input":"required name=search_term_string"}],"inLanguage":"de"},{"@type":"Organization","@id":"https:\/\/bokadesign.hr\/#organization","name":"BoKa design","url":"https:\/\/bokadesign.hr\/","logo":{"@type":"ImageObject","inLanguage":"de","@id":"https:\/\/bokadesign.hr\/#\/schema\/logo\/image\/","url":"https:\/\/bokadesign.hr\/wp-content\/uploads\/2020\/05\/boka_logo_final2-01.svg","contentUrl":"https:\/\/bokadesign.hr\/wp-content\/uploads\/2020\/05\/boka_logo_final2-01.svg","width":1,"height":1,"caption":"BoKa design"},"image":{"@id":"https:\/\/bokadesign.hr\/#\/schema\/logo\/image\/"},"sameAs":["https:\/\/www.facebook.com\/BOKA-design-1542571742626063","https:\/\/www.instagram.com\/boka.design_\/","https:\/\/www.linkedin.com\/company\/bokadesign\/"]}]}},"_links":{"self":[{"href":"https:\/\/bokadesign.hr\/de\/wp-json\/wp\/v2\/product\/36476","targetHints":{"allow":["GET"]}}],"collection":[{"href":"https:\/\/bokadesign.hr\/de\/wp-json\/wp\/v2\/product"}],"about":[{"href":"https:\/\/bokadesign.hr\/de\/wp-json\/wp\/v2\/types\/product"}],"replies":[{"embeddable":true,"href":"https:\/\/bokadesign.hr\/de\/wp-json\/wp\/v2\/comments?post=36476"}],"wp:featuredmedia":[{"embeddable":true,"href":"https:\/\/bokadesign.hr\/de\/wp-json\/wp\/v2\/media\/36501"}],"wp:attachment":[{"href":"https:\/\/bokadesign.hr\/de\/wp-json\/wp\/v2\/media?parent=36476"}],"wp:term":[{"taxonomy":"product_brand","embeddable":true,"href":"https:\/\/bokadesign.hr\/de\/wp-json\/wp\/v2\/product_brand?post=36476"},{"taxonomy":"product_cat","embeddable":true,"href":"https:\/\/bokadesign.hr\/de\/wp-json\/wp\/v2\/product_cat?post=36476"},{"taxonomy":"product_tag","embeddable":true,"href":"https:\/\/bokadesign.hr\/de\/wp-json\/wp\/v2\/product_tag?post=36476"}],"curies":[{"name":"wp","href":"https:\/\/api.w.org\/{rel}","templated":true}]}}