{"id":36737,"date":"2023-08-04T19:47:19","date_gmt":"2023-08-04T17:47:20","guid":{"rendered":"https:\/\/bokadesign.hr\/?post_type=product&#038;p=36737"},"modified":"2023-08-04T19:54:55","modified_gmt":"2023-08-04T17:54:55","slug":"tic-tac-toe-spiel-im-freien","status":"publish","type":"product","link":"https:\/\/bokadesign.hr\/de\/produkt\/tic-tac-toe-spiel-im-freien\/","title":{"rendered":"Tic Tac Toe \u2013 Spiel im Freien"},"content":{"rendered":"<section class=\"wpb-content-wrapper\"><p>[vc_row][vc_column][vc_column_text text_larger=&#8221;no&#8221; woodmart_inline=&#8221;no&#8221;]<strong>Material:<\/strong><strong><br \/>\n<\/strong>MDF.<\/p>\n<p><strong>Wiederverwendbarkeit:<\/strong><strong><br \/>\n<\/strong>Das Produkt ist umweltfreundlich und kann recycelt oder zur Energier\u00fcckgewinnung verwendet werden.<\/p>\n<p><strong>Wartungshinweise:<\/strong><br \/>\nMit einem in einem milden Reinigungsmittel getr\u00e4nkten Tuch reinigen.<br \/>\nMit einem trockenen Tuch abwischen.[\/vc_column_text][\/vc_column][\/vc_row]<\/p>\n<\/section>","protected":false},"excerpt":{"rendered":"<p>Dieses exklusive Tic Tac Toe-Spiel aus Holz ist ideal f\u00fcr alle Brettspielliebhaber. Mit Herzen statt Nullen ist diese stilvolle Variante des Spiels au\u00dferdem so konzipiert, dass sie leicht tragbar ist, sodass sie auf Reisen zu einer unterhaltsamen Aktivit\u00e4t f\u00fcr Kinder und die ganze Familie werden kann. Tic Tac Toe wird paarweise und hintereinander gespielt. Ein Spieler markiert die Tabellenzellen mit Herzen, der andere mit Kreuzen. Der Gewinner ist derjenige, der als Erster eine ganze Reihe, Spalte oder Diagonale mit seinen drei Spielsteinen f\u00fcllt. Es ist ein einfaches und unterhaltsames Spiel f\u00fcr die ganze Familie und ein wundersch\u00f6nes Holzgeschenk f\u00fcr Kollegen oder Freunde. Es ist auch ein tolles Holzspiel f\u00fcr Kinder, da es logisches Denken und guten Sportsgeist f\u00f6rdert. Da Tic Tac Toe auf der ganzen Welt bekannt ist, eignet sich dieses Spiel gut als stilvolle Unterhaltung f\u00fcr G\u00e4ste zu Hause oder im Arbeitszimmer oder sogar als Geschenk f\u00fcr Gesch\u00e4ftspartner.<\/p>\n","protected":false},"featured_media":192598,"comment_status":"open","ping_status":"closed","template":"","meta":[],"product_brand":[],"product_cat":[273],"product_tag":[],"class_list":{"0":"post-36737","1":"product","2":"type-product","3":"status-publish","4":"has-post-thumbnail","6":"product_cat-holzspielzeug","8":"first","9":"instock","10":"taxable","11":"shipping-taxable","12":"purchasable","13":"product-type-simple"},"acf":[],"yoast_head":"<!-- This site is optimized with the Yoast SEO plugin v21.5 - https:\/\/yoast.com\/wordpress\/plugins\/seo\/ -->\n<title>Tic Tac Toe \u2013 Spiel im Freien - BOKA design<\/title>\n<meta name=\"robots\" content=\"index, follow, max-snippet:-1, max-image-preview:large, max-video-preview:-1\" \/>\n<link rel=\"canonical\" href=\"https:\/\/bokadesign.hr\/de\/produkt\/tic-tac-toe-spiel-im-freien\/\" \/>\n<meta property=\"og:locale\" content=\"de_DE\" \/>\n<meta property=\"og:type\" content=\"article\" \/>\n<meta property=\"og:title\" content=\"Tic Tac Toe \u2013 Spiel im Freien - BOKA design\" \/>\n<meta property=\"og:description\" content=\"Dieses exklusive Tic Tac Toe-Spiel aus Holz ist ideal f\u00fcr alle Brettspielliebhaber. Mit Herzen statt Nullen ist diese stilvolle Variante des Spiels au\u00dferdem so konzipiert, dass sie leicht tragbar ist, sodass sie auf Reisen zu einer unterhaltsamen Aktivit\u00e4t f\u00fcr Kinder und die ganze Familie werden kann. Tic Tac Toe wird paarweise und hintereinander gespielt. Ein Spieler markiert die Tabellenzellen mit Herzen, der andere mit Kreuzen. Der Gewinner ist derjenige, der als Erster eine ganze Reihe, Spalte oder Diagonale mit seinen drei Spielsteinen f\u00fcllt. Es ist ein einfaches und unterhaltsames Spiel f\u00fcr die ganze Familie und ein wundersch\u00f6nes Holzgeschenk f\u00fcr Kollegen oder Freunde. Es ist auch ein tolles Holzspiel f\u00fcr Kinder, da es logisches Denken und guten Sportsgeist f\u00f6rdert. Da Tic Tac Toe auf der ganzen Welt bekannt ist, eignet sich dieses Spiel gut als stilvolle Unterhaltung f\u00fcr G\u00e4ste zu Hause oder im Arbeitszimmer oder sogar als Geschenk f\u00fcr Gesch\u00e4ftspartner.\" \/>\n<meta property=\"og:url\" content=\"https:\/\/bokadesign.hr\/de\/produkt\/tic-tac-toe-spiel-im-freien\/\" \/>\n<meta property=\"og:site_name\" content=\"BOKA design\" \/>\n<meta property=\"article:publisher\" content=\"https:\/\/www.facebook.com\/BOKA-design-1542571742626063\" \/>\n<meta property=\"article:modified_time\" content=\"2023-08-04T17:54:55+00:00\" \/>\n<meta property=\"og:image\" content=\"https:\/\/bokadesign.hr\/wp-content\/uploads\/2023\/08\/Tic-Tac-Toe-yard-game.jpg\" \/>\n\t<meta property=\"og:image:width\" content=\"600\" \/>\n\t<meta property=\"og:image:height\" content=\"600\" \/>\n\t<meta property=\"og:image:type\" content=\"image\/jpeg\" \/>\n<meta name=\"twitter:card\" content=\"summary_large_image\" \/>\n<meta name=\"twitter:label1\" content=\"Gesch\u00e4tzte Lesezeit\" \/>\n\t<meta name=\"twitter:data1\" content=\"1\u00a0Minute\" \/>\n<script type=\"application\/ld+json\" class=\"yoast-schema-graph\">{\"@context\":\"https:\/\/schema.org\",\"@graph\":[{\"@type\":\"WebPage\",\"@id\":\"https:\/\/bokadesign.hr\/de\/produkt\/tic-tac-toe-spiel-im-freien\/\",\"url\":\"https:\/\/bokadesign.hr\/de\/produkt\/tic-tac-toe-spiel-im-freien\/\",\"name\":\"Tic Tac Toe \u2013 Spiel im Freien - BOKA design\",\"isPartOf\":{\"@id\":\"https:\/\/bokadesign.hr\/#website\"},\"datePublished\":\"2023-08-04T17:47:20+00:00\",\"dateModified\":\"2023-08-04T17:54:55+00:00\",\"breadcrumb\":{\"@id\":\"https:\/\/bokadesign.hr\/de\/produkt\/tic-tac-toe-spiel-im-freien\/#breadcrumb\"},\"inLanguage\":\"de\",\"potentialAction\":[{\"@type\":\"ReadAction\",\"target\":[\"https:\/\/bokadesign.hr\/de\/produkt\/tic-tac-toe-spiel-im-freien\/\"]}]},{\"@type\":\"BreadcrumbList\",\"@id\":\"https:\/\/bokadesign.hr\/de\/produkt\/tic-tac-toe-spiel-im-freien\/#breadcrumb\",\"itemListElement\":[{\"@type\":\"ListItem\",\"position\":1,\"name\":\"Po\u010detna stranica\",\"item\":\"https:\/\/bokadesign.hr\/de\/\"},{\"@type\":\"ListItem\",\"position\":2,\"name\":\"Shop\",\"item\":\"https:\/\/bokadesign.hr\/de\/geschaft\/\"},{\"@type\":\"ListItem\",\"position\":3,\"name\":\"Tic Tac Toe \u2013 Spiel im Freien\"}]},{\"@type\":\"WebSite\",\"@id\":\"https:\/\/bokadesign.hr\/#website\",\"url\":\"https:\/\/bokadesign.hr\/\",\"name\":\"BOKA design\",\"description\":\"Hand made wood products\",\"publisher\":{\"@id\":\"https:\/\/bokadesign.hr\/#organization\"},\"potentialAction\":[{\"@type\":\"SearchAction\",\"target\":{\"@type\":\"EntryPoint\",\"urlTemplate\":\"https:\/\/bokadesign.hr\/?s={search_term_string}\"},\"query-input\":\"required name=search_term_string\"}],\"inLanguage\":\"de\"},{\"@type\":\"Organization\",\"@id\":\"https:\/\/bokadesign.hr\/#organization\",\"name\":\"BoKa design\",\"url\":\"https:\/\/bokadesign.hr\/\",\"logo\":{\"@type\":\"ImageObject\",\"inLanguage\":\"de\",\"@id\":\"https:\/\/bokadesign.hr\/#\/schema\/logo\/image\/\",\"url\":\"https:\/\/bokadesign.hr\/wp-content\/uploads\/2020\/05\/boka_logo_final2-01.svg\",\"contentUrl\":\"https:\/\/bokadesign.hr\/wp-content\/uploads\/2020\/05\/boka_logo_final2-01.svg\",\"width\":1,\"height\":1,\"caption\":\"BoKa design\"},\"image\":{\"@id\":\"https:\/\/bokadesign.hr\/#\/schema\/logo\/image\/\"},\"sameAs\":[\"https:\/\/www.facebook.com\/BOKA-design-1542571742626063\",\"https:\/\/www.instagram.com\/boka.design_\/\",\"https:\/\/www.linkedin.com\/company\/bokadesign\/\"]}]}<\/script>\n<!-- \/ Yoast SEO plugin. -->","yoast_head_json":{"title":"Tic Tac Toe \u2013 Spiel im Freien - BOKA design","robots":{"index":"index","follow":"follow","max-snippet":"max-snippet:-1","max-image-preview":"max-image-preview:large","max-video-preview":"max-video-preview:-1"},"canonical":"https:\/\/bokadesign.hr\/de\/produkt\/tic-tac-toe-spiel-im-freien\/","og_locale":"de_DE","og_type":"article","og_title":"Tic Tac Toe \u2013 Spiel im Freien - BOKA design","og_description":"Dieses exklusive Tic Tac Toe-Spiel aus Holz ist ideal f\u00fcr alle Brettspielliebhaber. Mit Herzen statt Nullen ist diese stilvolle Variante des Spiels au\u00dferdem so konzipiert, dass sie leicht tragbar ist, sodass sie auf Reisen zu einer unterhaltsamen Aktivit\u00e4t f\u00fcr Kinder und die ganze Familie werden kann. Tic Tac Toe wird paarweise und hintereinander gespielt. Ein Spieler markiert die Tabellenzellen mit Herzen, der andere mit Kreuzen. Der Gewinner ist derjenige, der als Erster eine ganze Reihe, Spalte oder Diagonale mit seinen drei Spielsteinen f\u00fcllt. Es ist ein einfaches und unterhaltsames Spiel f\u00fcr die ganze Familie und ein wundersch\u00f6nes Holzgeschenk f\u00fcr Kollegen oder Freunde. Es ist auch ein tolles Holzspiel f\u00fcr Kinder, da es logisches Denken und guten Sportsgeist f\u00f6rdert. Da Tic Tac Toe auf der ganzen Welt bekannt ist, eignet sich dieses Spiel gut als stilvolle Unterhaltung f\u00fcr G\u00e4ste zu Hause oder im Arbeitszimmer oder sogar als Geschenk f\u00fcr Gesch\u00e4ftspartner.","og_url":"https:\/\/bokadesign.hr\/de\/produkt\/tic-tac-toe-spiel-im-freien\/","og_site_name":"BOKA design","article_publisher":"https:\/\/www.facebook.com\/BOKA-design-1542571742626063","article_modified_time":"2023-08-04T17:54:55+00:00","og_image":[{"width":600,"height":600,"url":"https:\/\/bokadesign.hr\/wp-content\/uploads\/2023\/08\/Tic-Tac-Toe-yard-game.jpg","type":"image\/jpeg"}],"twitter_card":"summary_large_image","twitter_misc":{"Gesch\u00e4tzte Lesezeit":"1\u00a0Minute"},"schema":{"@context":"https:\/\/schema.org","@graph":[{"@type":"WebPage","@id":"https:\/\/bokadesign.hr\/de\/produkt\/tic-tac-toe-spiel-im-freien\/","url":"https:\/\/bokadesign.hr\/de\/produkt\/tic-tac-toe-spiel-im-freien\/","name":"Tic Tac Toe \u2013 Spiel im Freien - BOKA design","isPartOf":{"@id":"https:\/\/bokadesign.hr\/#website"},"datePublished":"2023-08-04T17:47:20+00:00","dateModified":"2023-08-04T17:54:55+00:00","breadcrumb":{"@id":"https:\/\/bokadesign.hr\/de\/produkt\/tic-tac-toe-spiel-im-freien\/#breadcrumb"},"inLanguage":"de","potentialAction":[{"@type":"ReadAction","target":["https:\/\/bokadesign.hr\/de\/produkt\/tic-tac-toe-spiel-im-freien\/"]}]},{"@type":"BreadcrumbList","@id":"https:\/\/bokadesign.hr\/de\/produkt\/tic-tac-toe-spiel-im-freien\/#breadcrumb","itemListElement":[{"@type":"ListItem","position":1,"name":"Po\u010detna stranica","item":"https:\/\/bokadesign.hr\/de\/"},{"@type":"ListItem","position":2,"name":"Shop","item":"https:\/\/bokadesign.hr\/de\/geschaft\/"},{"@type":"ListItem","position":3,"name":"Tic Tac Toe \u2013 Spiel im Freien"}]},{"@type":"WebSite","@id":"https:\/\/bokadesign.hr\/#website","url":"https:\/\/bokadesign.hr\/","name":"BOKA design","description":"Hand made wood products","publisher":{"@id":"https:\/\/bokadesign.hr\/#organization"},"potentialAction":[{"@type":"SearchAction","target":{"@type":"EntryPoint","urlTemplate":"https:\/\/bokadesign.hr\/?s={search_term_string}"},"query-input":"required name=search_term_string"}],"inLanguage":"de"},{"@type":"Organization","@id":"https:\/\/bokadesign.hr\/#organization","name":"BoKa design","url":"https:\/\/bokadesign.hr\/","logo":{"@type":"ImageObject","inLanguage":"de","@id":"https:\/\/bokadesign.hr\/#\/schema\/logo\/image\/","url":"https:\/\/bokadesign.hr\/wp-content\/uploads\/2020\/05\/boka_logo_final2-01.svg","contentUrl":"https:\/\/bokadesign.hr\/wp-content\/uploads\/2020\/05\/boka_logo_final2-01.svg","width":1,"height":1,"caption":"BoKa design"},"image":{"@id":"https:\/\/bokadesign.hr\/#\/schema\/logo\/image\/"},"sameAs":["https:\/\/www.facebook.com\/BOKA-design-1542571742626063","https:\/\/www.instagram.com\/boka.design_\/","https:\/\/www.linkedin.com\/company\/bokadesign\/"]}]}},"_links":{"self":[{"href":"https:\/\/bokadesign.hr\/de\/wp-json\/wp\/v2\/product\/36737","targetHints":{"allow":["GET"]}}],"collection":[{"href":"https:\/\/bokadesign.hr\/de\/wp-json\/wp\/v2\/product"}],"about":[{"href":"https:\/\/bokadesign.hr\/de\/wp-json\/wp\/v2\/types\/product"}],"replies":[{"embeddable":true,"href":"https:\/\/bokadesign.hr\/de\/wp-json\/wp\/v2\/comments?post=36737"}],"wp:featuredmedia":[{"embeddable":true,"href":"https:\/\/bokadesign.hr\/de\/wp-json\/wp\/v2\/media\/192598"}],"wp:attachment":[{"href":"https:\/\/bokadesign.hr\/de\/wp-json\/wp\/v2\/media?parent=36737"}],"wp:term":[{"taxonomy":"product_brand","embeddable":true,"href":"https:\/\/bokadesign.hr\/de\/wp-json\/wp\/v2\/product_brand?post=36737"},{"taxonomy":"product_cat","embeddable":true,"href":"https:\/\/bokadesign.hr\/de\/wp-json\/wp\/v2\/product_cat?post=36737"},{"taxonomy":"product_tag","embeddable":true,"href":"https:\/\/bokadesign.hr\/de\/wp-json\/wp\/v2\/product_tag?post=36737"}],"curies":[{"name":"wp","href":"https:\/\/api.w.org\/{rel}","templated":true}]}}