{"id":36786,"date":"2023-08-04T21:42:05","date_gmt":"2023-08-04T19:42:06","guid":{"rendered":"https:\/\/bokadesign.hr\/?post_type=product&#038;p=36786"},"modified":"2023-08-04T22:05:00","modified_gmt":"2023-08-04T20:05:00","slug":"ringwurfspiel","status":"publish","type":"product","link":"https:\/\/bokadesign.hr\/de\/produkt\/ringwurfspiel\/","title":{"rendered":"Ringwurfspiel"},"content":{"rendered":"<section class=\"wpb-content-wrapper\"><p>[vc_row][vc_column][vc_column_text text_larger=&#8221;no&#8221;]<strong>Material:<\/strong><strong><br \/>\n<\/strong>Linde.<\/p>\n<p><strong>Wiederverwendbarkeit:<\/strong><strong><br \/>\n<\/strong>Das Produkt ist umweltfreundlich und kann recycelt oder zur Energier\u00fcckgewinnung verwendet werden.<\/p>\n<p><strong>Wartungshinweise:<\/strong><br \/>\nMit einem in einem milden Reinigungsmittel getr\u00e4nkten Tuch reinigen.<br \/>\nMit einem trockenen Tuch abwischen.[\/vc_column_text][\/vc_column][\/vc_row]<\/p>\n<\/section>","protected":false},"excerpt":{"rendered":"<p>Dies ist das beste Rasenspiel, das Sie in Ihrem Garten haben k\u00f6nnen. Es ist ein gro\u00dfer Hit auf Partys, Geburtstagen, Zusammenk\u00fcnften, Hochzeiten oder anderen besonderen Anl\u00e4ssen. Sie k\u00f6nnen sogar drinnen spielen, in Ihrem Spielzimmer oder Wohnzimmer. Dieses Holzspiel besteht zu 100 % aus nat\u00fcrlichen Materialien: Holz und Juteseil. Die Farbe ist ungiftig und auf Wasserbasis. Spielm\u00f6glichkeiten: 2 Spieler (oder Teams). Die Holzringe werden in Richtung Spielfeld geworfen. In der Mitte ist es am schwierigsten zu punkten, weshalb dort die meisten Punkte vergeben werden. Die Wurfweite wird von den Spielern bestimmt, wir empfehlen jedoch mindestens 3 Meter. Der Gewinner ist der Spieler mit der h\u00f6chsten Punktzahl. Das Set beinhaltet: 6 h\u00f6lzerne Wurfringe.<\/p>\n","protected":false},"featured_media":192586,"comment_status":"open","ping_status":"closed","template":"","meta":[],"product_brand":[],"product_cat":[273],"product_tag":[],"class_list":{"0":"post-36786","1":"product","2":"type-product","3":"status-publish","4":"has-post-thumbnail","6":"product_cat-holzspielzeug","8":"first","9":"instock","10":"taxable","11":"shipping-taxable","12":"purchasable","13":"product-type-simple"},"acf":[],"yoast_head":"<!-- This site is optimized with the Yoast SEO plugin v21.5 - https:\/\/yoast.com\/wordpress\/plugins\/seo\/ -->\n<title>Ringwurfspiel - BOKA design<\/title>\n<meta name=\"robots\" content=\"index, follow, max-snippet:-1, max-image-preview:large, max-video-preview:-1\" \/>\n<link rel=\"canonical\" href=\"https:\/\/bokadesign.hr\/de\/produkt\/ringwurfspiel\/\" \/>\n<meta property=\"og:locale\" content=\"de_DE\" \/>\n<meta property=\"og:type\" content=\"article\" \/>\n<meta property=\"og:title\" content=\"Ringwurfspiel - BOKA design\" \/>\n<meta property=\"og:description\" content=\"Dies ist das beste Rasenspiel, das Sie in Ihrem Garten haben k\u00f6nnen. Es ist ein gro\u00dfer Hit auf Partys, Geburtstagen, Zusammenk\u00fcnften, Hochzeiten oder anderen besonderen Anl\u00e4ssen. Sie k\u00f6nnen sogar drinnen spielen, in Ihrem Spielzimmer oder Wohnzimmer. Dieses Holzspiel besteht zu 100 % aus nat\u00fcrlichen Materialien: Holz und Juteseil. Die Farbe ist ungiftig und auf Wasserbasis. Spielm\u00f6glichkeiten: 2 Spieler (oder Teams). Die Holzringe werden in Richtung Spielfeld geworfen. In der Mitte ist es am schwierigsten zu punkten, weshalb dort die meisten Punkte vergeben werden. Die Wurfweite wird von den Spielern bestimmt, wir empfehlen jedoch mindestens 3 Meter. Der Gewinner ist der Spieler mit der h\u00f6chsten Punktzahl. Das Set beinhaltet: 6 h\u00f6lzerne Wurfringe.\" \/>\n<meta property=\"og:url\" content=\"https:\/\/bokadesign.hr\/de\/produkt\/ringwurfspiel\/\" \/>\n<meta property=\"og:site_name\" content=\"BOKA design\" \/>\n<meta property=\"article:publisher\" content=\"https:\/\/www.facebook.com\/BOKA-design-1542571742626063\" \/>\n<meta property=\"article:modified_time\" content=\"2023-08-04T20:05:00+00:00\" \/>\n<meta property=\"og:image\" content=\"https:\/\/bokadesign.hr\/wp-content\/uploads\/2023\/08\/Ring-toss-game-1.jpg\" \/>\n\t<meta property=\"og:image:width\" content=\"600\" \/>\n\t<meta property=\"og:image:height\" content=\"600\" \/>\n\t<meta property=\"og:image:type\" content=\"image\/jpeg\" \/>\n<meta name=\"twitter:card\" content=\"summary_large_image\" \/>\n<meta name=\"twitter:label1\" content=\"Gesch\u00e4tzte Lesezeit\" \/>\n\t<meta name=\"twitter:data1\" content=\"1\u00a0Minute\" \/>\n<script type=\"application\/ld+json\" class=\"yoast-schema-graph\">{\"@context\":\"https:\/\/schema.org\",\"@graph\":[{\"@type\":\"WebPage\",\"@id\":\"https:\/\/bokadesign.hr\/de\/produkt\/ringwurfspiel\/\",\"url\":\"https:\/\/bokadesign.hr\/de\/produkt\/ringwurfspiel\/\",\"name\":\"Ringwurfspiel - BOKA design\",\"isPartOf\":{\"@id\":\"https:\/\/bokadesign.hr\/#website\"},\"datePublished\":\"2023-08-04T19:42:06+00:00\",\"dateModified\":\"2023-08-04T20:05:00+00:00\",\"breadcrumb\":{\"@id\":\"https:\/\/bokadesign.hr\/de\/produkt\/ringwurfspiel\/#breadcrumb\"},\"inLanguage\":\"de\",\"potentialAction\":[{\"@type\":\"ReadAction\",\"target\":[\"https:\/\/bokadesign.hr\/de\/produkt\/ringwurfspiel\/\"]}]},{\"@type\":\"BreadcrumbList\",\"@id\":\"https:\/\/bokadesign.hr\/de\/produkt\/ringwurfspiel\/#breadcrumb\",\"itemListElement\":[{\"@type\":\"ListItem\",\"position\":1,\"name\":\"Po\u010detna stranica\",\"item\":\"https:\/\/bokadesign.hr\/de\/\"},{\"@type\":\"ListItem\",\"position\":2,\"name\":\"Shop\",\"item\":\"https:\/\/bokadesign.hr\/de\/geschaft\/\"},{\"@type\":\"ListItem\",\"position\":3,\"name\":\"Ringwurfspiel\"}]},{\"@type\":\"WebSite\",\"@id\":\"https:\/\/bokadesign.hr\/#website\",\"url\":\"https:\/\/bokadesign.hr\/\",\"name\":\"BOKA design\",\"description\":\"Hand made wood products\",\"publisher\":{\"@id\":\"https:\/\/bokadesign.hr\/#organization\"},\"potentialAction\":[{\"@type\":\"SearchAction\",\"target\":{\"@type\":\"EntryPoint\",\"urlTemplate\":\"https:\/\/bokadesign.hr\/?s={search_term_string}\"},\"query-input\":\"required name=search_term_string\"}],\"inLanguage\":\"de\"},{\"@type\":\"Organization\",\"@id\":\"https:\/\/bokadesign.hr\/#organization\",\"name\":\"BoKa design\",\"url\":\"https:\/\/bokadesign.hr\/\",\"logo\":{\"@type\":\"ImageObject\",\"inLanguage\":\"de\",\"@id\":\"https:\/\/bokadesign.hr\/#\/schema\/logo\/image\/\",\"url\":\"https:\/\/bokadesign.hr\/wp-content\/uploads\/2020\/05\/boka_logo_final2-01.svg\",\"contentUrl\":\"https:\/\/bokadesign.hr\/wp-content\/uploads\/2020\/05\/boka_logo_final2-01.svg\",\"width\":1,\"height\":1,\"caption\":\"BoKa design\"},\"image\":{\"@id\":\"https:\/\/bokadesign.hr\/#\/schema\/logo\/image\/\"},\"sameAs\":[\"https:\/\/www.facebook.com\/BOKA-design-1542571742626063\",\"https:\/\/www.instagram.com\/boka.design_\/\",\"https:\/\/www.linkedin.com\/company\/bokadesign\/\"]}]}<\/script>\n<!-- \/ Yoast SEO plugin. -->","yoast_head_json":{"title":"Ringwurfspiel - BOKA design","robots":{"index":"index","follow":"follow","max-snippet":"max-snippet:-1","max-image-preview":"max-image-preview:large","max-video-preview":"max-video-preview:-1"},"canonical":"https:\/\/bokadesign.hr\/de\/produkt\/ringwurfspiel\/","og_locale":"de_DE","og_type":"article","og_title":"Ringwurfspiel - BOKA design","og_description":"Dies ist das beste Rasenspiel, das Sie in Ihrem Garten haben k\u00f6nnen. Es ist ein gro\u00dfer Hit auf Partys, Geburtstagen, Zusammenk\u00fcnften, Hochzeiten oder anderen besonderen Anl\u00e4ssen. Sie k\u00f6nnen sogar drinnen spielen, in Ihrem Spielzimmer oder Wohnzimmer. Dieses Holzspiel besteht zu 100 % aus nat\u00fcrlichen Materialien: Holz und Juteseil. Die Farbe ist ungiftig und auf Wasserbasis. Spielm\u00f6glichkeiten: 2 Spieler (oder Teams). Die Holzringe werden in Richtung Spielfeld geworfen. In der Mitte ist es am schwierigsten zu punkten, weshalb dort die meisten Punkte vergeben werden. Die Wurfweite wird von den Spielern bestimmt, wir empfehlen jedoch mindestens 3 Meter. Der Gewinner ist der Spieler mit der h\u00f6chsten Punktzahl. Das Set beinhaltet: 6 h\u00f6lzerne Wurfringe.","og_url":"https:\/\/bokadesign.hr\/de\/produkt\/ringwurfspiel\/","og_site_name":"BOKA design","article_publisher":"https:\/\/www.facebook.com\/BOKA-design-1542571742626063","article_modified_time":"2023-08-04T20:05:00+00:00","og_image":[{"width":600,"height":600,"url":"https:\/\/bokadesign.hr\/wp-content\/uploads\/2023\/08\/Ring-toss-game-1.jpg","type":"image\/jpeg"}],"twitter_card":"summary_large_image","twitter_misc":{"Gesch\u00e4tzte Lesezeit":"1\u00a0Minute"},"schema":{"@context":"https:\/\/schema.org","@graph":[{"@type":"WebPage","@id":"https:\/\/bokadesign.hr\/de\/produkt\/ringwurfspiel\/","url":"https:\/\/bokadesign.hr\/de\/produkt\/ringwurfspiel\/","name":"Ringwurfspiel - BOKA design","isPartOf":{"@id":"https:\/\/bokadesign.hr\/#website"},"datePublished":"2023-08-04T19:42:06+00:00","dateModified":"2023-08-04T20:05:00+00:00","breadcrumb":{"@id":"https:\/\/bokadesign.hr\/de\/produkt\/ringwurfspiel\/#breadcrumb"},"inLanguage":"de","potentialAction":[{"@type":"ReadAction","target":["https:\/\/bokadesign.hr\/de\/produkt\/ringwurfspiel\/"]}]},{"@type":"BreadcrumbList","@id":"https:\/\/bokadesign.hr\/de\/produkt\/ringwurfspiel\/#breadcrumb","itemListElement":[{"@type":"ListItem","position":1,"name":"Po\u010detna stranica","item":"https:\/\/bokadesign.hr\/de\/"},{"@type":"ListItem","position":2,"name":"Shop","item":"https:\/\/bokadesign.hr\/de\/geschaft\/"},{"@type":"ListItem","position":3,"name":"Ringwurfspiel"}]},{"@type":"WebSite","@id":"https:\/\/bokadesign.hr\/#website","url":"https:\/\/bokadesign.hr\/","name":"BOKA design","description":"Hand made wood products","publisher":{"@id":"https:\/\/bokadesign.hr\/#organization"},"potentialAction":[{"@type":"SearchAction","target":{"@type":"EntryPoint","urlTemplate":"https:\/\/bokadesign.hr\/?s={search_term_string}"},"query-input":"required name=search_term_string"}],"inLanguage":"de"},{"@type":"Organization","@id":"https:\/\/bokadesign.hr\/#organization","name":"BoKa design","url":"https:\/\/bokadesign.hr\/","logo":{"@type":"ImageObject","inLanguage":"de","@id":"https:\/\/bokadesign.hr\/#\/schema\/logo\/image\/","url":"https:\/\/bokadesign.hr\/wp-content\/uploads\/2020\/05\/boka_logo_final2-01.svg","contentUrl":"https:\/\/bokadesign.hr\/wp-content\/uploads\/2020\/05\/boka_logo_final2-01.svg","width":1,"height":1,"caption":"BoKa design"},"image":{"@id":"https:\/\/bokadesign.hr\/#\/schema\/logo\/image\/"},"sameAs":["https:\/\/www.facebook.com\/BOKA-design-1542571742626063","https:\/\/www.instagram.com\/boka.design_\/","https:\/\/www.linkedin.com\/company\/bokadesign\/"]}]}},"_links":{"self":[{"href":"https:\/\/bokadesign.hr\/de\/wp-json\/wp\/v2\/product\/36786","targetHints":{"allow":["GET"]}}],"collection":[{"href":"https:\/\/bokadesign.hr\/de\/wp-json\/wp\/v2\/product"}],"about":[{"href":"https:\/\/bokadesign.hr\/de\/wp-json\/wp\/v2\/types\/product"}],"replies":[{"embeddable":true,"href":"https:\/\/bokadesign.hr\/de\/wp-json\/wp\/v2\/comments?post=36786"}],"wp:featuredmedia":[{"embeddable":true,"href":"https:\/\/bokadesign.hr\/de\/wp-json\/wp\/v2\/media\/192586"}],"wp:attachment":[{"href":"https:\/\/bokadesign.hr\/de\/wp-json\/wp\/v2\/media?parent=36786"}],"wp:term":[{"taxonomy":"product_brand","embeddable":true,"href":"https:\/\/bokadesign.hr\/de\/wp-json\/wp\/v2\/product_brand?post=36786"},{"taxonomy":"product_cat","embeddable":true,"href":"https:\/\/bokadesign.hr\/de\/wp-json\/wp\/v2\/product_cat?post=36786"},{"taxonomy":"product_tag","embeddable":true,"href":"https:\/\/bokadesign.hr\/de\/wp-json\/wp\/v2\/product_tag?post=36786"}],"curies":[{"name":"wp","href":"https:\/\/api.w.org\/{rel}","templated":true}]}}