{"id":37087,"date":"2023-09-13T14:30:34","date_gmt":"2023-09-13T12:30:40","guid":{"rendered":"https:\/\/bokadesign.hr\/?post_type=product&#038;p=37087"},"modified":"2023-09-13T14:49:26","modified_gmt":"2023-09-13T12:49:26","slug":"stander-fur-donuts-donutstander","status":"publish","type":"product","link":"https:\/\/bokadesign.hr\/de\/produkt\/stander-fur-donuts-donutstander\/","title":{"rendered":"St\u00e4nder f\u00fcr Donuts \u2013 Donutst\u00e4nder"},"content":{"rendered":"<section class=\"wpb-content-wrapper\"><p>[vc_row][vc_column][vc_column_text css_animation=&#8221;appear&#8221; text_larger=&#8221;no&#8221; woodmart_inline=&#8221;no&#8221;]<strong>Material:<\/strong><br \/>\nMDF.<\/p>\n<p><strong>Wiederverwendbarkeit:<\/strong><br \/>\nDas Produkt ist umweltfreundlich und kann recycelt oder zur Energier\u00fcckgewinnung verwendet werden.<\/p>\n<p><strong>Wartungshinweise:<\/strong><br \/>\nMit einem in einem milden Reinigungsmittel getr\u00e4nkten Tuch reinigen.<br \/>\nMit einem trockenen Tuch abwischen.[\/vc_column_text][\/vc_column][\/vc_row]<\/p>\n<\/section>","protected":false},"excerpt":{"rendered":"<p>Verleihen Sie Ihren Hochzeiten und Geburtstagen mit einer Donut-Bar aus Holz ein neues Ma\u00df an Charme und K\u00f6stlichkeit. Lassen Sie seine zeitlose Sch\u00f6nheit und anpassbaren Funktionen ein unvergessliches Erlebnis f\u00fcr Sie und Ihre G\u00e4ste schaffen \u2013 vom ersten Blick auf die einladende Pr\u00e4sentation bis zum letzten k\u00f6stlichen Bissen. Diese h\u00f6lzerne Donut-Bar wird eine fesselnde Erg\u00e4nzung Ihrer Feierlichkeiten sein und bleibende Erinnerungen und s\u00fc\u00dfe Eindr\u00fccke f\u00fcr die kommenden Jahre hinterlassen. Einfach zu montieren und wiederverwendbar.<\/p>\n<p>Wir haben diese einfache, aber sch\u00f6ne Donut-Wand gemacht \u2026<\/p>\n<p>\u2026So k\u00f6nnen Sie die Schokoriegel auf Ihrer Party, Hochzeit oder anderen Feierlichkeiten kreativ dekorieren. Yum! \ud83d\ude0b<\/p>\n<p>&#8230; So erhalten Sie die perfekte M\u00f6glichkeit, Ihrer Veranstaltung oder Party einen Hauch von S\u00fc\u00dfe und Spa\u00df zu verleihen.<\/p>\n<p>\u2026So k\u00f6nnen Sie es als Tischdekoration verwenden.<\/p>\n<p>\u2026So k\u00f6nnen Sie es personalisieren, um diesen Artikel und Ihre Feier einzigartig zu machen.<\/p>\n<p>\u2026So k\u00f6nnen Sie es als Geschenk zum Geburtstag, zur Hochzeit, zur Braut-\/Babyparty oder zur Verlobungsfeier \u00fcberreichen.<\/p>\n<p><strong>Produktma\u00dfe:<\/strong><br \/>\nH\u00f6he: 39 c<br \/>\nBreite: 48 cm<\/p>\n","protected":false},"featured_media":37104,"comment_status":"open","ping_status":"closed","template":"","meta":[],"product_brand":[],"product_cat":[118],"product_tag":[],"class_list":{"0":"post-37087","1":"product","2":"type-product","3":"status-publish","4":"has-post-thumbnail","6":"product_cat-andere","8":"first","9":"instock","10":"purchasable","11":"product-type-variable"},"acf":[],"yoast_head":"<!-- This site is optimized with the Yoast SEO plugin v21.5 - https:\/\/yoast.com\/wordpress\/plugins\/seo\/ -->\n<title>St\u00e4nder f\u00fcr Donuts \u2013 Donutst\u00e4nder - BOKA design<\/title>\n<meta name=\"robots\" content=\"index, follow, max-snippet:-1, max-image-preview:large, max-video-preview:-1\" \/>\n<link rel=\"canonical\" href=\"https:\/\/bokadesign.hr\/de\/produkt\/stander-fur-donuts-donutstander\/\" \/>\n<meta property=\"og:locale\" content=\"de_DE\" \/>\n<meta property=\"og:type\" content=\"article\" \/>\n<meta property=\"og:title\" content=\"St\u00e4nder f\u00fcr Donuts \u2013 Donutst\u00e4nder - BOKA design\" \/>\n<meta property=\"og:description\" content=\"Verleihen Sie Ihren Hochzeiten und Geburtstagen mit einer Donut-Bar aus Holz ein neues Ma\u00df an Charme und K\u00f6stlichkeit. Lassen Sie seine zeitlose Sch\u00f6nheit und anpassbaren Funktionen ein unvergessliches Erlebnis f\u00fcr Sie und Ihre G\u00e4ste schaffen \u2013 vom ersten Blick auf die einladende Pr\u00e4sentation bis zum letzten k\u00f6stlichen Bissen. Diese h\u00f6lzerne Donut-Bar wird eine fesselnde Erg\u00e4nzung Ihrer Feierlichkeiten sein und bleibende Erinnerungen und s\u00fc\u00dfe Eindr\u00fccke f\u00fcr die kommenden Jahre hinterlassen. Einfach zu montieren und wiederverwendbar.  Wir haben diese einfache, aber sch\u00f6ne Donut-Wand gemacht \u2026  \u2026So k\u00f6nnen Sie die Schokoriegel auf Ihrer Party, Hochzeit oder anderen Feierlichkeiten kreativ dekorieren. Yum! \ud83d\ude0b  ... So erhalten Sie die perfekte M\u00f6glichkeit, Ihrer Veranstaltung oder Party einen Hauch von S\u00fc\u00dfe und Spa\u00df zu verleihen.  \u2026So k\u00f6nnen Sie es als Tischdekoration verwenden.  \u2026So k\u00f6nnen Sie es personalisieren, um diesen Artikel und Ihre Feier einzigartig zu machen.  \u2026So k\u00f6nnen Sie es als Geschenk zum Geburtstag, zur Hochzeit, zur Braut-\/Babyparty oder zur Verlobungsfeier \u00fcberreichen.  Produktma\u00dfe: H\u00f6he: 39 c Breite: 48 cm\" \/>\n<meta property=\"og:url\" content=\"https:\/\/bokadesign.hr\/de\/produkt\/stander-fur-donuts-donutstander\/\" \/>\n<meta property=\"og:site_name\" content=\"BOKA design\" \/>\n<meta property=\"article:publisher\" content=\"https:\/\/www.facebook.com\/BOKA-design-1542571742626063\" \/>\n<meta property=\"article:modified_time\" content=\"2023-09-13T12:49:26+00:00\" \/>\n<meta property=\"og:image\" content=\"https:\/\/bokadesign.hr\/wp-content\/uploads\/2023\/09\/1.-Stalak-za-krafne-Donut-stalak.jpg\" \/>\n\t<meta property=\"og:image:width\" content=\"600\" \/>\n\t<meta property=\"og:image:height\" content=\"600\" \/>\n\t<meta property=\"og:image:type\" content=\"image\/jpeg\" \/>\n<meta name=\"twitter:card\" content=\"summary_large_image\" \/>\n<meta name=\"twitter:label1\" content=\"Gesch\u00e4tzte Lesezeit\" \/>\n\t<meta name=\"twitter:data1\" content=\"1\u00a0Minute\" \/>\n<script type=\"application\/ld+json\" class=\"yoast-schema-graph\">{\"@context\":\"https:\/\/schema.org\",\"@graph\":[{\"@type\":\"WebPage\",\"@id\":\"https:\/\/bokadesign.hr\/de\/produkt\/stander-fur-donuts-donutstander\/\",\"url\":\"https:\/\/bokadesign.hr\/de\/produkt\/stander-fur-donuts-donutstander\/\",\"name\":\"St\u00e4nder f\u00fcr Donuts \u2013 Donutst\u00e4nder - BOKA design\",\"isPartOf\":{\"@id\":\"https:\/\/bokadesign.hr\/#website\"},\"datePublished\":\"2023-09-13T12:30:40+00:00\",\"dateModified\":\"2023-09-13T12:49:26+00:00\",\"breadcrumb\":{\"@id\":\"https:\/\/bokadesign.hr\/de\/produkt\/stander-fur-donuts-donutstander\/#breadcrumb\"},\"inLanguage\":\"de\",\"potentialAction\":[{\"@type\":\"ReadAction\",\"target\":[\"https:\/\/bokadesign.hr\/de\/produkt\/stander-fur-donuts-donutstander\/\"]}]},{\"@type\":\"BreadcrumbList\",\"@id\":\"https:\/\/bokadesign.hr\/de\/produkt\/stander-fur-donuts-donutstander\/#breadcrumb\",\"itemListElement\":[{\"@type\":\"ListItem\",\"position\":1,\"name\":\"Po\u010detna stranica\",\"item\":\"https:\/\/bokadesign.hr\/de\/\"},{\"@type\":\"ListItem\",\"position\":2,\"name\":\"Shop\",\"item\":\"https:\/\/bokadesign.hr\/de\/geschaft\/\"},{\"@type\":\"ListItem\",\"position\":3,\"name\":\"St\u00e4nder f\u00fcr Donuts \u2013 Donutst\u00e4nder\"}]},{\"@type\":\"WebSite\",\"@id\":\"https:\/\/bokadesign.hr\/#website\",\"url\":\"https:\/\/bokadesign.hr\/\",\"name\":\"BOKA design\",\"description\":\"Hand made wood products\",\"publisher\":{\"@id\":\"https:\/\/bokadesign.hr\/#organization\"},\"potentialAction\":[{\"@type\":\"SearchAction\",\"target\":{\"@type\":\"EntryPoint\",\"urlTemplate\":\"https:\/\/bokadesign.hr\/?s={search_term_string}\"},\"query-input\":\"required name=search_term_string\"}],\"inLanguage\":\"de\"},{\"@type\":\"Organization\",\"@id\":\"https:\/\/bokadesign.hr\/#organization\",\"name\":\"BoKa design\",\"url\":\"https:\/\/bokadesign.hr\/\",\"logo\":{\"@type\":\"ImageObject\",\"inLanguage\":\"de\",\"@id\":\"https:\/\/bokadesign.hr\/#\/schema\/logo\/image\/\",\"url\":\"https:\/\/bokadesign.hr\/wp-content\/uploads\/2020\/05\/boka_logo_final2-01.svg\",\"contentUrl\":\"https:\/\/bokadesign.hr\/wp-content\/uploads\/2020\/05\/boka_logo_final2-01.svg\",\"width\":1,\"height\":1,\"caption\":\"BoKa design\"},\"image\":{\"@id\":\"https:\/\/bokadesign.hr\/#\/schema\/logo\/image\/\"},\"sameAs\":[\"https:\/\/www.facebook.com\/BOKA-design-1542571742626063\",\"https:\/\/www.instagram.com\/boka.design_\/\",\"https:\/\/www.linkedin.com\/company\/bokadesign\/\"]}]}<\/script>\n<!-- \/ Yoast SEO plugin. -->","yoast_head_json":{"title":"St\u00e4nder f\u00fcr Donuts \u2013 Donutst\u00e4nder - BOKA design","robots":{"index":"index","follow":"follow","max-snippet":"max-snippet:-1","max-image-preview":"max-image-preview:large","max-video-preview":"max-video-preview:-1"},"canonical":"https:\/\/bokadesign.hr\/de\/produkt\/stander-fur-donuts-donutstander\/","og_locale":"de_DE","og_type":"article","og_title":"St\u00e4nder f\u00fcr Donuts \u2013 Donutst\u00e4nder - BOKA design","og_description":"Verleihen Sie Ihren Hochzeiten und Geburtstagen mit einer Donut-Bar aus Holz ein neues Ma\u00df an Charme und K\u00f6stlichkeit. Lassen Sie seine zeitlose Sch\u00f6nheit und anpassbaren Funktionen ein unvergessliches Erlebnis f\u00fcr Sie und Ihre G\u00e4ste schaffen \u2013 vom ersten Blick auf die einladende Pr\u00e4sentation bis zum letzten k\u00f6stlichen Bissen. Diese h\u00f6lzerne Donut-Bar wird eine fesselnde Erg\u00e4nzung Ihrer Feierlichkeiten sein und bleibende Erinnerungen und s\u00fc\u00dfe Eindr\u00fccke f\u00fcr die kommenden Jahre hinterlassen. Einfach zu montieren und wiederverwendbar.  Wir haben diese einfache, aber sch\u00f6ne Donut-Wand gemacht \u2026  \u2026So k\u00f6nnen Sie die Schokoriegel auf Ihrer Party, Hochzeit oder anderen Feierlichkeiten kreativ dekorieren. Yum! \ud83d\ude0b  ... So erhalten Sie die perfekte M\u00f6glichkeit, Ihrer Veranstaltung oder Party einen Hauch von S\u00fc\u00dfe und Spa\u00df zu verleihen.  \u2026So k\u00f6nnen Sie es als Tischdekoration verwenden.  \u2026So k\u00f6nnen Sie es personalisieren, um diesen Artikel und Ihre Feier einzigartig zu machen.  \u2026So k\u00f6nnen Sie es als Geschenk zum Geburtstag, zur Hochzeit, zur Braut-\/Babyparty oder zur Verlobungsfeier \u00fcberreichen.  Produktma\u00dfe: H\u00f6he: 39 c Breite: 48 cm","og_url":"https:\/\/bokadesign.hr\/de\/produkt\/stander-fur-donuts-donutstander\/","og_site_name":"BOKA design","article_publisher":"https:\/\/www.facebook.com\/BOKA-design-1542571742626063","article_modified_time":"2023-09-13T12:49:26+00:00","og_image":[{"width":600,"height":600,"url":"https:\/\/bokadesign.hr\/wp-content\/uploads\/2023\/09\/1.-Stalak-za-krafne-Donut-stalak.jpg","type":"image\/jpeg"}],"twitter_card":"summary_large_image","twitter_misc":{"Gesch\u00e4tzte Lesezeit":"1\u00a0Minute"},"schema":{"@context":"https:\/\/schema.org","@graph":[{"@type":"WebPage","@id":"https:\/\/bokadesign.hr\/de\/produkt\/stander-fur-donuts-donutstander\/","url":"https:\/\/bokadesign.hr\/de\/produkt\/stander-fur-donuts-donutstander\/","name":"St\u00e4nder f\u00fcr Donuts \u2013 Donutst\u00e4nder - BOKA design","isPartOf":{"@id":"https:\/\/bokadesign.hr\/#website"},"datePublished":"2023-09-13T12:30:40+00:00","dateModified":"2023-09-13T12:49:26+00:00","breadcrumb":{"@id":"https:\/\/bokadesign.hr\/de\/produkt\/stander-fur-donuts-donutstander\/#breadcrumb"},"inLanguage":"de","potentialAction":[{"@type":"ReadAction","target":["https:\/\/bokadesign.hr\/de\/produkt\/stander-fur-donuts-donutstander\/"]}]},{"@type":"BreadcrumbList","@id":"https:\/\/bokadesign.hr\/de\/produkt\/stander-fur-donuts-donutstander\/#breadcrumb","itemListElement":[{"@type":"ListItem","position":1,"name":"Po\u010detna stranica","item":"https:\/\/bokadesign.hr\/de\/"},{"@type":"ListItem","position":2,"name":"Shop","item":"https:\/\/bokadesign.hr\/de\/geschaft\/"},{"@type":"ListItem","position":3,"name":"St\u00e4nder f\u00fcr Donuts \u2013 Donutst\u00e4nder"}]},{"@type":"WebSite","@id":"https:\/\/bokadesign.hr\/#website","url":"https:\/\/bokadesign.hr\/","name":"BOKA design","description":"Hand made wood products","publisher":{"@id":"https:\/\/bokadesign.hr\/#organization"},"potentialAction":[{"@type":"SearchAction","target":{"@type":"EntryPoint","urlTemplate":"https:\/\/bokadesign.hr\/?s={search_term_string}"},"query-input":"required name=search_term_string"}],"inLanguage":"de"},{"@type":"Organization","@id":"https:\/\/bokadesign.hr\/#organization","name":"BoKa design","url":"https:\/\/bokadesign.hr\/","logo":{"@type":"ImageObject","inLanguage":"de","@id":"https:\/\/bokadesign.hr\/#\/schema\/logo\/image\/","url":"https:\/\/bokadesign.hr\/wp-content\/uploads\/2020\/05\/boka_logo_final2-01.svg","contentUrl":"https:\/\/bokadesign.hr\/wp-content\/uploads\/2020\/05\/boka_logo_final2-01.svg","width":1,"height":1,"caption":"BoKa design"},"image":{"@id":"https:\/\/bokadesign.hr\/#\/schema\/logo\/image\/"},"sameAs":["https:\/\/www.facebook.com\/BOKA-design-1542571742626063","https:\/\/www.instagram.com\/boka.design_\/","https:\/\/www.linkedin.com\/company\/bokadesign\/"]}]}},"_links":{"self":[{"href":"https:\/\/bokadesign.hr\/de\/wp-json\/wp\/v2\/product\/37087","targetHints":{"allow":["GET"]}}],"collection":[{"href":"https:\/\/bokadesign.hr\/de\/wp-json\/wp\/v2\/product"}],"about":[{"href":"https:\/\/bokadesign.hr\/de\/wp-json\/wp\/v2\/types\/product"}],"replies":[{"embeddable":true,"href":"https:\/\/bokadesign.hr\/de\/wp-json\/wp\/v2\/comments?post=37087"}],"wp:featuredmedia":[{"embeddable":true,"href":"https:\/\/bokadesign.hr\/de\/wp-json\/wp\/v2\/media\/37104"}],"wp:attachment":[{"href":"https:\/\/bokadesign.hr\/de\/wp-json\/wp\/v2\/media?parent=37087"}],"wp:term":[{"taxonomy":"product_brand","embeddable":true,"href":"https:\/\/bokadesign.hr\/de\/wp-json\/wp\/v2\/product_brand?post=37087"},{"taxonomy":"product_cat","embeddable":true,"href":"https:\/\/bokadesign.hr\/de\/wp-json\/wp\/v2\/product_cat?post=37087"},{"taxonomy":"product_tag","embeddable":true,"href":"https:\/\/bokadesign.hr\/de\/wp-json\/wp\/v2\/product_tag?post=37087"}],"curies":[{"name":"wp","href":"https:\/\/api.w.org\/{rel}","templated":true}]}}