{"id":47008,"date":"2023-10-31T14:53:38","date_gmt":"2023-10-31T13:53:38","guid":{"rendered":"https:\/\/bokadesign.hr\/?post_type=product&#038;p=47008"},"modified":"2023-10-31T15:09:01","modified_gmt":"2023-10-31T14:09:01","slug":"arbeitstisch","status":"publish","type":"product","link":"https:\/\/bokadesign.hr\/de\/produkt\/arbeitstisch\/","title":{"rendered":"Arbeitstisch"},"content":{"rendered":"<section class=\"wpb-content-wrapper\"><p>[vc_row][vc_column][vc_column_text text_larger=&#8221;no&#8221; woodmart_inline=&#8221;no&#8221;]<strong>Material:<\/strong><strong><br \/>\n<\/strong>Spanplatte, Veredelte Spanplatte.<\/p>\n<p><strong>Wiederverwendbarkeit:<\/strong><strong><br \/>\n<\/strong>Das Produkt ist umweltfreundlich und kann recycelt oder zur Energier\u00fcckgewinnung verwendet werden.<\/p>\n<p><strong>Wartungshinweise:<\/strong><br \/>\nMit einem in einem milden Reinigungsmittel getr\u00e4nkten Tuch reinigen.<br \/>\nMit einem trockenen Tuch abwischen.[\/vc_column_text][\/vc_column][\/vc_row]<\/p>\n<\/section>","protected":false},"excerpt":{"rendered":"<p>Ein Schreibtisch ist ein grundlegendes M\u00f6belst\u00fcck in B\u00fcros, Arbeitsr\u00e4umen und zu Hause. Dieser Schreibtisch bietet einen bequemen und funktionalen Platz f\u00fcr die Ausf\u00fchrung verschiedener Aufgaben, wie z. B. Arbeiten am Computer, Schreiben, Zeichnen oder Lernen. Er ist in der Regel mit einer Ablagefl\u00e4che f\u00fcr Arbeitsmaterialien, einen Computer oder andere Werkzeuge sowie mit Staur\u00e4umen wie Schubladen oder Regalen f\u00fcr B\u00fcromaterial und Dokumente ausgestattet. Der Schreibtisch ist ein Schl\u00fcsselelement f\u00fcr die Schaffung eines produktiven und organisierten Arbeitsumfelds, das an die individuellen Bed\u00fcrfnisse und Vorlieben des Nutzers angepasst ist.<\/p>\n<p>Schreibtische werden auch auf Bestellung gefertigt, so dass wir gerne sagen, dass es sich um &#8220;ma\u00dfgeschneiderte M\u00f6bel&#8221; handelt. Indem Sie eine Nachricht an die E-Mail <strong><em>info@bokadesign.hr<\/em><\/strong> senden, bestimmen Sie die Abmessungen und Farben, die Ihnen am besten gefallen, sowie die Dicke der Tischplatte (18 oder 36 mm), und wir werden Ihnen ein Angebot unterbreiten. Mit dieser Personalisierung erhalten Sie ein Produkt, das durch Qualit\u00e4t und Einzigartigkeit an Ihre W\u00fcnsche und Bed\u00fcrfnisse angepasst ist.<\/p>\n","protected":false},"featured_media":47015,"comment_status":"open","ping_status":"closed","template":"","meta":[],"product_brand":[],"product_cat":[270,160],"product_tag":[],"class_list":{"0":"post-47008","1":"product","2":"type-product","3":"status-publish","4":"has-post-thumbnail","6":"product_cat-ausstattung-fuer-spielzimmer-und-kindergaerten","7":"product_cat-tische","9":"first","10":"instock","11":"featured","12":"taxable","13":"shipping-taxable","14":"product-type-simple"},"acf":[],"yoast_head":"<!-- This site is optimized with the Yoast SEO plugin v21.5 - https:\/\/yoast.com\/wordpress\/plugins\/seo\/ -->\n<title>Arbeitstisch - BOKA design<\/title>\n<meta name=\"robots\" content=\"index, follow, max-snippet:-1, max-image-preview:large, max-video-preview:-1\" \/>\n<link rel=\"canonical\" href=\"https:\/\/bokadesign.hr\/de\/produkt\/arbeitstisch\/\" \/>\n<meta property=\"og:locale\" content=\"de_DE\" \/>\n<meta property=\"og:type\" content=\"article\" \/>\n<meta property=\"og:title\" content=\"Arbeitstisch - BOKA design\" \/>\n<meta property=\"og:description\" content=\"Ein Schreibtisch ist ein grundlegendes M\u00f6belst\u00fcck in B\u00fcros, Arbeitsr\u00e4umen und zu Hause. Dieser Schreibtisch bietet einen bequemen und funktionalen Platz f\u00fcr die Ausf\u00fchrung verschiedener Aufgaben, wie z. B. Arbeiten am Computer, Schreiben, Zeichnen oder Lernen. Er ist in der Regel mit einer Ablagefl\u00e4che f\u00fcr Arbeitsmaterialien, einen Computer oder andere Werkzeuge sowie mit Staur\u00e4umen wie Schubladen oder Regalen f\u00fcr B\u00fcromaterial und Dokumente ausgestattet. Der Schreibtisch ist ein Schl\u00fcsselelement f\u00fcr die Schaffung eines produktiven und organisierten Arbeitsumfelds, das an die individuellen Bed\u00fcrfnisse und Vorlieben des Nutzers angepasst ist.  Schreibtische werden auch auf Bestellung gefertigt, so dass wir gerne sagen, dass es sich um &quot;ma\u00dfgeschneiderte M\u00f6bel&quot; handelt. Indem Sie eine Nachricht an die E-Mail info@bokadesign.hr senden, bestimmen Sie die Abmessungen und Farben, die Ihnen am besten gefallen, sowie die Dicke der Tischplatte (18 oder 36 mm), und wir werden Ihnen ein Angebot unterbreiten. Mit dieser Personalisierung erhalten Sie ein Produkt, das durch Qualit\u00e4t und Einzigartigkeit an Ihre W\u00fcnsche und Bed\u00fcrfnisse angepasst ist.\" \/>\n<meta property=\"og:url\" content=\"https:\/\/bokadesign.hr\/de\/produkt\/arbeitstisch\/\" \/>\n<meta property=\"og:site_name\" content=\"BOKA design\" \/>\n<meta property=\"article:publisher\" content=\"https:\/\/www.facebook.com\/BOKA-design-1542571742626063\" \/>\n<meta property=\"article:modified_time\" content=\"2023-10-31T14:09:01+00:00\" \/>\n<meta property=\"og:image\" content=\"https:\/\/bokadesign.hr\/wp-content\/uploads\/2023\/10\/Pisaci-stol-2.jpg\" \/>\n\t<meta property=\"og:image:width\" content=\"600\" \/>\n\t<meta property=\"og:image:height\" content=\"600\" \/>\n\t<meta property=\"og:image:type\" content=\"image\/jpeg\" \/>\n<meta name=\"twitter:card\" content=\"summary_large_image\" \/>\n<meta name=\"twitter:label1\" content=\"Gesch\u00e4tzte Lesezeit\" \/>\n\t<meta name=\"twitter:data1\" content=\"1\u00a0Minute\" \/>\n<script type=\"application\/ld+json\" class=\"yoast-schema-graph\">{\"@context\":\"https:\/\/schema.org\",\"@graph\":[{\"@type\":\"WebPage\",\"@id\":\"https:\/\/bokadesign.hr\/de\/produkt\/arbeitstisch\/\",\"url\":\"https:\/\/bokadesign.hr\/de\/produkt\/arbeitstisch\/\",\"name\":\"Arbeitstisch - BOKA design\",\"isPartOf\":{\"@id\":\"https:\/\/bokadesign.hr\/#website\"},\"datePublished\":\"2023-10-31T13:53:38+00:00\",\"dateModified\":\"2023-10-31T14:09:01+00:00\",\"breadcrumb\":{\"@id\":\"https:\/\/bokadesign.hr\/de\/produkt\/arbeitstisch\/#breadcrumb\"},\"inLanguage\":\"de\",\"potentialAction\":[{\"@type\":\"ReadAction\",\"target\":[\"https:\/\/bokadesign.hr\/de\/produkt\/arbeitstisch\/\"]}]},{\"@type\":\"BreadcrumbList\",\"@id\":\"https:\/\/bokadesign.hr\/de\/produkt\/arbeitstisch\/#breadcrumb\",\"itemListElement\":[{\"@type\":\"ListItem\",\"position\":1,\"name\":\"Po\u010detna stranica\",\"item\":\"https:\/\/bokadesign.hr\/de\/\"},{\"@type\":\"ListItem\",\"position\":2,\"name\":\"Shop\",\"item\":\"https:\/\/bokadesign.hr\/de\/geschaft\/\"},{\"@type\":\"ListItem\",\"position\":3,\"name\":\"Arbeitstisch\"}]},{\"@type\":\"WebSite\",\"@id\":\"https:\/\/bokadesign.hr\/#website\",\"url\":\"https:\/\/bokadesign.hr\/\",\"name\":\"BOKA design\",\"description\":\"Hand made wood products\",\"publisher\":{\"@id\":\"https:\/\/bokadesign.hr\/#organization\"},\"potentialAction\":[{\"@type\":\"SearchAction\",\"target\":{\"@type\":\"EntryPoint\",\"urlTemplate\":\"https:\/\/bokadesign.hr\/?s={search_term_string}\"},\"query-input\":\"required name=search_term_string\"}],\"inLanguage\":\"de\"},{\"@type\":\"Organization\",\"@id\":\"https:\/\/bokadesign.hr\/#organization\",\"name\":\"BoKa design\",\"url\":\"https:\/\/bokadesign.hr\/\",\"logo\":{\"@type\":\"ImageObject\",\"inLanguage\":\"de\",\"@id\":\"https:\/\/bokadesign.hr\/#\/schema\/logo\/image\/\",\"url\":\"https:\/\/bokadesign.hr\/wp-content\/uploads\/2020\/05\/boka_logo_final2-01.svg\",\"contentUrl\":\"https:\/\/bokadesign.hr\/wp-content\/uploads\/2020\/05\/boka_logo_final2-01.svg\",\"width\":1,\"height\":1,\"caption\":\"BoKa design\"},\"image\":{\"@id\":\"https:\/\/bokadesign.hr\/#\/schema\/logo\/image\/\"},\"sameAs\":[\"https:\/\/www.facebook.com\/BOKA-design-1542571742626063\",\"https:\/\/www.instagram.com\/boka.design_\/\",\"https:\/\/www.linkedin.com\/company\/bokadesign\/\"]}]}<\/script>\n<!-- \/ Yoast SEO plugin. -->","yoast_head_json":{"title":"Arbeitstisch - BOKA design","robots":{"index":"index","follow":"follow","max-snippet":"max-snippet:-1","max-image-preview":"max-image-preview:large","max-video-preview":"max-video-preview:-1"},"canonical":"https:\/\/bokadesign.hr\/de\/produkt\/arbeitstisch\/","og_locale":"de_DE","og_type":"article","og_title":"Arbeitstisch - BOKA design","og_description":"Ein Schreibtisch ist ein grundlegendes M\u00f6belst\u00fcck in B\u00fcros, Arbeitsr\u00e4umen und zu Hause. Dieser Schreibtisch bietet einen bequemen und funktionalen Platz f\u00fcr die Ausf\u00fchrung verschiedener Aufgaben, wie z. B. Arbeiten am Computer, Schreiben, Zeichnen oder Lernen. Er ist in der Regel mit einer Ablagefl\u00e4che f\u00fcr Arbeitsmaterialien, einen Computer oder andere Werkzeuge sowie mit Staur\u00e4umen wie Schubladen oder Regalen f\u00fcr B\u00fcromaterial und Dokumente ausgestattet. Der Schreibtisch ist ein Schl\u00fcsselelement f\u00fcr die Schaffung eines produktiven und organisierten Arbeitsumfelds, das an die individuellen Bed\u00fcrfnisse und Vorlieben des Nutzers angepasst ist.  Schreibtische werden auch auf Bestellung gefertigt, so dass wir gerne sagen, dass es sich um \"ma\u00dfgeschneiderte M\u00f6bel\" handelt. Indem Sie eine Nachricht an die E-Mail info@bokadesign.hr senden, bestimmen Sie die Abmessungen und Farben, die Ihnen am besten gefallen, sowie die Dicke der Tischplatte (18 oder 36 mm), und wir werden Ihnen ein Angebot unterbreiten. Mit dieser Personalisierung erhalten Sie ein Produkt, das durch Qualit\u00e4t und Einzigartigkeit an Ihre W\u00fcnsche und Bed\u00fcrfnisse angepasst ist.","og_url":"https:\/\/bokadesign.hr\/de\/produkt\/arbeitstisch\/","og_site_name":"BOKA design","article_publisher":"https:\/\/www.facebook.com\/BOKA-design-1542571742626063","article_modified_time":"2023-10-31T14:09:01+00:00","og_image":[{"width":600,"height":600,"url":"https:\/\/bokadesign.hr\/wp-content\/uploads\/2023\/10\/Pisaci-stol-2.jpg","type":"image\/jpeg"}],"twitter_card":"summary_large_image","twitter_misc":{"Gesch\u00e4tzte Lesezeit":"1\u00a0Minute"},"schema":{"@context":"https:\/\/schema.org","@graph":[{"@type":"WebPage","@id":"https:\/\/bokadesign.hr\/de\/produkt\/arbeitstisch\/","url":"https:\/\/bokadesign.hr\/de\/produkt\/arbeitstisch\/","name":"Arbeitstisch - BOKA design","isPartOf":{"@id":"https:\/\/bokadesign.hr\/#website"},"datePublished":"2023-10-31T13:53:38+00:00","dateModified":"2023-10-31T14:09:01+00:00","breadcrumb":{"@id":"https:\/\/bokadesign.hr\/de\/produkt\/arbeitstisch\/#breadcrumb"},"inLanguage":"de","potentialAction":[{"@type":"ReadAction","target":["https:\/\/bokadesign.hr\/de\/produkt\/arbeitstisch\/"]}]},{"@type":"BreadcrumbList","@id":"https:\/\/bokadesign.hr\/de\/produkt\/arbeitstisch\/#breadcrumb","itemListElement":[{"@type":"ListItem","position":1,"name":"Po\u010detna stranica","item":"https:\/\/bokadesign.hr\/de\/"},{"@type":"ListItem","position":2,"name":"Shop","item":"https:\/\/bokadesign.hr\/de\/geschaft\/"},{"@type":"ListItem","position":3,"name":"Arbeitstisch"}]},{"@type":"WebSite","@id":"https:\/\/bokadesign.hr\/#website","url":"https:\/\/bokadesign.hr\/","name":"BOKA design","description":"Hand made wood products","publisher":{"@id":"https:\/\/bokadesign.hr\/#organization"},"potentialAction":[{"@type":"SearchAction","target":{"@type":"EntryPoint","urlTemplate":"https:\/\/bokadesign.hr\/?s={search_term_string}"},"query-input":"required name=search_term_string"}],"inLanguage":"de"},{"@type":"Organization","@id":"https:\/\/bokadesign.hr\/#organization","name":"BoKa design","url":"https:\/\/bokadesign.hr\/","logo":{"@type":"ImageObject","inLanguage":"de","@id":"https:\/\/bokadesign.hr\/#\/schema\/logo\/image\/","url":"https:\/\/bokadesign.hr\/wp-content\/uploads\/2020\/05\/boka_logo_final2-01.svg","contentUrl":"https:\/\/bokadesign.hr\/wp-content\/uploads\/2020\/05\/boka_logo_final2-01.svg","width":1,"height":1,"caption":"BoKa design"},"image":{"@id":"https:\/\/bokadesign.hr\/#\/schema\/logo\/image\/"},"sameAs":["https:\/\/www.facebook.com\/BOKA-design-1542571742626063","https:\/\/www.instagram.com\/boka.design_\/","https:\/\/www.linkedin.com\/company\/bokadesign\/"]}]}},"_links":{"self":[{"href":"https:\/\/bokadesign.hr\/de\/wp-json\/wp\/v2\/product\/47008","targetHints":{"allow":["GET"]}}],"collection":[{"href":"https:\/\/bokadesign.hr\/de\/wp-json\/wp\/v2\/product"}],"about":[{"href":"https:\/\/bokadesign.hr\/de\/wp-json\/wp\/v2\/types\/product"}],"replies":[{"embeddable":true,"href":"https:\/\/bokadesign.hr\/de\/wp-json\/wp\/v2\/comments?post=47008"}],"wp:featuredmedia":[{"embeddable":true,"href":"https:\/\/bokadesign.hr\/de\/wp-json\/wp\/v2\/media\/47015"}],"wp:attachment":[{"href":"https:\/\/bokadesign.hr\/de\/wp-json\/wp\/v2\/media?parent=47008"}],"wp:term":[{"taxonomy":"product_brand","embeddable":true,"href":"https:\/\/bokadesign.hr\/de\/wp-json\/wp\/v2\/product_brand?post=47008"},{"taxonomy":"product_cat","embeddable":true,"href":"https:\/\/bokadesign.hr\/de\/wp-json\/wp\/v2\/product_cat?post=47008"},{"taxonomy":"product_tag","embeddable":true,"href":"https:\/\/bokadesign.hr\/de\/wp-json\/wp\/v2\/product_tag?post=47008"}],"curies":[{"name":"wp","href":"https:\/\/api.w.org\/{rel}","templated":true}]}}