{"id":49133,"date":"2023-11-03T22:41:55","date_gmt":"2023-11-03T21:41:56","guid":{"rendered":"https:\/\/bokadesign.hr\/?post_type=product&#038;p=49133"},"modified":"2023-11-03T22:56:13","modified_gmt":"2023-11-03T21:56:13","slug":"kleiderbuegel","status":"publish","type":"product","link":"https:\/\/bokadesign.hr\/de\/produkt\/kleiderbuegel\/","title":{"rendered":"Kleiderb\u00fcgel"},"content":{"rendered":"<section class=\"wpb-content-wrapper\"><p>[vc_row][vc_column][vc_column_text text_larger=&#8221;no&#8221; woodmart_inline=&#8221;no&#8221;]<strong>Material:<\/strong><strong><br \/>\n<\/strong>Holz, Spanplatten, MDF und andere &#8211; ganz nach Ihren W\u00fcnschen.<\/p>\n<p><strong>Wiederverwendbarkeit:<\/strong><strong><br \/>\n<\/strong>Das Produkt ist umweltfreundlich und kann recycelt oder zur Energier\u00fcckgewinnung verwendet werden.<\/p>\n<p><strong>Wartungshinweise:<\/strong><br \/>\nMit einem in einem milden Reinigungsmittel getr\u00e4nkten Tuch reinigen.<br \/>\nMit einem trockenen Tuch abwischen.[\/vc_column_text][\/vc_column][\/vc_row]<\/p>\n<\/section>","protected":false},"excerpt":{"rendered":"<p>Jackenb\u00fcgel im Kindergarten oder in der Schule sind praktische und funktionelle Erg\u00e4nzungen der Garderobe, die die Organisation und die Aufrechterhaltung der Ordnung im Klassenzimmer oder im Kindergartenbereich erleichtern. Sie bestehen aus robustem Material und sind zum Aufh\u00e4ngen von Jacken, M\u00e4nteln und anderer Oberbekleidung gedacht. Jackenb\u00fcgel sind oft einfach zu handhaben und kinderfreundlich, so dass die Kinder ihre Jacken leicht aufh\u00e4ngen und Ordnung halten k\u00f6nnen. Neben ihrem praktischen Zweck unterst\u00fctzen Kleiderb\u00fcgel auch die Entwicklung des Verantwortungsbewusstseins von Kindern, indem sie sie ermutigen, auf ihre pers\u00f6nlichen Gegenst\u00e4nde aufzupassen und die Gemeinschaftsr\u00e4ume des Kindergartens oder der Schule ordentlich zu halten.<\/p>\n<p>Die Kleiderb\u00fcgel werden auf Bestellung gefertigt. Indem Sie eine E-Mail an <strong><em>info@bokadesign.hr<\/em><\/strong> schicken, legen Sie fest, welche Ma\u00dfe und Farben Ihnen am besten gefallen, und wir werden Ihnen ein Angebot unterbreiten. Durch diese Personalisierung erhalten Sie ein Produkt, das durch Qualit\u00e4t und Einzigartigkeit an Ihre W\u00fcnsche und Bed\u00fcrfnisse angepasst ist.<\/p>\n","protected":false},"featured_media":49137,"comment_status":"open","ping_status":"closed","template":"","meta":[],"product_brand":[],"product_cat":[270],"product_tag":[],"class_list":{"0":"post-49133","1":"product","2":"type-product","3":"status-publish","4":"has-post-thumbnail","6":"product_cat-ausstattung-fuer-spielzimmer-und-kindergaerten","8":"first","9":"instock","10":"featured","11":"taxable","12":"shipping-taxable","13":"product-type-simple"},"acf":[],"yoast_head":"<!-- This site is optimized with the Yoast SEO plugin v21.5 - https:\/\/yoast.com\/wordpress\/plugins\/seo\/ -->\n<title>Kleiderb\u00fcgel - BOKA design<\/title>\n<meta name=\"robots\" content=\"index, follow, max-snippet:-1, max-image-preview:large, max-video-preview:-1\" \/>\n<link rel=\"canonical\" href=\"https:\/\/bokadesign.hr\/de\/produkt\/kleiderbuegel\/\" \/>\n<meta property=\"og:locale\" content=\"de_DE\" \/>\n<meta property=\"og:type\" content=\"article\" \/>\n<meta property=\"og:title\" content=\"Kleiderb\u00fcgel - BOKA design\" \/>\n<meta property=\"og:description\" content=\"Jackenb\u00fcgel im Kindergarten oder in der Schule sind praktische und funktionelle Erg\u00e4nzungen der Garderobe, die die Organisation und die Aufrechterhaltung der Ordnung im Klassenzimmer oder im Kindergartenbereich erleichtern. Sie bestehen aus robustem Material und sind zum Aufh\u00e4ngen von Jacken, M\u00e4nteln und anderer Oberbekleidung gedacht. Jackenb\u00fcgel sind oft einfach zu handhaben und kinderfreundlich, so dass die Kinder ihre Jacken leicht aufh\u00e4ngen und Ordnung halten k\u00f6nnen. Neben ihrem praktischen Zweck unterst\u00fctzen Kleiderb\u00fcgel auch die Entwicklung des Verantwortungsbewusstseins von Kindern, indem sie sie ermutigen, auf ihre pers\u00f6nlichen Gegenst\u00e4nde aufzupassen und die Gemeinschaftsr\u00e4ume des Kindergartens oder der Schule ordentlich zu halten.  Die Kleiderb\u00fcgel werden auf Bestellung gefertigt. Indem Sie eine E-Mail an info@bokadesign.hr schicken, legen Sie fest, welche Ma\u00dfe und Farben Ihnen am besten gefallen, und wir werden Ihnen ein Angebot unterbreiten. Durch diese Personalisierung erhalten Sie ein Produkt, das durch Qualit\u00e4t und Einzigartigkeit an Ihre W\u00fcnsche und Bed\u00fcrfnisse angepasst ist.\" \/>\n<meta property=\"og:url\" content=\"https:\/\/bokadesign.hr\/de\/produkt\/kleiderbuegel\/\" \/>\n<meta property=\"og:site_name\" content=\"BOKA design\" \/>\n<meta property=\"article:publisher\" content=\"https:\/\/www.facebook.com\/BOKA-design-1542571742626063\" \/>\n<meta property=\"article:modified_time\" content=\"2023-11-03T21:56:13+00:00\" \/>\n<meta property=\"og:image\" content=\"https:\/\/bokadesign.hr\/wp-content\/uploads\/2023\/11\/Vjesalica-1.jpg\" \/>\n\t<meta property=\"og:image:width\" content=\"600\" \/>\n\t<meta property=\"og:image:height\" content=\"600\" \/>\n\t<meta property=\"og:image:type\" content=\"image\/jpeg\" \/>\n<meta name=\"twitter:card\" content=\"summary_large_image\" \/>\n<meta name=\"twitter:label1\" content=\"Gesch\u00e4tzte Lesezeit\" \/>\n\t<meta name=\"twitter:data1\" content=\"1\u00a0Minute\" \/>\n<script type=\"application\/ld+json\" class=\"yoast-schema-graph\">{\"@context\":\"https:\/\/schema.org\",\"@graph\":[{\"@type\":\"WebPage\",\"@id\":\"https:\/\/bokadesign.hr\/de\/produkt\/kleiderbuegel\/\",\"url\":\"https:\/\/bokadesign.hr\/de\/produkt\/kleiderbuegel\/\",\"name\":\"Kleiderb\u00fcgel - BOKA design\",\"isPartOf\":{\"@id\":\"https:\/\/bokadesign.hr\/#website\"},\"datePublished\":\"2023-11-03T21:41:56+00:00\",\"dateModified\":\"2023-11-03T21:56:13+00:00\",\"breadcrumb\":{\"@id\":\"https:\/\/bokadesign.hr\/de\/produkt\/kleiderbuegel\/#breadcrumb\"},\"inLanguage\":\"de\",\"potentialAction\":[{\"@type\":\"ReadAction\",\"target\":[\"https:\/\/bokadesign.hr\/de\/produkt\/kleiderbuegel\/\"]}]},{\"@type\":\"BreadcrumbList\",\"@id\":\"https:\/\/bokadesign.hr\/de\/produkt\/kleiderbuegel\/#breadcrumb\",\"itemListElement\":[{\"@type\":\"ListItem\",\"position\":1,\"name\":\"Po\u010detna stranica\",\"item\":\"https:\/\/bokadesign.hr\/de\/\"},{\"@type\":\"ListItem\",\"position\":2,\"name\":\"Shop\",\"item\":\"https:\/\/bokadesign.hr\/de\/geschaft\/\"},{\"@type\":\"ListItem\",\"position\":3,\"name\":\"Kleiderb\u00fcgel\"}]},{\"@type\":\"WebSite\",\"@id\":\"https:\/\/bokadesign.hr\/#website\",\"url\":\"https:\/\/bokadesign.hr\/\",\"name\":\"BOKA design\",\"description\":\"Hand made wood products\",\"publisher\":{\"@id\":\"https:\/\/bokadesign.hr\/#organization\"},\"potentialAction\":[{\"@type\":\"SearchAction\",\"target\":{\"@type\":\"EntryPoint\",\"urlTemplate\":\"https:\/\/bokadesign.hr\/?s={search_term_string}\"},\"query-input\":\"required name=search_term_string\"}],\"inLanguage\":\"de\"},{\"@type\":\"Organization\",\"@id\":\"https:\/\/bokadesign.hr\/#organization\",\"name\":\"BoKa design\",\"url\":\"https:\/\/bokadesign.hr\/\",\"logo\":{\"@type\":\"ImageObject\",\"inLanguage\":\"de\",\"@id\":\"https:\/\/bokadesign.hr\/#\/schema\/logo\/image\/\",\"url\":\"https:\/\/bokadesign.hr\/wp-content\/uploads\/2020\/05\/boka_logo_final2-01.svg\",\"contentUrl\":\"https:\/\/bokadesign.hr\/wp-content\/uploads\/2020\/05\/boka_logo_final2-01.svg\",\"width\":1,\"height\":1,\"caption\":\"BoKa design\"},\"image\":{\"@id\":\"https:\/\/bokadesign.hr\/#\/schema\/logo\/image\/\"},\"sameAs\":[\"https:\/\/www.facebook.com\/BOKA-design-1542571742626063\",\"https:\/\/www.instagram.com\/boka.design_\/\",\"https:\/\/www.linkedin.com\/company\/bokadesign\/\"]}]}<\/script>\n<!-- \/ Yoast SEO plugin. -->","yoast_head_json":{"title":"Kleiderb\u00fcgel - BOKA design","robots":{"index":"index","follow":"follow","max-snippet":"max-snippet:-1","max-image-preview":"max-image-preview:large","max-video-preview":"max-video-preview:-1"},"canonical":"https:\/\/bokadesign.hr\/de\/produkt\/kleiderbuegel\/","og_locale":"de_DE","og_type":"article","og_title":"Kleiderb\u00fcgel - BOKA design","og_description":"Jackenb\u00fcgel im Kindergarten oder in der Schule sind praktische und funktionelle Erg\u00e4nzungen der Garderobe, die die Organisation und die Aufrechterhaltung der Ordnung im Klassenzimmer oder im Kindergartenbereich erleichtern. Sie bestehen aus robustem Material und sind zum Aufh\u00e4ngen von Jacken, M\u00e4nteln und anderer Oberbekleidung gedacht. Jackenb\u00fcgel sind oft einfach zu handhaben und kinderfreundlich, so dass die Kinder ihre Jacken leicht aufh\u00e4ngen und Ordnung halten k\u00f6nnen. Neben ihrem praktischen Zweck unterst\u00fctzen Kleiderb\u00fcgel auch die Entwicklung des Verantwortungsbewusstseins von Kindern, indem sie sie ermutigen, auf ihre pers\u00f6nlichen Gegenst\u00e4nde aufzupassen und die Gemeinschaftsr\u00e4ume des Kindergartens oder der Schule ordentlich zu halten.  Die Kleiderb\u00fcgel werden auf Bestellung gefertigt. Indem Sie eine E-Mail an info@bokadesign.hr schicken, legen Sie fest, welche Ma\u00dfe und Farben Ihnen am besten gefallen, und wir werden Ihnen ein Angebot unterbreiten. Durch diese Personalisierung erhalten Sie ein Produkt, das durch Qualit\u00e4t und Einzigartigkeit an Ihre W\u00fcnsche und Bed\u00fcrfnisse angepasst ist.","og_url":"https:\/\/bokadesign.hr\/de\/produkt\/kleiderbuegel\/","og_site_name":"BOKA design","article_publisher":"https:\/\/www.facebook.com\/BOKA-design-1542571742626063","article_modified_time":"2023-11-03T21:56:13+00:00","og_image":[{"width":600,"height":600,"url":"https:\/\/bokadesign.hr\/wp-content\/uploads\/2023\/11\/Vjesalica-1.jpg","type":"image\/jpeg"}],"twitter_card":"summary_large_image","twitter_misc":{"Gesch\u00e4tzte Lesezeit":"1\u00a0Minute"},"schema":{"@context":"https:\/\/schema.org","@graph":[{"@type":"WebPage","@id":"https:\/\/bokadesign.hr\/de\/produkt\/kleiderbuegel\/","url":"https:\/\/bokadesign.hr\/de\/produkt\/kleiderbuegel\/","name":"Kleiderb\u00fcgel - BOKA design","isPartOf":{"@id":"https:\/\/bokadesign.hr\/#website"},"datePublished":"2023-11-03T21:41:56+00:00","dateModified":"2023-11-03T21:56:13+00:00","breadcrumb":{"@id":"https:\/\/bokadesign.hr\/de\/produkt\/kleiderbuegel\/#breadcrumb"},"inLanguage":"de","potentialAction":[{"@type":"ReadAction","target":["https:\/\/bokadesign.hr\/de\/produkt\/kleiderbuegel\/"]}]},{"@type":"BreadcrumbList","@id":"https:\/\/bokadesign.hr\/de\/produkt\/kleiderbuegel\/#breadcrumb","itemListElement":[{"@type":"ListItem","position":1,"name":"Po\u010detna stranica","item":"https:\/\/bokadesign.hr\/de\/"},{"@type":"ListItem","position":2,"name":"Shop","item":"https:\/\/bokadesign.hr\/de\/geschaft\/"},{"@type":"ListItem","position":3,"name":"Kleiderb\u00fcgel"}]},{"@type":"WebSite","@id":"https:\/\/bokadesign.hr\/#website","url":"https:\/\/bokadesign.hr\/","name":"BOKA design","description":"Hand made wood products","publisher":{"@id":"https:\/\/bokadesign.hr\/#organization"},"potentialAction":[{"@type":"SearchAction","target":{"@type":"EntryPoint","urlTemplate":"https:\/\/bokadesign.hr\/?s={search_term_string}"},"query-input":"required name=search_term_string"}],"inLanguage":"de"},{"@type":"Organization","@id":"https:\/\/bokadesign.hr\/#organization","name":"BoKa design","url":"https:\/\/bokadesign.hr\/","logo":{"@type":"ImageObject","inLanguage":"de","@id":"https:\/\/bokadesign.hr\/#\/schema\/logo\/image\/","url":"https:\/\/bokadesign.hr\/wp-content\/uploads\/2020\/05\/boka_logo_final2-01.svg","contentUrl":"https:\/\/bokadesign.hr\/wp-content\/uploads\/2020\/05\/boka_logo_final2-01.svg","width":1,"height":1,"caption":"BoKa design"},"image":{"@id":"https:\/\/bokadesign.hr\/#\/schema\/logo\/image\/"},"sameAs":["https:\/\/www.facebook.com\/BOKA-design-1542571742626063","https:\/\/www.instagram.com\/boka.design_\/","https:\/\/www.linkedin.com\/company\/bokadesign\/"]}]}},"_links":{"self":[{"href":"https:\/\/bokadesign.hr\/de\/wp-json\/wp\/v2\/product\/49133","targetHints":{"allow":["GET"]}}],"collection":[{"href":"https:\/\/bokadesign.hr\/de\/wp-json\/wp\/v2\/product"}],"about":[{"href":"https:\/\/bokadesign.hr\/de\/wp-json\/wp\/v2\/types\/product"}],"replies":[{"embeddable":true,"href":"https:\/\/bokadesign.hr\/de\/wp-json\/wp\/v2\/comments?post=49133"}],"wp:featuredmedia":[{"embeddable":true,"href":"https:\/\/bokadesign.hr\/de\/wp-json\/wp\/v2\/media\/49137"}],"wp:attachment":[{"href":"https:\/\/bokadesign.hr\/de\/wp-json\/wp\/v2\/media?parent=49133"}],"wp:term":[{"taxonomy":"product_brand","embeddable":true,"href":"https:\/\/bokadesign.hr\/de\/wp-json\/wp\/v2\/product_brand?post=49133"},{"taxonomy":"product_cat","embeddable":true,"href":"https:\/\/bokadesign.hr\/de\/wp-json\/wp\/v2\/product_cat?post=49133"},{"taxonomy":"product_tag","embeddable":true,"href":"https:\/\/bokadesign.hr\/de\/wp-json\/wp\/v2\/product_tag?post=49133"}],"curies":[{"name":"wp","href":"https:\/\/api.w.org\/{rel}","templated":true}]}}