{"id":6584,"date":"2020-03-11T15:35:18","date_gmt":"2020-03-11T14:35:18","guid":{"rendered":"https:\/\/bokadesign.hr\/proizvod\/spielzeugbox-teddybar-rosa\/"},"modified":"2023-04-21T13:19:27","modified_gmt":"2023-04-21T11:19:27","slug":"spielzeugbox-teddybar-rosa","status":"publish","type":"product","link":"https:\/\/bokadesign.hr\/de\/produkt\/spielzeugbox-teddybar-rosa\/","title":{"rendered":"Spielzeugbox Teddyb\u00e4r ROSA"},"content":{"rendered":"<section class=\"wpb-content-wrapper\"><p>[vc_row][vc_column][vc_column_text text_larger=&#8221;no&#8221;]<strong>Material:<\/strong><strong><br \/>\n<\/strong>Linde.<br \/>\nBodenbelag &#8211; Hartfaserplatte.<\/p>\n<p><strong>Wiederverwendbarkeit:<\/strong><strong><br \/>\n<\/strong>Das Produkt ist umweltfreundlich und kann recycelt oder zur Energier\u00fcckgewinnung verwendet werden.<\/p>\n<p><strong>Wartungshinweise:<\/strong><br \/>\nMit einem in einem milden Reinigungsmittel getr\u00e4nkten Tuch reinigen.<br \/>\nMit einem trockenen Tuch abwischen.[\/vc_column_text][\/vc_column][\/vc_row]<\/p>\n<\/section>","protected":false},"excerpt":{"rendered":"<p>Die Holzkiste ist ideal f\u00fcr die Aufbewahrung von Spielzeug. Nach einem lustigen Tag im Haus gibt es \u00fcberall Spielzeug. Dieser Beh\u00e4lter bietet Platz f\u00fcr alle &#8211; \u00f6ffnen Sie einfach die Schachtel und legen Sie die Dinge weg. Perfekte Gr\u00f6\u00dfe f\u00fcr kleine Kinder. Sie k\u00f6nnen sich die Dinge selbst nehmen und selbst aufr\u00e4umen &#8211; oder sich bequem mit einem Buch in der Hand auf eine Kiste setzen. Diese gro\u00dfe Box bietet Platz f\u00fcr gro\u00dfe Dinge wie Pl\u00fcschtiere und B\u00e4lle &#8211; perfekt f\u00fcr schnelles Aufr\u00e4umen. Es wurden \u00d6ko-Acrylfarben verwendet. Die Holzkiste ist stabil, von au\u00dfergew\u00f6hnlicher Festigkeit und Haltbarkeit. Alle Kanten sind abgerundet, da unsere Kindersicherheit an erster Stelle steht. Der Spielzeugbeh\u00e4lter besteht ausschlie\u00dflich von Hand aus hochwertigem Holz. Kommt fertig montiert.<\/p>\n<p><strong>Produktma\u00dfe:<\/strong><br \/>\nH\u00f6he: 30 cm<br \/>\nTiefe: 32 cm<br \/>\nBreite: 57 cm<\/p>\n","protected":false},"featured_media":7368,"comment_status":"open","ping_status":"closed","template":"","meta":[],"product_brand":[],"product_cat":[426],"product_tag":[],"class_list":{"0":"post-6584","1":"product","2":"type-product","3":"status-publish","4":"has-post-thumbnail","6":"product_cat-spielzeugboxen-de","8":"first","9":"instock","10":"featured","11":"taxable","12":"shipping-taxable","13":"purchasable","14":"product-type-simple"},"acf":[],"yoast_head":"<!-- This site is optimized with the Yoast SEO plugin v21.5 - https:\/\/yoast.com\/wordpress\/plugins\/seo\/ -->\n<title>Spielzeugbox Teddyb\u00e4r ROSA - BOKA design<\/title>\n<meta name=\"robots\" content=\"index, follow, max-snippet:-1, max-image-preview:large, max-video-preview:-1\" \/>\n<link rel=\"canonical\" href=\"https:\/\/bokadesign.hr\/de\/produkt\/spielzeugbox-teddybar-rosa\/\" \/>\n<meta property=\"og:locale\" content=\"de_DE\" \/>\n<meta property=\"og:type\" content=\"article\" \/>\n<meta property=\"og:title\" content=\"Spielzeugbox Teddyb\u00e4r ROSA - BOKA design\" \/>\n<meta property=\"og:description\" content=\"Die Holzkiste ist ideal f\u00fcr die Aufbewahrung von Spielzeug. Nach einem lustigen Tag im Haus gibt es \u00fcberall Spielzeug. Dieser Beh\u00e4lter bietet Platz f\u00fcr alle - \u00f6ffnen Sie einfach die Schachtel und legen Sie die Dinge weg. Perfekte Gr\u00f6\u00dfe f\u00fcr kleine Kinder. Sie k\u00f6nnen sich die Dinge selbst nehmen und selbst aufr\u00e4umen - oder sich bequem mit einem Buch in der Hand auf eine Kiste setzen. Diese gro\u00dfe Box bietet Platz f\u00fcr gro\u00dfe Dinge wie Pl\u00fcschtiere und B\u00e4lle - perfekt f\u00fcr schnelles Aufr\u00e4umen. Es wurden \u00d6ko-Acrylfarben verwendet. Die Holzkiste ist stabil, von au\u00dfergew\u00f6hnlicher Festigkeit und Haltbarkeit. Alle Kanten sind abgerundet, da unsere Kindersicherheit an erster Stelle steht. Der Spielzeugbeh\u00e4lter besteht ausschlie\u00dflich von Hand aus hochwertigem Holz. Kommt fertig montiert.  Produktma\u00dfe: H\u00f6he: 30 cm Tiefe: 32 cm Breite: 57 cm\" \/>\n<meta property=\"og:url\" content=\"https:\/\/bokadesign.hr\/de\/produkt\/spielzeugbox-teddybar-rosa\/\" \/>\n<meta property=\"og:site_name\" content=\"BOKA design\" \/>\n<meta property=\"article:publisher\" content=\"https:\/\/www.facebook.com\/BOKA-design-1542571742626063\" \/>\n<meta property=\"article:modified_time\" content=\"2023-04-21T11:19:27+00:00\" \/>\n<meta property=\"og:image\" content=\"https:\/\/bokadesign.hr\/wp-content\/uploads\/2020\/03\/Kutija-za-igra\u010dke-Medo-roza-1.jpg\" \/>\n\t<meta property=\"og:image:width\" content=\"600\" \/>\n\t<meta property=\"og:image:height\" content=\"600\" \/>\n\t<meta property=\"og:image:type\" content=\"image\/jpeg\" \/>\n<meta name=\"twitter:card\" content=\"summary_large_image\" \/>\n<meta name=\"twitter:label1\" content=\"Gesch\u00e4tzte Lesezeit\" \/>\n\t<meta name=\"twitter:data1\" content=\"1\u00a0Minute\" \/>\n<script type=\"application\/ld+json\" class=\"yoast-schema-graph\">{\"@context\":\"https:\/\/schema.org\",\"@graph\":[{\"@type\":\"WebPage\",\"@id\":\"https:\/\/bokadesign.hr\/de\/produkt\/spielzeugbox-teddybar-rosa\/\",\"url\":\"https:\/\/bokadesign.hr\/de\/produkt\/spielzeugbox-teddybar-rosa\/\",\"name\":\"Spielzeugbox Teddyb\u00e4r ROSA - BOKA design\",\"isPartOf\":{\"@id\":\"https:\/\/bokadesign.hr\/#website\"},\"datePublished\":\"2020-03-11T14:35:18+00:00\",\"dateModified\":\"2023-04-21T11:19:27+00:00\",\"breadcrumb\":{\"@id\":\"https:\/\/bokadesign.hr\/de\/produkt\/spielzeugbox-teddybar-rosa\/#breadcrumb\"},\"inLanguage\":\"de\",\"potentialAction\":[{\"@type\":\"ReadAction\",\"target\":[\"https:\/\/bokadesign.hr\/de\/produkt\/spielzeugbox-teddybar-rosa\/\"]}]},{\"@type\":\"BreadcrumbList\",\"@id\":\"https:\/\/bokadesign.hr\/de\/produkt\/spielzeugbox-teddybar-rosa\/#breadcrumb\",\"itemListElement\":[{\"@type\":\"ListItem\",\"position\":1,\"name\":\"Po\u010detna stranica\",\"item\":\"https:\/\/bokadesign.hr\/de\/\"},{\"@type\":\"ListItem\",\"position\":2,\"name\":\"Shop\",\"item\":\"https:\/\/bokadesign.hr\/de\/geschaft\/\"},{\"@type\":\"ListItem\",\"position\":3,\"name\":\"Spielzeugbox Teddyb\u00e4r ROSA\"}]},{\"@type\":\"WebSite\",\"@id\":\"https:\/\/bokadesign.hr\/#website\",\"url\":\"https:\/\/bokadesign.hr\/\",\"name\":\"BOKA design\",\"description\":\"Hand made wood products\",\"publisher\":{\"@id\":\"https:\/\/bokadesign.hr\/#organization\"},\"potentialAction\":[{\"@type\":\"SearchAction\",\"target\":{\"@type\":\"EntryPoint\",\"urlTemplate\":\"https:\/\/bokadesign.hr\/?s={search_term_string}\"},\"query-input\":\"required name=search_term_string\"}],\"inLanguage\":\"de\"},{\"@type\":\"Organization\",\"@id\":\"https:\/\/bokadesign.hr\/#organization\",\"name\":\"BoKa design\",\"url\":\"https:\/\/bokadesign.hr\/\",\"logo\":{\"@type\":\"ImageObject\",\"inLanguage\":\"de\",\"@id\":\"https:\/\/bokadesign.hr\/#\/schema\/logo\/image\/\",\"url\":\"https:\/\/bokadesign.hr\/wp-content\/uploads\/2020\/05\/boka_logo_final2-01.svg\",\"contentUrl\":\"https:\/\/bokadesign.hr\/wp-content\/uploads\/2020\/05\/boka_logo_final2-01.svg\",\"width\":1,\"height\":1,\"caption\":\"BoKa design\"},\"image\":{\"@id\":\"https:\/\/bokadesign.hr\/#\/schema\/logo\/image\/\"},\"sameAs\":[\"https:\/\/www.facebook.com\/BOKA-design-1542571742626063\",\"https:\/\/www.instagram.com\/boka.design_\/\",\"https:\/\/www.linkedin.com\/company\/bokadesign\/\"]}]}<\/script>\n<!-- \/ Yoast SEO plugin. -->","yoast_head_json":{"title":"Spielzeugbox Teddyb\u00e4r ROSA - BOKA design","robots":{"index":"index","follow":"follow","max-snippet":"max-snippet:-1","max-image-preview":"max-image-preview:large","max-video-preview":"max-video-preview:-1"},"canonical":"https:\/\/bokadesign.hr\/de\/produkt\/spielzeugbox-teddybar-rosa\/","og_locale":"de_DE","og_type":"article","og_title":"Spielzeugbox Teddyb\u00e4r ROSA - BOKA design","og_description":"Die Holzkiste ist ideal f\u00fcr die Aufbewahrung von Spielzeug. Nach einem lustigen Tag im Haus gibt es \u00fcberall Spielzeug. Dieser Beh\u00e4lter bietet Platz f\u00fcr alle - \u00f6ffnen Sie einfach die Schachtel und legen Sie die Dinge weg. Perfekte Gr\u00f6\u00dfe f\u00fcr kleine Kinder. Sie k\u00f6nnen sich die Dinge selbst nehmen und selbst aufr\u00e4umen - oder sich bequem mit einem Buch in der Hand auf eine Kiste setzen. Diese gro\u00dfe Box bietet Platz f\u00fcr gro\u00dfe Dinge wie Pl\u00fcschtiere und B\u00e4lle - perfekt f\u00fcr schnelles Aufr\u00e4umen. Es wurden \u00d6ko-Acrylfarben verwendet. Die Holzkiste ist stabil, von au\u00dfergew\u00f6hnlicher Festigkeit und Haltbarkeit. Alle Kanten sind abgerundet, da unsere Kindersicherheit an erster Stelle steht. Der Spielzeugbeh\u00e4lter besteht ausschlie\u00dflich von Hand aus hochwertigem Holz. Kommt fertig montiert.  Produktma\u00dfe: H\u00f6he: 30 cm Tiefe: 32 cm Breite: 57 cm","og_url":"https:\/\/bokadesign.hr\/de\/produkt\/spielzeugbox-teddybar-rosa\/","og_site_name":"BOKA design","article_publisher":"https:\/\/www.facebook.com\/BOKA-design-1542571742626063","article_modified_time":"2023-04-21T11:19:27+00:00","og_image":[{"width":600,"height":600,"url":"https:\/\/bokadesign.hr\/wp-content\/uploads\/2020\/03\/Kutija-za-igra\u010dke-Medo-roza-1.jpg","type":"image\/jpeg"}],"twitter_card":"summary_large_image","twitter_misc":{"Gesch\u00e4tzte Lesezeit":"1\u00a0Minute"},"schema":{"@context":"https:\/\/schema.org","@graph":[{"@type":"WebPage","@id":"https:\/\/bokadesign.hr\/de\/produkt\/spielzeugbox-teddybar-rosa\/","url":"https:\/\/bokadesign.hr\/de\/produkt\/spielzeugbox-teddybar-rosa\/","name":"Spielzeugbox Teddyb\u00e4r ROSA - BOKA design","isPartOf":{"@id":"https:\/\/bokadesign.hr\/#website"},"datePublished":"2020-03-11T14:35:18+00:00","dateModified":"2023-04-21T11:19:27+00:00","breadcrumb":{"@id":"https:\/\/bokadesign.hr\/de\/produkt\/spielzeugbox-teddybar-rosa\/#breadcrumb"},"inLanguage":"de","potentialAction":[{"@type":"ReadAction","target":["https:\/\/bokadesign.hr\/de\/produkt\/spielzeugbox-teddybar-rosa\/"]}]},{"@type":"BreadcrumbList","@id":"https:\/\/bokadesign.hr\/de\/produkt\/spielzeugbox-teddybar-rosa\/#breadcrumb","itemListElement":[{"@type":"ListItem","position":1,"name":"Po\u010detna stranica","item":"https:\/\/bokadesign.hr\/de\/"},{"@type":"ListItem","position":2,"name":"Shop","item":"https:\/\/bokadesign.hr\/de\/geschaft\/"},{"@type":"ListItem","position":3,"name":"Spielzeugbox Teddyb\u00e4r ROSA"}]},{"@type":"WebSite","@id":"https:\/\/bokadesign.hr\/#website","url":"https:\/\/bokadesign.hr\/","name":"BOKA design","description":"Hand made wood products","publisher":{"@id":"https:\/\/bokadesign.hr\/#organization"},"potentialAction":[{"@type":"SearchAction","target":{"@type":"EntryPoint","urlTemplate":"https:\/\/bokadesign.hr\/?s={search_term_string}"},"query-input":"required name=search_term_string"}],"inLanguage":"de"},{"@type":"Organization","@id":"https:\/\/bokadesign.hr\/#organization","name":"BoKa design","url":"https:\/\/bokadesign.hr\/","logo":{"@type":"ImageObject","inLanguage":"de","@id":"https:\/\/bokadesign.hr\/#\/schema\/logo\/image\/","url":"https:\/\/bokadesign.hr\/wp-content\/uploads\/2020\/05\/boka_logo_final2-01.svg","contentUrl":"https:\/\/bokadesign.hr\/wp-content\/uploads\/2020\/05\/boka_logo_final2-01.svg","width":1,"height":1,"caption":"BoKa design"},"image":{"@id":"https:\/\/bokadesign.hr\/#\/schema\/logo\/image\/"},"sameAs":["https:\/\/www.facebook.com\/BOKA-design-1542571742626063","https:\/\/www.instagram.com\/boka.design_\/","https:\/\/www.linkedin.com\/company\/bokadesign\/"]}]}},"_links":{"self":[{"href":"https:\/\/bokadesign.hr\/de\/wp-json\/wp\/v2\/product\/6584","targetHints":{"allow":["GET"]}}],"collection":[{"href":"https:\/\/bokadesign.hr\/de\/wp-json\/wp\/v2\/product"}],"about":[{"href":"https:\/\/bokadesign.hr\/de\/wp-json\/wp\/v2\/types\/product"}],"replies":[{"embeddable":true,"href":"https:\/\/bokadesign.hr\/de\/wp-json\/wp\/v2\/comments?post=6584"}],"wp:featuredmedia":[{"embeddable":true,"href":"https:\/\/bokadesign.hr\/de\/wp-json\/wp\/v2\/media\/7368"}],"wp:attachment":[{"href":"https:\/\/bokadesign.hr\/de\/wp-json\/wp\/v2\/media?parent=6584"}],"wp:term":[{"taxonomy":"product_brand","embeddable":true,"href":"https:\/\/bokadesign.hr\/de\/wp-json\/wp\/v2\/product_brand?post=6584"},{"taxonomy":"product_cat","embeddable":true,"href":"https:\/\/bokadesign.hr\/de\/wp-json\/wp\/v2\/product_cat?post=6584"},{"taxonomy":"product_tag","embeddable":true,"href":"https:\/\/bokadesign.hr\/de\/wp-json\/wp\/v2\/product_tag?post=6584"}],"curies":[{"name":"wp","href":"https:\/\/api.w.org\/{rel}","templated":true}]}}